{"id":24,"date":"2024-11-27T23:01:39","date_gmt":"2024-11-27T23:01:39","guid":{"rendered":"https:\/\/www.ccta.ufpb.br\/belmus\/?page_id=24"},"modified":"2024-11-28T00:43:34","modified_gmt":"2024-11-28T00:43:34","slug":"contato","status":"publish","type":"page","link":"https:\/\/www.ccta.ufpb.br\/belmus\/contato\/","title":{"rendered":"Contato"},"content":{"rendered":"\n<p><strong>Hor\u00e1rio de atendimento da Coordenadora na SIAG<\/strong><\/p>\n\n\n\n<ol class=\"wp-block-list\"><\/ol>\n\n\n\n<p>&#8211; Segundas-feiras 16:00 \u00e0s 18:00<\/p>\n\n\n\n<p>&#8211; Quartas-feiras 08:00 \u00e0s 10:00<\/p>\n\n\n\n<p>&#8211; Sextas-feiras 14:00 \u00e0s 16:00<\/p>\n\n\n\n<p>E-mail da Coordena\u00e7\u00e3o <a href=\"mailto:ufpbmusbach2024@gmail.com\">ufpbmusbach2024@gmail.com<\/a><\/p>\n\n\n\n<ol class=\"wp-block-list\"><\/ol>\n\n\n\n<p>Fone Departamento de M\u00fasica \u2013 32167123<\/p>\n\n\n\n<p>Endere\u00e7o &#8211; Via Expressa Padre Z\u00e9, 41-171 &#8211; Conj. Pres. Castelo Branco III, Jo\u00e3o Pessoa &#8211; PB, 58050-425<\/p>\n\n\n\n<ol class=\"wp-block-list\"><\/ol>\n\n\n\n<ol class=\"wp-block-list\"><\/ol>\n\n\n\n<p><\/p>\n","protected":false},"excerpt":{"rendered":"<p>Hor\u00e1rio de atendimento da Coordenadora na SIAG &#8211; Segundas-feiras 16:00 \u00e0s 18:00 &#8211; Quartas-feiras 08:00 [&hellip;]<\/p>\n","protected":false},"author":47,"featured_media":0,"parent":0,"menu_order":0,"comment_status":"closed","ping_status":"closed","template":"","meta":{"footnotes":""},"class_list":["post-24","page","type-page","status-publish","hentry"],"_links":{"self":[{"href":"https:\/\/www.ccta.ufpb.br\/belmus\/wp-json\/wp\/v2\/pages\/24","targetHints":{"allow":["GET"]}}],"collection":[{"href":"https:\/\/www.ccta.ufpb.br\/belmus\/wp-json\/wp\/v2\/pages"}],"about":[{"href":"https:\/\/www.ccta.ufpb.br\/belmus\/wp-json\/wp\/v2\/types\/page"}],"author":[{"embeddable":true,"href":"https:\/\/www.ccta.ufpb.br\/belmus\/wp-json\/wp\/v2\/users\/47"}],"replies":[{"embeddable":true,"href":"https:\/\/www.ccta.ufpb.br\/belmus\/wp-json\/wp\/v2\/comments?post=24"}],"version-history":[{"count":2,"href":"https:\/\/www.ccta.ufpb.br\/belmus\/wp-json\/wp\/v2\/pages\/24\/revisions"}],"predecessor-version":[{"id":72,"href":"https:\/\/www.ccta.ufpb.br\/belmus\/wp-json\/wp\/v2\/pages\/24\/revisions\/72"}],"wp:attachment":[{"href":"https:\/\/www.ccta.ufpb.br\/belmus\/wp-json\/wp\/v2\/media?parent=24"}],"curies":[{"name":"wp","href":"https:\/\/api.w.org\/{rel}","templated":true}]}}