{"id":30,"date":"2024-11-27T23:02:04","date_gmt":"2024-11-27T23:02:04","guid":{"rendered":"https:\/\/www.ccta.ufpb.br\/belmus\/?page_id=30"},"modified":"2026-02-25T01:04:49","modified_gmt":"2026-02-25T04:04:49","slug":"apresentacao","status":"publish","type":"page","link":"https:\/\/www.ccta.ufpb.br\/belmus\/apresentacao\/","title":{"rendered":"Apresenta\u00e7\u00e3o"},"content":{"rendered":"\n<figure class=\"wp-block-image size-large\"><img loading=\"lazy\" decoding=\"async\" width=\"1024\" height=\"161\" src=\"http:\/\/www.ccta.ufpb.br\/belmus\/wp-content\/uploads\/sites\/102\/sites\/241\/2024\/11\/140f906c-2e8f-48dc-ad6c-8a7ebc670c1d-1024x161.jpg\" alt=\"\" class=\"wp-image-21\" srcset=\"https:\/\/www.ccta.ufpb.br\/belmus\/wp-content\/uploads\/sites\/102\/sites\/241\/2024\/11\/140f906c-2e8f-48dc-ad6c-8a7ebc670c1d-1024x161.jpg 1024w, https:\/\/www.ccta.ufpb.br\/belmus\/wp-content\/uploads\/sites\/102\/sites\/241\/2024\/11\/140f906c-2e8f-48dc-ad6c-8a7ebc670c1d-300x47.jpg 300w, https:\/\/www.ccta.ufpb.br\/belmus\/wp-content\/uploads\/sites\/102\/sites\/241\/2024\/11\/140f906c-2e8f-48dc-ad6c-8a7ebc670c1d-768x121.jpg 768w, https:\/\/www.ccta.ufpb.br\/belmus\/wp-content\/uploads\/sites\/102\/sites\/241\/2024\/11\/140f906c-2e8f-48dc-ad6c-8a7ebc670c1d-1536x242.jpg 1536w, https:\/\/www.ccta.ufpb.br\/belmus\/wp-content\/uploads\/sites\/102\/sites\/241\/2024\/11\/140f906c-2e8f-48dc-ad6c-8a7ebc670c1d.jpg 1600w\" sizes=\"auto, (max-width: 1024px) 100vw, 1024px\" \/><\/figure>\n\n\n\n<p class=\"has-text-align-left\">O Curso de Bacharelado em M\u00fasica da Universidade Federal da Para\u00edba (UFPB) \u00e9 um curso de excel\u00eancia &#8211; Conceito 5 na avalia\u00e7\u00e3o do MEC. Ao longo de d\u00e9cadas, vem formando instrumentistas, cantores, regentes e compositores, em n\u00edvel de excel\u00eancia, capazes de dialogar atrav\u00e9s de um amplo repert\u00f3rio, brasileiro e internacional, com diferentes p\u00fablicos e realidades culturais. O curso se destaca por integrar tradi\u00e7\u00e3o e inova\u00e7\u00e3o, sempre atentos \u00e0s necessidades do mercado, oferecendo a forma\u00e7\u00e3o necess\u00e1ria para triunfar no concorrido mundo do trabalho, como solista, integrante de orquestras, bandas, corais, grupos musicais, em produ\u00e7\u00f5es musicais, grava\u00e7\u00f5es, ensinando em universidades, conservat\u00f3rios, escolas especializadas, projetos sociais e culturais. Seus alunos e professores normalmente s\u00e3o premiados, e participam de festivais, conv\u00eanios e interc\u00e2mbios nacionais e internacionais. <\/p>\n\n\n\n<figure class=\"wp-block-video\"><video height=\"1080\" style=\"aspect-ratio: 1920 \/ 1080;\" width=\"1920\" controls src=\"http:\/\/www.ccta.ufpb.br\/belmus\/wp-content\/uploads\/sites\/102\/sites\/241\/2024\/12\/Producao-Bacharelado-em-Musica-UFPB.mp4\"><\/video><\/figure>\n","protected":false},"excerpt":{"rendered":"<p>O Curso de Bacharelado em M\u00fasica da Universidade Federal da Para\u00edba (UFPB), ao longo de d\u00e9cadas, vem formando m\u00fasicos e pesquisadores com uma s\u00f3lida base art\u00edstica, cient\u00edfica e tecnol\u00f3gica. Sempre atentos \u00e0s necessidades do mercado, prepara profissionais para atuar com excel\u00eancia nas \u00e1reas de Pr\u00e1ticas Interpretativas, Composi\u00e7\u00e3o e Reg\u00eancia.<br \/>\nO Curso de Bacharelado em M\u00fasica da Universidade Federal da Para\u00edba (UFPB), ao longo de d\u00e9cadas, vem formando m\u00fasicos e pesquisadores com uma s\u00f3lida base art\u00edstica, cient\u00edfica e tecnol\u00f3gica. Sempre atentos \u00e0s necessidades do mercado, prepara profissionais para atuar com excel\u00eancia nas \u00e1reas de Pr\u00e1ticas Interpretativas, Composi\u00e7\u00e3o e Reg\u00eancia.<\/p>\n","protected":false},"author":47,"featured_media":6,"parent":0,"menu_order":0,"comment_status":"closed","ping_status":"closed","template":"","meta":{"footnotes":""},"class_list":["post-30","page","type-page","status-publish","has-post-thumbnail","hentry"],"_links":{"self":[{"href":"https:\/\/www.ccta.ufpb.br\/belmus\/wp-json\/wp\/v2\/pages\/30","targetHints":{"allow":["GET"]}}],"collection":[{"href":"https:\/\/www.ccta.ufpb.br\/belmus\/wp-json\/wp\/v2\/pages"}],"about":[{"href":"https:\/\/www.ccta.ufpb.br\/belmus\/wp-json\/wp\/v2\/types\/page"}],"author":[{"embeddable":true,"href":"https:\/\/www.ccta.ufpb.br\/belmus\/wp-json\/wp\/v2\/users\/47"}],"replies":[{"embeddable":true,"href":"https:\/\/www.ccta.ufpb.br\/belmus\/wp-json\/wp\/v2\/comments?post=30"}],"version-history":[{"count":9,"href":"https:\/\/www.ccta.ufpb.br\/belmus\/wp-json\/wp\/v2\/pages\/30\/revisions"}],"predecessor-version":[{"id":264,"href":"https:\/\/www.ccta.ufpb.br\/belmus\/wp-json\/wp\/v2\/pages\/30\/revisions\/264"}],"wp:featuredmedia":[{"embeddable":true,"href":"https:\/\/www.ccta.ufpb.br\/belmus\/wp-json\/wp\/v2\/media\/6"}],"wp:attachment":[{"href":"https:\/\/www.ccta.ufpb.br\/belmus\/wp-json\/wp\/v2\/media?parent=30"}],"curies":[{"name":"wp","href":"https:\/\/api.w.org\/{rel}","templated":true}]}}