{"id":32,"date":"2024-11-27T23:08:11","date_gmt":"2024-11-27T23:08:11","guid":{"rendered":"https:\/\/www.ccta.ufpb.br\/belmus\/?page_id=32"},"modified":"2024-11-28T00:43:34","modified_gmt":"2024-11-28T00:43:34","slug":"legislacao","status":"publish","type":"page","link":"https:\/\/www.ccta.ufpb.br\/belmus\/legislacao\/","title":{"rendered":"Legisla\u00e7\u00e3o"},"content":{"rendered":"\n<div class=\"wp-block-file\"><a id=\"wp-block-file--media-8f0cf26c-feee-4e5a-aaba-9e2bac31ad6b\" href=\"https:\/\/www.ccta.ufpb.br\/belmus\/wp-content\/uploads\/sites\/102\/sites\/241\/2024\/11\/MEC-Certidao-de-Regularidade-Musica-Bacharelado-UFPB.pdf\">MEC- Certid\u00e3o de Regularidade M\u00fasica Bacharelado UFPB<\/a><a href=\"https:\/\/www.ccta.ufpb.br\/belmus\/wp-content\/uploads\/sites\/102\/sites\/241\/2024\/11\/MEC-Certidao-de-Regularidade-Musica-Bacharelado-UFPB.pdf\" class=\"wp-block-file__button wp-element-button\" download aria-describedby=\"wp-block-file--media-8f0cf26c-feee-4e5a-aaba-9e2bac31ad6b\">Baixar<\/a><\/div>\n\n\n\n<div class=\"wp-block-file\"><a id=\"wp-block-file--media-246f35da-7d40-4c6c-b65b-d3d6f3d10d56\" href=\"https:\/\/www.ccta.ufpb.br\/belmus\/wp-content\/uploads\/sites\/102\/sites\/241\/2024\/11\/DCN-de-Musica.pdf\">Diretrizes Curriculares Nacionais &#8211; Gradua\u00e7\u00e3o em M\u00fasica<\/a><a href=\"https:\/\/www.ccta.ufpb.br\/belmus\/wp-content\/uploads\/sites\/102\/sites\/241\/2024\/11\/DCN-de-Musica.pdf\" class=\"wp-block-file__button wp-element-button\" download aria-describedby=\"wp-block-file--media-246f35da-7d40-4c6c-b65b-d3d6f3d10d56\">Baixar<\/a><\/div>\n\n\n\n<div class=\"wp-block-file\"><a id=\"wp-block-file--media-8a0ee703-8654-401a-b0b7-4ef815fd2eeb\" href=\"https:\/\/www.ccta.ufpb.br\/belmus\/wp-content\/uploads\/sites\/102\/sites\/241\/2024\/11\/Resolucao-CONSEPE-No-29_2020-REGULAMENTO-GERAL-DA-GRADUACAO.pdf\">Resolu\u00e7\u00e3o CONSEPE N\u00ba 29\/2020 &#8211; Regulamenta\u00e7\u00e3o geral da Gradua\u00e7\u00e3o<\/a><a href=\"https:\/\/www.ccta.ufpb.br\/belmus\/wp-content\/uploads\/sites\/102\/sites\/241\/2024\/11\/Resolucao-CONSEPE-No-29_2020-REGULAMENTO-GERAL-DA-GRADUACAO.pdf\" class=\"wp-block-file__button wp-element-button\" download aria-describedby=\"wp-block-file--media-8a0ee703-8654-401a-b0b7-4ef815fd2eeb\">Baixar<\/a><\/div>\n\n\n\n<div class=\"wp-block-file\"><a id=\"wp-block-file--media-12bb43b4-24fc-4ad7-bb74-516a91dd9151\" href=\"https:\/\/www.ccta.ufpb.br\/belmus\/wp-content\/uploads\/sites\/102\/sites\/241\/2024\/11\/Projeto-Politico-Pedagogico-Bacharelado-Musica.pdf\">Projeto Pol\u00edtico Pedag\u00f3gico <\/a><a href=\"https:\/\/www.ccta.ufpb.br\/belmus\/wp-content\/uploads\/sites\/102\/sites\/241\/2024\/11\/Projeto-Politico-Pedagogico-Bacharelado-Musica.pdf\" class=\"wp-block-file__button wp-element-button\" download aria-describedby=\"wp-block-file--media-12bb43b4-24fc-4ad7-bb74-516a91dd9151\">Baixar<\/a><\/div>\n\n\n\n<div class=\"wp-block-file\"><a id=\"wp-block-file--media-df94d2a3-daaf-43c5-9800-fcae85d8a31e\" href=\"https:\/\/www.ccta.ufpb.br\/belmus\/wp-content\/uploads\/sites\/102\/sites\/241\/2024\/11\/Resolucao_do_Bacharelado_Musica_Conteudos_Flexiveis.pdf\">Resolu\u00e7\u00e3o do Bacharelado em M\u00fasica &#8211; Conte\u00fados Flex\u00edveis<\/a><a href=\"https:\/\/www.ccta.ufpb.br\/belmus\/wp-content\/uploads\/sites\/102\/sites\/241\/2024\/11\/Resolucao_do_Bacharelado_Musica_Conteudos_Flexiveis.pdf\" class=\"wp-block-file__button wp-element-button\" download aria-describedby=\"wp-block-file--media-df94d2a3-daaf-43c5-9800-fcae85d8a31e\">Baixar<\/a><\/div>\n\n\n\n<div class=\"wp-block-file\"><a id=\"wp-block-file--media-c28551f6-1bad-49bd-92a9-a67aa31611d2\" href=\"https:\/\/www.ccta.ufpb.br\/belmus\/wp-content\/uploads\/sites\/102\/sites\/241\/2024\/11\/Resolucao-Estagio-Supervisionado_Bacharelado-em-Musica.pdf\">Resolu\u00e7\u00e3o Est\u00e1gio Supervisionado<\/a><a href=\"https:\/\/www.ccta.ufpb.br\/belmus\/wp-content\/uploads\/sites\/102\/sites\/241\/2024\/11\/Resolucao-Estagio-Supervisionado_Bacharelado-em-Musica.pdf\" class=\"wp-block-file__button wp-element-button\" download aria-describedby=\"wp-block-file--media-c28551f6-1bad-49bd-92a9-a67aa31611d2\">Baixar<\/a><\/div>\n\n\n\n<div class=\"wp-block-file\"><a id=\"wp-block-file--media-4511577b-0ebe-464c-8fd6-74b2a16d6771\" href=\"https:\/\/www.ccta.ufpb.br\/belmus\/wp-content\/uploads\/sites\/102\/sites\/241\/2024\/11\/Resolucao__TCC_I_e_-TCC_II.pdf\">Resolu\u00e7\u00e3o TCC I e TCC II<\/a><a href=\"https:\/\/www.ccta.ufpb.br\/belmus\/wp-content\/uploads\/sites\/102\/sites\/241\/2024\/11\/Resolucao__TCC_I_e_-TCC_II.pdf\" class=\"wp-block-file__button wp-element-button\" download aria-describedby=\"wp-block-file--media-4511577b-0ebe-464c-8fd6-74b2a16d6771\">Baixar<\/a><\/div>\n\n\n\n<div class=\"wp-block-file\"><a id=\"wp-block-file--media-f7e2e430-6931-4eba-8bd0-42087779473e\" href=\"https:\/\/www.ccta.ufpb.br\/belmus\/wp-content\/uploads\/sites\/102\/sites\/241\/2024\/11\/Manual-do-Estudante-UFPB.pdf\">Manual do Estudante &#8211; UFPB<\/a><a href=\"https:\/\/www.ccta.ufpb.br\/belmus\/wp-content\/uploads\/sites\/102\/sites\/241\/2024\/11\/Manual-do-Estudante-UFPB.pdf\" class=\"wp-block-file__button wp-element-button\" download aria-describedby=\"wp-block-file--media-f7e2e430-6931-4eba-8bd0-42087779473e\">Baixar<\/a><\/div>\n\n\n\n<div class=\"wp-block-file\"><a id=\"wp-block-file--media-e164547c-0773-43b3-a99f-a1c7d95a4c25\" href=\"https:\/\/www.ccta.ufpb.br\/belmus\/wp-content\/uploads\/sites\/102\/sites\/241\/2024\/11\/Resolucao_do_Bacharelado_Musica_Conteudos_Flexiveis_2024.pdf\">Resolu\u00e7\u00e3o do Bacharelado M\u00fasica Conte\u00fados Flex\u00edveis 2024<\/a><a href=\"https:\/\/www.ccta.ufpb.br\/belmus\/wp-content\/uploads\/sites\/102\/sites\/241\/2024\/11\/Resolucao_do_Bacharelado_Musica_Conteudos_Flexiveis_2024.pdf\" class=\"wp-block-file__button wp-element-button\" download aria-describedby=\"wp-block-file--media-e164547c-0773-43b3-a99f-a1c7d95a4c25\">Baixar<\/a><\/div>\n\n\n\n<p><\/p>\n","protected":false},"excerpt":{"rendered":"","protected":false},"author":47,"featured_media":0,"parent":0,"menu_order":0,"comment_status":"closed","ping_status":"closed","template":"","meta":{"footnotes":""},"class_list":["post-32","page","type-page","status-publish","hentry"],"_links":{"self":[{"href":"https:\/\/www.ccta.ufpb.br\/belmus\/wp-json\/wp\/v2\/pages\/32","targetHints":{"allow":["GET"]}}],"collection":[{"href":"https:\/\/www.ccta.ufpb.br\/belmus\/wp-json\/wp\/v2\/pages"}],"about":[{"href":"https:\/\/www.ccta.ufpb.br\/belmus\/wp-json\/wp\/v2\/types\/page"}],"author":[{"embeddable":true,"href":"https:\/\/www.ccta.ufpb.br\/belmus\/wp-json\/wp\/v2\/users\/47"}],"replies":[{"embeddable":true,"href":"https:\/\/www.ccta.ufpb.br\/belmus\/wp-json\/wp\/v2\/comments?post=32"}],"version-history":[{"count":5,"href":"https:\/\/www.ccta.ufpb.br\/belmus\/wp-json\/wp\/v2\/pages\/32\/revisions"}],"predecessor-version":[{"id":92,"href":"https:\/\/www.ccta.ufpb.br\/belmus\/wp-json\/wp\/v2\/pages\/32\/revisions\/92"}],"wp:attachment":[{"href":"https:\/\/www.ccta.ufpb.br\/belmus\/wp-json\/wp\/v2\/media?parent=32"}],"curies":[{"name":"wp","href":"https:\/\/api.w.org\/{rel}","templated":true}]}}