{"id":55,"date":"2024-11-27T23:15:24","date_gmt":"2024-11-27T23:15:24","guid":{"rendered":"https:\/\/www.ccta.ufpb.br\/belmus\/?page_id=55"},"modified":"2026-02-25T01:22:04","modified_gmt":"2026-02-25T04:22:04","slug":"sobre-o-curso","status":"publish","type":"page","link":"https:\/\/www.ccta.ufpb.br\/belmus\/sobre-o-curso\/","title":{"rendered":"Sobre o curso"},"content":{"rendered":"\n<p><strong>O BACHARELADO EM M\u00daSICA &#8211; PR\u00c1TICAS INTERPRETATIVAS <\/strong>\u00e9 um curso avaliado com a nota m\u00e1xima 05 pelo MEC. Ele forma instrumentistas, cantores, regentes e compositores, dedicados ao fazer musical para alcan\u00e7ar a excel\u00eancia, capazes de dialogar atrav\u00e9s de um amplo repert\u00f3rio, brasileiro e internacional, com diferentes p\u00fablicos e realidades culturais. O curso \u00e9 pr\u00e1tico e oferece a forma\u00e7\u00e3o necess\u00e1ria para triunfar no concorrido mundo do trabalho, como solista, integrante de orquestras, bandas, corais, grupos musicais, em produ\u00e7\u00f5es musicais, grava\u00e7\u00f5es, ensinando em universidades, conservat\u00f3rios, escolas especializadas, projetos sociais e culturais. Seus alunos e professores normalmente s\u00e3o premiados, e participam de festivais, conv\u00eanios e interc\u00e2mbios nacionais e internacionais.<\/p>\n\n\n\n<div class=\"wp-block-file\"><a id=\"wp-block-file--media-243018bd-aa16-4ffb-8595-72576f40d2fb\" href=\"https:\/\/www.ccta.ufpb.br\/belmus\/wp-content\/uploads\/sites\/102\/sites\/241\/2024\/11\/1-INSTRUMENTO-E-CANTO.pdf\">Fluxograma &#8211; Instrumento e Canto<\/a><a href=\"https:\/\/www.ccta.ufpb.br\/belmus\/wp-content\/uploads\/sites\/102\/sites\/241\/2024\/11\/1-INSTRUMENTO-E-CANTO.pdf\" class=\"wp-block-file__button wp-element-button\" download aria-describedby=\"wp-block-file--media-243018bd-aa16-4ffb-8595-72576f40d2fb\">Baixar<\/a><\/div>\n\n\n\n<div class=\"wp-block-file\"><a id=\"wp-block-file--media-45857bfb-55ea-403c-9507-fcf5a24a5910\" href=\"https:\/\/www.ccta.ufpb.br\/belmus\/wp-content\/uploads\/sites\/102\/sites\/241\/2024\/11\/2-REGENCIA.pdf\">Fluxograma &#8211; Reg\u00eancia<\/a><a href=\"https:\/\/www.ccta.ufpb.br\/belmus\/wp-content\/uploads\/sites\/102\/sites\/241\/2024\/11\/2-REGENCIA.pdf\" class=\"wp-block-file__button wp-element-button\" download aria-describedby=\"wp-block-file--media-45857bfb-55ea-403c-9507-fcf5a24a5910\">Baixar<\/a><\/div>\n\n\n\n<div class=\"wp-block-file\"><a id=\"wp-block-file--media-36ab254f-94f0-46b3-8f86-153be64cf37d\" href=\"https:\/\/www.ccta.ufpb.br\/belmus\/wp-content\/uploads\/sites\/102\/sites\/241\/2024\/11\/3-COMPOSICAO.pdf\">Fluxograma &#8211; Composi\u00e7\u00e3o<\/a><a href=\"https:\/\/www.ccta.ufpb.br\/belmus\/wp-content\/uploads\/sites\/102\/sites\/241\/2024\/11\/3-COMPOSICAO.pdf\" class=\"wp-block-file__button wp-element-button\" download aria-describedby=\"wp-block-file--media-36ab254f-94f0-46b3-8f86-153be64cf37d\">Baixar<\/a><\/div>\n","protected":false},"excerpt":{"rendered":"<p>O BACHARELADO EM M\u00daSICA &#8211; PR\u00c1TICAS INTERPRETATIVAS \u00e9 um curso avaliado com a nota m\u00e1xima [&hellip;]<\/p>\n","protected":false},"author":47,"featured_media":0,"parent":0,"menu_order":0,"comment_status":"closed","ping_status":"closed","template":"","meta":{"footnotes":""},"class_list":["post-55","page","type-page","status-publish","hentry"],"_links":{"self":[{"href":"https:\/\/www.ccta.ufpb.br\/belmus\/wp-json\/wp\/v2\/pages\/55","targetHints":{"allow":["GET"]}}],"collection":[{"href":"https:\/\/www.ccta.ufpb.br\/belmus\/wp-json\/wp\/v2\/pages"}],"about":[{"href":"https:\/\/www.ccta.ufpb.br\/belmus\/wp-json\/wp\/v2\/types\/page"}],"author":[{"embeddable":true,"href":"https:\/\/www.ccta.ufpb.br\/belmus\/wp-json\/wp\/v2\/users\/47"}],"replies":[{"embeddable":true,"href":"https:\/\/www.ccta.ufpb.br\/belmus\/wp-json\/wp\/v2\/comments?post=55"}],"version-history":[{"count":4,"href":"https:\/\/www.ccta.ufpb.br\/belmus\/wp-json\/wp\/v2\/pages\/55\/revisions"}],"predecessor-version":[{"id":272,"href":"https:\/\/www.ccta.ufpb.br\/belmus\/wp-json\/wp\/v2\/pages\/55\/revisions\/272"}],"wp:attachment":[{"href":"https:\/\/www.ccta.ufpb.br\/belmus\/wp-json\/wp\/v2\/media?parent=55"}],"curies":[{"name":"wp","href":"https:\/\/api.w.org\/{rel}","templated":true}]}}