{"id":29,"date":"2025-02-17T14:31:17","date_gmt":"2025-02-17T17:31:17","guid":{"rendered":"https:\/\/www.ccta.ufpb.br\/demus\/?page_id=29"},"modified":"2026-02-25T19:23:22","modified_gmt":"2026-02-25T22:23:22","slug":"secretaria","status":"publish","type":"page","link":"https:\/\/www.ccta.ufpb.br\/demus\/secretaria\/","title":{"rendered":"Secretaria"},"content":{"rendered":"\n<p><strong>Departamento de M\u00fasica<\/strong> <\/p>\n\n\n\n<p>Contato: 83-3216-7123<\/p>\n\n\n\n<p>Email: demus@ccta.ufpb.br<\/p>\n\n\n\n<p><strong>Chefe do departamento<\/strong><\/p>\n\n\n\n<p>Cisneiro Soares de Andrade<strong><\/strong><\/p>\n\n\n\n<p class=\" \"><strong>Vice-chefe do departamento<\/strong><br>Harue Tanaka<\/p>\n\n\n\n<p class=\" \">&nbsp;<strong>Servidores T\u00e9cnico-Administrativos<\/strong><\/p>\n\n\n\n<p>Edicarlos dos Santos &#8211; assistente em administra\u00e7\u00e3o<\/p>\n\n\n\n<p>Email: demus.secretaria@gmail.com<\/p>\n\n\n\n<p><strong>Coordena\u00e7\u00e3o do Bacharelado em M\u00fasica<\/strong><\/p>\n\n\n\n<p>Maria da Concei\u00e7\u00e3o Gico Casado Benck<\/p>\n\n\n\n<p><strong>Coordena\u00e7\u00e3o de Extens\u00e3o<\/strong><\/p>\n\n\n\n<p>Carlos Roberto Ferreira dos Santos<\/p>\n\n\n\n<p>Contato: 83-3216-7011<\/p>\n\n\n\n<p>Maricelia Ribeiro Pereira &nbsp;&#8211; assistente em administra\u00e7\u00e3o<\/p>\n\n\n\n<p>Ros\u00e2ngela Coelho &#8211; assistente em administra\u00e7\u00e3o<\/p>\n\n\n\n<p><strong>Biblioteca Setorial&nbsp;Prof. Jos\u00e9 Alberto Kaplan<\/strong><\/p>\n\n\n\n<p>Fernando Luiz Pereira de Brito &#8211; assistente em administra\u00e7\u00e3o<\/p>\n","protected":false},"excerpt":{"rendered":"<p>Departamento de M\u00fasica Contato: 83-3216-7123 Email: demus@ccta.ufpb.br Chefe do departamento Cisneiro Soares de Andrade Vice-chefe [&hellip;]<\/p>\n","protected":false},"author":47,"featured_media":0,"parent":0,"menu_order":0,"comment_status":"closed","ping_status":"closed","template":"","meta":{"footnotes":""},"class_list":["post-29","page","type-page","status-publish","hentry"],"_links":{"self":[{"href":"https:\/\/www.ccta.ufpb.br\/demus\/wp-json\/wp\/v2\/pages\/29","targetHints":{"allow":["GET"]}}],"collection":[{"href":"https:\/\/www.ccta.ufpb.br\/demus\/wp-json\/wp\/v2\/pages"}],"about":[{"href":"https:\/\/www.ccta.ufpb.br\/demus\/wp-json\/wp\/v2\/types\/page"}],"author":[{"embeddable":true,"href":"https:\/\/www.ccta.ufpb.br\/demus\/wp-json\/wp\/v2\/users\/47"}],"replies":[{"embeddable":true,"href":"https:\/\/www.ccta.ufpb.br\/demus\/wp-json\/wp\/v2\/comments?post=29"}],"version-history":[{"count":6,"href":"https:\/\/www.ccta.ufpb.br\/demus\/wp-json\/wp\/v2\/pages\/29\/revisions"}],"predecessor-version":[{"id":154,"href":"https:\/\/www.ccta.ufpb.br\/demus\/wp-json\/wp\/v2\/pages\/29\/revisions\/154"}],"wp:attachment":[{"href":"https:\/\/www.ccta.ufpb.br\/demus\/wp-json\/wp\/v2\/media?parent=29"}],"curies":[{"name":"wp","href":"https:\/\/api.w.org\/{rel}","templated":true}]}}