{"id":42,"date":"2025-02-17T14:39:22","date_gmt":"2025-02-17T17:39:22","guid":{"rendered":"https:\/\/www.ccta.ufpb.br\/demus\/?page_id=42"},"modified":"2025-02-17T15:04:01","modified_gmt":"2025-02-17T18:04:01","slug":"artesanato-furioso","status":"publish","type":"page","link":"https:\/\/www.ccta.ufpb.br\/demus\/conjuntos-instrumentais\/artesanato-furioso\/","title":{"rendered":"Artesanato Furioso"},"content":{"rendered":"\n<figure class=\"wp-block-image size-full is-resized\"><img loading=\"lazy\" decoding=\"async\" width=\"400\" height=\"400\" src=\"https:\/\/www.ccta.ufpb.br\/demus\/wp-content\/uploads\/sites\/102\/sites\/261\/2025\/02\/Artesanato.jpeg\" alt=\"\" class=\"wp-image-43\" style=\"width:392px;height:auto\" srcset=\"https:\/\/www.ccta.ufpb.br\/demus\/wp-content\/uploads\/sites\/102\/sites\/261\/2025\/02\/Artesanato.jpeg 400w, https:\/\/www.ccta.ufpb.br\/demus\/wp-content\/uploads\/sites\/102\/sites\/261\/2025\/02\/Artesanato-300x300.jpeg 300w, https:\/\/www.ccta.ufpb.br\/demus\/wp-content\/uploads\/sites\/102\/sites\/261\/2025\/02\/Artesanato-150x150.jpeg 150w\" sizes=\"auto, (max-width: 400px) 100vw, 400px\" \/><\/figure>\n\n\n\n<p><\/p>\n\n\n\n<p>Depois de passar, desde 2000, por diversas forma\u00e7\u00f5es, contando com a colabora\u00e7\u00e3o de artistas de diversas \u00e1reas, o Artesanato Furioso hoje se encontra vinculado \u00e0 UFPB como um projeto interdisciplinar cuja \u00eanfase \u00e9 o estudo em desterritorializa\u00e7\u00e3o da performance. \u00c9 interdisciplinar porque tal \u00eanfase implica, no ponto de vista do grupo, aportes de \u00e1reas perform\u00e1ticas afins tais como as artes c\u00eanicas, dan\u00e7a, cinema, artes visuais e etc.<br>Desde 2012 o Artesanato Furioso tem desenvolvido sistematicamente concertos envolvendo m\u00fasica experimental de \u201calto risco\u201d, abordando obras raras do repert\u00f3rio da New York School (Cage, Feldman, Brown e Wolff) pouco executadas no Brasil, prepara\u00e7\u00e3o e estr\u00e9ias de obras de membros do pr\u00f3prio grupo: docentes, alunos de gradua\u00e7\u00e3o, mestrado e doutorado vinculados ao PPGM\/UFPB e de parceiros eventuais sediados em outros estados, promovendo interc\u00e2mbios bastante estimulantes em torno da tem\u00e1tica principalmente na regi\u00e3o Nordeste do Brasil.<br>O compromisso do Artesanato Furioso com a pr\u00e1tica interpretativa est\u00e1 pautado na id\u00e9ia de um fazer musical livre de qualquer premissa formal. No \u00e2mbito metodol\u00f3gico, qualquer par\u00e2metro musical apresenta-se como coisa problem\u00e1tica no sentido em que necessita de adequa\u00e7\u00e3o a uma situa\u00e7\u00e3o necessariamente contingente. \u00c9 na busca por uma m\u00fasica acontecimento que se desenvolvem as estrat\u00e9gias notacionais, diretivas, filos\u00f3ficas, instrumentais, organol\u00f3gicas, perform\u00e1ticas, art\u00edsticas do grupo que adota a id\u00e9ia de Deriva como mote principal de suas produ\u00e7\u00f5es.<\/p>\n\n\n\n<p>Coordenador: Val\u00e9rio Fiel da Costa<\/p>\n","protected":false},"excerpt":{"rendered":"<p>Depois de passar, desde 2000, por diversas forma\u00e7\u00f5es, contando com a colabora\u00e7\u00e3o de artistas de [&hellip;]<\/p>\n","protected":false},"author":47,"featured_media":0,"parent":40,"menu_order":0,"comment_status":"closed","ping_status":"closed","template":"","meta":{"footnotes":""},"class_list":["post-42","page","type-page","status-publish","hentry"],"_links":{"self":[{"href":"https:\/\/www.ccta.ufpb.br\/demus\/wp-json\/wp\/v2\/pages\/42","targetHints":{"allow":["GET"]}}],"collection":[{"href":"https:\/\/www.ccta.ufpb.br\/demus\/wp-json\/wp\/v2\/pages"}],"about":[{"href":"https:\/\/www.ccta.ufpb.br\/demus\/wp-json\/wp\/v2\/types\/page"}],"author":[{"embeddable":true,"href":"https:\/\/www.ccta.ufpb.br\/demus\/wp-json\/wp\/v2\/users\/47"}],"replies":[{"embeddable":true,"href":"https:\/\/www.ccta.ufpb.br\/demus\/wp-json\/wp\/v2\/comments?post=42"}],"version-history":[{"count":1,"href":"https:\/\/www.ccta.ufpb.br\/demus\/wp-json\/wp\/v2\/pages\/42\/revisions"}],"predecessor-version":[{"id":44,"href":"https:\/\/www.ccta.ufpb.br\/demus\/wp-json\/wp\/v2\/pages\/42\/revisions\/44"}],"up":[{"embeddable":true,"href":"https:\/\/www.ccta.ufpb.br\/demus\/wp-json\/wp\/v2\/pages\/40"}],"wp:attachment":[{"href":"https:\/\/www.ccta.ufpb.br\/demus\/wp-json\/wp\/v2\/media?parent=42"}],"curies":[{"name":"wp","href":"https:\/\/api.w.org\/{rel}","templated":true}]}}