{"id":45,"date":"2025-02-17T14:40:15","date_gmt":"2025-02-17T17:40:15","guid":{"rendered":"https:\/\/www.ccta.ufpb.br\/demus\/?page_id=45"},"modified":"2025-02-17T15:04:01","modified_gmt":"2025-02-17T18:04:01","slug":"artesan-trio","status":"publish","type":"page","link":"https:\/\/www.ccta.ufpb.br\/demus\/conjuntos-instrumentais\/artesan-trio\/","title":{"rendered":"Artesan Trio"},"content":{"rendered":"\n<p>O ArtesanTrio explora o repert\u00f3rio de seus respectivos instrumentos nas mais diversas forma\u00e7\u00f5es.<\/p>\n\n\n\n<p>O&nbsp;<em>ArtesanTrio<\/em>&nbsp;\u00e9 fruto da constante colabora\u00e7\u00e3o camer\u00edstica dos tr\u00eas int\u00e9rpretes que, ao longo dos anos, v\u00eam explorando o repert\u00f3rio de seus respectivos instrumentos nas mais diversas forma\u00e7\u00f5es. O grupo \u00e9 formado por&nbsp;docentes do Departamento e M\u00fasica da UFPB e tem o prop\u00f3sito de explorar e ampliar o repert\u00f3rio para violino, violoncelo e piano.<\/p>\n\n\n\n<p><strong>Sandra Cabral de Aquino,&nbsp;<\/strong>violinista, \u00e9 Bacharel em M\u00fasica pela UFPB&nbsp;e Mestre pela Eastman School of Music (Rochester\/Nova York \u2013 EUA). Seus professores incluem Yerko Tabilo, Sally O&#8217;Reilly, Lynn Blakleslee, al\u00e9m da renomada pedagoga Camilla Wicks. Fez tamb\u00e9m especializa\u00e7\u00e3o na Louisiana State University, em cujo per\u00edodo foi violinista da Baton Rouge Symphony Orchestra. Atualmente \u00e9 professora de violino e m\u00fasica de c\u00e2mara do Departamento de M\u00fasica da UFPB. Sandra Aquino \u00e9 violinista fundadora do&nbsp;<em>Artesan Trio<\/em>, juntamente com o violoncelista Felipe Avellar de Aquino e o pianista Jos\u00e9 Henrique Martins, com os quais tem se apresentado em Festivais e realizado grava\u00e7\u00f5es.<\/p>\n\n\n\n<p>O violoncelista&nbsp;<strong>Felipe Avellar de Aquino<\/strong>&nbsp;\u00e9 formado em m\u00fasica pela UFPB, realizou&nbsp; Mestrado na Louisiana State University&nbsp; e Doutorado na Eastman School of Music (Nova York). Seus professores incluem Alan Harris, Marcy Rosen, Dennis Parker e Nelson Campos.&nbsp;\u00c9 professor&nbsp;associado do Departamento de M\u00fasica da UFPB, aonde leciona Violoncelo e M\u00fasica de C\u00e2mera. Apresentou concertos e Master-Classes no Brasil, EUA e Canad\u00e1 e tem publicado artigos na Revista \u201cThe Strad\u201d (Inglaterra).<\/p>\n\n\n\n<p><strong>Jos\u00e9 Henrique Martins<\/strong>&nbsp;graduou-se em piano na Escola de M\u00fasica e Belas Artes do Paran\u00e1, tem Mestrado em M\u00fasica pela Universidade Federal do Rio Grande do Sul e Doutorado em M\u00fasica na&nbsp;<em>Boston University<\/em>.&nbsp; Estudou com Henriqueta Garcez Duarte, J. Alberto Kaplan,&nbsp; Cristina Capparelli, Anthony di Bonaventura e Maria Clodes Jaguaribe.&nbsp; Desde 1983 vem desenvolvendo intensa atividade em recitais solo e de m\u00fasica de c\u00e2mara, tendo se apresentado em importantes cidades do pa\u00eds, al\u00e9m de pa\u00edses como Portugal e Estados Unidos. Atualmente, \u00e9 professor do Curso de Bacharelado em M\u00fasica e do Programa de P\u00f3s-Gradua\u00e7\u00e3o em M\u00fasica da Universidade Federal da Para\u00edba.&nbsp;<\/p>\n","protected":false},"excerpt":{"rendered":"<p>O ArtesanTrio explora o repert\u00f3rio de seus respectivos instrumentos nas mais diversas forma\u00e7\u00f5es. O&nbsp;ArtesanTrio&nbsp;\u00e9 fruto [&hellip;]<\/p>\n","protected":false},"author":47,"featured_media":0,"parent":40,"menu_order":0,"comment_status":"closed","ping_status":"closed","template":"","meta":{"footnotes":""},"class_list":["post-45","page","type-page","status-publish","hentry"],"_links":{"self":[{"href":"https:\/\/www.ccta.ufpb.br\/demus\/wp-json\/wp\/v2\/pages\/45","targetHints":{"allow":["GET"]}}],"collection":[{"href":"https:\/\/www.ccta.ufpb.br\/demus\/wp-json\/wp\/v2\/pages"}],"about":[{"href":"https:\/\/www.ccta.ufpb.br\/demus\/wp-json\/wp\/v2\/types\/page"}],"author":[{"embeddable":true,"href":"https:\/\/www.ccta.ufpb.br\/demus\/wp-json\/wp\/v2\/users\/47"}],"replies":[{"embeddable":true,"href":"https:\/\/www.ccta.ufpb.br\/demus\/wp-json\/wp\/v2\/comments?post=45"}],"version-history":[{"count":1,"href":"https:\/\/www.ccta.ufpb.br\/demus\/wp-json\/wp\/v2\/pages\/45\/revisions"}],"predecessor-version":[{"id":46,"href":"https:\/\/www.ccta.ufpb.br\/demus\/wp-json\/wp\/v2\/pages\/45\/revisions\/46"}],"up":[{"embeddable":true,"href":"https:\/\/www.ccta.ufpb.br\/demus\/wp-json\/wp\/v2\/pages\/40"}],"wp:attachment":[{"href":"https:\/\/www.ccta.ufpb.br\/demus\/wp-json\/wp\/v2\/media?parent=45"}],"curies":[{"name":"wp","href":"https:\/\/api.w.org\/{rel}","templated":true}]}}