{"id":47,"date":"2025-02-17T14:41:22","date_gmt":"2025-02-17T17:41:22","guid":{"rendered":"https:\/\/www.ccta.ufpb.br\/demus\/?page_id=47"},"modified":"2025-02-17T15:04:01","modified_gmt":"2025-02-17T18:04:01","slug":"banda-aquariana","status":"publish","type":"page","link":"https:\/\/www.ccta.ufpb.br\/demus\/conjuntos-instrumentais\/banda-aquariana\/","title":{"rendered":"Banda Aquariana"},"content":{"rendered":"\n<figure class=\"wp-block-image size-full\"><img loading=\"lazy\" decoding=\"async\" width=\"748\" height=\"420\" src=\"https:\/\/www.ccta.ufpb.br\/demus\/wp-content\/uploads\/sites\/102\/sites\/261\/2025\/02\/Aquariana.jpeg\" alt=\"\" class=\"wp-image-50\" srcset=\"https:\/\/www.ccta.ufpb.br\/demus\/wp-content\/uploads\/sites\/102\/sites\/261\/2025\/02\/Aquariana.jpeg 748w, https:\/\/www.ccta.ufpb.br\/demus\/wp-content\/uploads\/sites\/102\/sites\/261\/2025\/02\/Aquariana-300x168.jpeg 300w\" sizes=\"auto, (max-width: 748px) 100vw, 748px\" \/><\/figure>\n\n\n\n<p>Fundada em 2017, a banda AQUARIANA, cujo nome homenageia o maestro Sivuca, m\u00fasico que tanto contribuiu para o cen\u00e1rio da m\u00fasica brasileira e mundial, tem como objetivo difundir a m\u00fasica instrumental atrav\u00e9s de composi\u00e7\u00f5es autorais de seus integrantes, como tamb\u00e9m de interpretar obras da literatura musical brasileira, sob uma nova \u00f3ptica de arranjos. Na sua forma\u00e7\u00e3o a banda \u201cAquariana\u201d conta com a experi\u00eancia de m\u00fasicos conceituados e que atuam h\u00e1 bastante tempo juntos, trazendo tamb\u00e9m uma nova safra de m\u00fasicos talentosos que vem surgindo no cen\u00e1rio da m\u00fasica paraibana.&nbsp; Essa mistura da experi\u00eancia com a juventude, caracteriza o som da banda AQUARIANA, sempre preocupados com o n\u00edvel t\u00e9cnico\/interpretativo na execu\u00e7\u00e3o do seu repert\u00f3rio procurando atingir o m\u00e1ximo poss\u00edvel na sua performance. A banda AQUARIANA \u00e9 formada por professores, alunos e ex-alunos da UFPB (Universidade Federal da Para\u00edba) e traz na sua forma\u00e7\u00e3o os seguintes m\u00fasicos: Renan Rezende na flauta, Arimateia Ver\u00edssimo \u201cTeinha\u201d, Marcelo Vilor, Heleno Feitosa \u201cCostinha\u201d, Rodrigo Marques nos saxofones, Sabiano Ara\u00fajo e Marlon Barros nos trombones, Emanoel Barros, Fernando Alves e Juli\u00e1n S\u00e1nchez nos Trompetes, Anderson Mariano na guitarra, Xisto Medeiros no baixo e Saulo Soares na bateria.<\/p>\n\n\n\n<p><strong>Coordenador:<\/strong><\/p>\n\n\n\n<p>Heleno Feitosa Costa Filho<\/p>\n\n\n\n<p><strong>Instagram:<br><a href=\"https:\/\/www.instagram.com\/bandaaquariana\/\" target=\"_blank\" rel=\"noreferrer noopener\">@bandaaquariana<\/a><\/strong><\/p>\n\n\n\n<p><strong>Facebook:<\/strong><\/p>\n\n\n\n<p><strong><a href=\"https:\/\/www.facebook.com\/bandaaquariana\" target=\"_blank\" rel=\"noreferrer noopener\">Banda Aquariana<\/a><\/strong><\/p>\n\n\n\n<p><strong>YouTube:<\/strong><\/p>\n\n\n\n<p><strong><a href=\"https:\/\/www.youtube.com\/channel\/UCFcHpUuj4CxZK3954jOggdw\" target=\"_blank\" rel=\"noreferrer noopener\">Banda Aquariana<\/a><\/strong><\/p>\n\n\n\n<p><strong>Abaixo, assista o v\u00eddeo da m\u00fasica &#8220;Forr\u00f3 pra hoje&#8221; (Emanoel Barros):<br><\/strong><\/p>\n\n\n\n<figure class=\"wp-block-embed is-type-rich is-provider-incorporar-manipulador wp-block-embed-incorporar-manipulador wp-embed-aspect-16-9 wp-has-aspect-ratio\"><div class=\"wp-block-embed__wrapper\">\n<iframe loading=\"lazy\" title=\"Banda Aquariana - Forr\u00f3 pra hoje (+ entrevista Dennis Bulh\u00f5es)\" width=\"500\" height=\"281\" src=\"https:\/\/www.youtube.com\/embed\/q6JWkcKXj6I?feature=oembed\" frameborder=\"0\" allow=\"accelerometer; autoplay; clipboard-write; encrypted-media; gyroscope; picture-in-picture; web-share\" referrerpolicy=\"strict-origin-when-cross-origin\" allowfullscreen><\/iframe>\n<\/div><\/figure>\n\n\n\n<p>Ou\u00e7a aqui o \u00e1lbum Alguidar Brasileiro, gravado em dezembro de 2018 pela Banda Aquariana e lan\u00e7ado em 2020 em diversas plataformas digitais de streaming de \u00e1udio:<\/p>\n\n\n\n<figure class=\"wp-block-embed is-type-rich is-provider-incorporar-manipulador wp-block-embed-incorporar-manipulador wp-embed-aspect-4-3 wp-has-aspect-ratio\"><div class=\"wp-block-embed__wrapper\">\n<iframe loading=\"lazy\" title=\"Banda Aquariana - Alguidar Brasileiro (completo)\" width=\"500\" height=\"375\" src=\"https:\/\/www.youtube.com\/embed\/FwqraDpVFo4?feature=oembed\" frameborder=\"0\" allow=\"accelerometer; autoplay; clipboard-write; encrypted-media; gyroscope; picture-in-picture; web-share\" referrerpolicy=\"strict-origin-when-cross-origin\" allowfullscreen><\/iframe>\n<\/div><\/figure>\n","protected":false},"excerpt":{"rendered":"<p>Fundada em 2017, a banda AQUARIANA, cujo nome homenageia o maestro Sivuca, m\u00fasico que tanto [&hellip;]<\/p>\n","protected":false},"author":47,"featured_media":0,"parent":40,"menu_order":0,"comment_status":"closed","ping_status":"closed","template":"","meta":{"footnotes":""},"class_list":["post-47","page","type-page","status-publish","hentry"],"_links":{"self":[{"href":"https:\/\/www.ccta.ufpb.br\/demus\/wp-json\/wp\/v2\/pages\/47","targetHints":{"allow":["GET"]}}],"collection":[{"href":"https:\/\/www.ccta.ufpb.br\/demus\/wp-json\/wp\/v2\/pages"}],"about":[{"href":"https:\/\/www.ccta.ufpb.br\/demus\/wp-json\/wp\/v2\/types\/page"}],"author":[{"embeddable":true,"href":"https:\/\/www.ccta.ufpb.br\/demus\/wp-json\/wp\/v2\/users\/47"}],"replies":[{"embeddable":true,"href":"https:\/\/www.ccta.ufpb.br\/demus\/wp-json\/wp\/v2\/comments?post=47"}],"version-history":[{"count":1,"href":"https:\/\/www.ccta.ufpb.br\/demus\/wp-json\/wp\/v2\/pages\/47\/revisions"}],"predecessor-version":[{"id":51,"href":"https:\/\/www.ccta.ufpb.br\/demus\/wp-json\/wp\/v2\/pages\/47\/revisions\/51"}],"up":[{"embeddable":true,"href":"https:\/\/www.ccta.ufpb.br\/demus\/wp-json\/wp\/v2\/pages\/40"}],"wp:attachment":[{"href":"https:\/\/www.ccta.ufpb.br\/demus\/wp-json\/wp\/v2\/media?parent=47"}],"curies":[{"name":"wp","href":"https:\/\/api.w.org\/{rel}","templated":true}]}}