{"id":54,"date":"2025-02-17T14:42:17","date_gmt":"2025-02-17T17:42:17","guid":{"rendered":"https:\/\/www.ccta.ufpb.br\/demus\/?page_id=54"},"modified":"2025-02-17T15:04:01","modified_gmt":"2025-02-17T18:04:01","slug":"cellos-de-camara","status":"publish","type":"page","link":"https:\/\/www.ccta.ufpb.br\/demus\/conjuntos-instrumentais\/cellos-de-camara\/","title":{"rendered":"Cellos de C\u00e2mara"},"content":{"rendered":"\n<p>Orquestra de violoncelos formada por alunos de violoncelo dos cursos de extens\u00e3o e gradua\u00e7\u00e3o da UFPB<\/p>\n\n\n\n<p>Atividade de extens\u00e3o coordenada pelo Prof. Felipe Avellar de Aquino que criou, no final do ano 2000, &nbsp;o grupo<em>Cellos de C\u00e2mara<\/em>,uma orquestra de violoncelos ligada \u00e0 UFPB.&nbsp; O conjunto \u00e9 formada por alunos de violoncelo dos cursos de extens\u00e3o e gradua\u00e7\u00e3o deste Departamento, que se apresentam ao lado de seus &nbsp;professores.&nbsp; O grupo&nbsp;<em>Cellos de C\u00e2mara<\/em>&nbsp;al\u00e9m de proporcionar a pr\u00e1tica camer\u00edstica, visa tamb\u00e9m difundir o violoncelo e realizar um trabalho de forma\u00e7\u00e3o de plat\u00e9ia.&nbsp; A versatilidade do conjunto tem permitido ao grupo se apresentar dentro do campus da UFPB, bem como realizar concertos did\u00e1ticos em escolas das redes p\u00fablica e privada da grande Jo\u00e3o Pessoa.<\/p>\n","protected":false},"excerpt":{"rendered":"<p>Orquestra de violoncelos formada por alunos de violoncelo dos cursos de extens\u00e3o e gradua\u00e7\u00e3o da [&hellip;]<\/p>\n","protected":false},"author":47,"featured_media":0,"parent":40,"menu_order":0,"comment_status":"closed","ping_status":"closed","template":"","meta":{"footnotes":""},"class_list":["post-54","page","type-page","status-publish","hentry"],"_links":{"self":[{"href":"https:\/\/www.ccta.ufpb.br\/demus\/wp-json\/wp\/v2\/pages\/54","targetHints":{"allow":["GET"]}}],"collection":[{"href":"https:\/\/www.ccta.ufpb.br\/demus\/wp-json\/wp\/v2\/pages"}],"about":[{"href":"https:\/\/www.ccta.ufpb.br\/demus\/wp-json\/wp\/v2\/types\/page"}],"author":[{"embeddable":true,"href":"https:\/\/www.ccta.ufpb.br\/demus\/wp-json\/wp\/v2\/users\/47"}],"replies":[{"embeddable":true,"href":"https:\/\/www.ccta.ufpb.br\/demus\/wp-json\/wp\/v2\/comments?post=54"}],"version-history":[{"count":1,"href":"https:\/\/www.ccta.ufpb.br\/demus\/wp-json\/wp\/v2\/pages\/54\/revisions"}],"predecessor-version":[{"id":55,"href":"https:\/\/www.ccta.ufpb.br\/demus\/wp-json\/wp\/v2\/pages\/54\/revisions\/55"}],"up":[{"embeddable":true,"href":"https:\/\/www.ccta.ufpb.br\/demus\/wp-json\/wp\/v2\/pages\/40"}],"wp:attachment":[{"href":"https:\/\/www.ccta.ufpb.br\/demus\/wp-json\/wp\/v2\/media?parent=54"}],"curies":[{"name":"wp","href":"https:\/\/api.w.org\/{rel}","templated":true}]}}