{"id":56,"date":"2025-02-17T14:42:56","date_gmt":"2025-02-17T17:42:56","guid":{"rendered":"https:\/\/www.ccta.ufpb.br\/demus\/?page_id=56"},"modified":"2026-03-01T10:36:47","modified_gmt":"2026-03-01T13:36:47","slug":"grupo-de-flautas-da-ufpb","status":"publish","type":"page","link":"https:\/\/www.ccta.ufpb.br\/demus\/conjuntos-instrumentais\/grupo-de-flautas-da-ufpb\/","title":{"rendered":"Grupo de Flautas da UFPB"},"content":{"rendered":"\n<p>O Grupo de Flautas da UFPB foi criado h\u00e1 5 anos e \u00e9 coordenado pela Profa. Dra. M\u00aa da Concei\u00e7\u00e3o Benck. Ele conta com a participa\u00e7\u00e3o de discentes dos Cursos de Bacharelado e Licenciatura em M\u00fasica da UFPB, docentes, funcion\u00e1rios e colaboradores externos. As atividades do grupo priorizam a forma\u00e7\u00e3o profissional e cidad\u00e3, atrav\u00e9s da pr\u00e1tica instrumental e da forma\u00e7\u00e3o de plateias de m\u00fasica nos diversos contextos sociais (congressos, hospitais, igrejas, escolas,&#8230;). O projeto ainda objetiva estimular novas composi\u00e7\u00f5es para o repert\u00f3rio para essa forma\u00e7\u00e3o. Em 2018, o Grupo se apresentou entre os 18 trabalhos nacionalmente selecionados, no VI Congresso da ABRAPEM &#8211; Associa\u00e7\u00e3o Brasileira de Performance Musical. Com um repert\u00f3rio bastante ecl\u00e9tico, utiliza-se da versatilidade dos instrumentos da fam\u00edlia da flauta transversal, com ou sem acompanhamento (viol\u00e3o, contrabaixo, percuss\u00e3o),&nbsp; para transitar do erudito ao popular: m\u00fasica de concerto, choro, bossa nova, m\u00fasica armorial, dentre outros.<br><\/p>\n\n\n\n<p>Coordena\u00e7\u00e3o:<\/p>\n\n\n\n<p>Profa. Dra. Maria da Concei\u00e7\u00e3o Benck<\/p>\n","protected":false},"excerpt":{"rendered":"<p>O Grupo de Flautas da UFPB foi criado h\u00e1 5 anos e \u00e9 coordenado pela [&hellip;]<\/p>\n","protected":false},"author":47,"featured_media":0,"parent":40,"menu_order":0,"comment_status":"closed","ping_status":"closed","template":"","meta":{"footnotes":""},"class_list":["post-56","page","type-page","status-publish","hentry"],"_links":{"self":[{"href":"https:\/\/www.ccta.ufpb.br\/demus\/wp-json\/wp\/v2\/pages\/56","targetHints":{"allow":["GET"]}}],"collection":[{"href":"https:\/\/www.ccta.ufpb.br\/demus\/wp-json\/wp\/v2\/pages"}],"about":[{"href":"https:\/\/www.ccta.ufpb.br\/demus\/wp-json\/wp\/v2\/types\/page"}],"author":[{"embeddable":true,"href":"https:\/\/www.ccta.ufpb.br\/demus\/wp-json\/wp\/v2\/users\/47"}],"replies":[{"embeddable":true,"href":"https:\/\/www.ccta.ufpb.br\/demus\/wp-json\/wp\/v2\/comments?post=56"}],"version-history":[{"count":3,"href":"https:\/\/www.ccta.ufpb.br\/demus\/wp-json\/wp\/v2\/pages\/56\/revisions"}],"predecessor-version":[{"id":162,"href":"https:\/\/www.ccta.ufpb.br\/demus\/wp-json\/wp\/v2\/pages\/56\/revisions\/162"}],"up":[{"embeddable":true,"href":"https:\/\/www.ccta.ufpb.br\/demus\/wp-json\/wp\/v2\/pages\/40"}],"wp:attachment":[{"href":"https:\/\/www.ccta.ufpb.br\/demus\/wp-json\/wp\/v2\/media?parent=56"}],"curies":[{"name":"wp","href":"https:\/\/api.w.org\/{rel}","templated":true}]}}