{"id":61,"date":"2025-02-17T14:45:49","date_gmt":"2025-02-17T17:45:49","guid":{"rendered":"https:\/\/www.ccta.ufpb.br\/demus\/?page_id=61"},"modified":"2025-02-17T15:04:02","modified_gmt":"2025-02-17T18:04:02","slug":"grupo-iamaka","status":"publish","type":"page","link":"https:\/\/www.ccta.ufpb.br\/demus\/conjuntos-instrumentais\/grupo-iamaka\/","title":{"rendered":"Grupo Iamak\u00e1"},"content":{"rendered":"\n<p>IAMAK\u00c1 \u00e9 um grupo musical dedicado ao repert\u00f3rio de obras renascentistas e contempor\u00e2neas<\/p>\n\n\n\n<figure class=\"wp-block-image size-large\"><img loading=\"lazy\" decoding=\"async\" width=\"1024\" height=\"781\" src=\"https:\/\/www.ccta.ufpb.br\/demus\/wp-content\/uploads\/sites\/102\/sites\/261\/2025\/02\/Iamak01-1024x781.jpg\" alt=\"\" class=\"wp-image-62\" srcset=\"https:\/\/www.ccta.ufpb.br\/demus\/wp-content\/uploads\/sites\/102\/sites\/261\/2025\/02\/Iamak01-1024x781.jpg 1024w, https:\/\/www.ccta.ufpb.br\/demus\/wp-content\/uploads\/sites\/102\/sites\/261\/2025\/02\/Iamak01-300x229.jpg 300w, https:\/\/www.ccta.ufpb.br\/demus\/wp-content\/uploads\/sites\/102\/sites\/261\/2025\/02\/Iamak01-768x586.jpg 768w, https:\/\/www.ccta.ufpb.br\/demus\/wp-content\/uploads\/sites\/102\/sites\/261\/2025\/02\/Iamak01.jpg 1113w\" sizes=\"auto, (max-width: 1024px) 100vw, 1024px\" \/><\/figure>\n\n\n\n<p>Ligado ao Departamento de M\u00fasica do Centro de Comunica\u00e7\u00e3o, Turismo e Artes (CCTA) da Universidade Federal da Para\u00edba (UFPB), em Jo\u00e3o Pessoa, e contando com a participa\u00e7\u00e3o de professores do Instituto Federal da Para\u00edba (IFPB), al\u00e9m de artistas aut\u00f4nomos, o IAMAK\u00c1 desenvolve um trabalho que abrange, com ineditismo, os dois extremos da m\u00fasica ocidental: de um lado a m\u00fasica antiga, em novos arranjos e roupagens, e de outro a contempor\u00e2nea, com \u00eanfase em compositores brasileiros, envolvendo canto e instrumentos. Al\u00e9m dos instrumentos tradicionais, como violino, violoncelo e viol\u00e3o, outros s\u00e3o utilizados pelo grupo, como marimbau, percuss\u00f5es diversas e flautas doces, dentre essas uma flauta contrabaixo com dois metros de altura. Atuando desde 2012, o Iamak\u00e1 j\u00e1 se apresentou em importantes eventos, incluindo o Festival de Inverno de Garanhuns, o Festival Paraibano de Coros, o Festival de Flauta Doce (Campina Grande); o Circuito nas Igrejas \u2013 A Mat\u00e9ria do Sonho; o I Circuito Cultural Universit\u00e1rio Internacional; o Festival Internacional Virtuosi S\u00e9culo XXI (Recife \u2013 PE); IV Festival Internacional de M\u00fasica de Jo\u00e3o Pessoa.<\/p>\n\n\n\n<div class=\"wp-block-media-text is-stacked-on-mobile\" style=\"grid-template-columns:56% auto\"><figure class=\"wp-block-media-text__media\"><img loading=\"lazy\" decoding=\"async\" width=\"400\" height=\"229\" src=\"https:\/\/www.ccta.ufpb.br\/demus\/wp-content\/uploads\/sites\/102\/sites\/261\/2025\/02\/4b2f0ca6-33b1-42dc-9451-6b0a357e072c.jpeg\" alt=\"\" class=\"wp-image-63 size-full\" srcset=\"https:\/\/www.ccta.ufpb.br\/demus\/wp-content\/uploads\/sites\/102\/sites\/261\/2025\/02\/4b2f0ca6-33b1-42dc-9451-6b0a357e072c.jpeg 400w, https:\/\/www.ccta.ufpb.br\/demus\/wp-content\/uploads\/sites\/102\/sites\/261\/2025\/02\/4b2f0ca6-33b1-42dc-9451-6b0a357e072c-300x172.jpeg 300w\" sizes=\"auto, (max-width: 400px) 100vw, 400px\" \/><\/figure><div class=\"wp-block-media-text__content\">\n<p><a href=\"https:\/\/www.facebook.com\/MariaJulianaCantora\" target=\"_blank\" rel=\"noreferrer noopener\">Christiane<\/a>\u00a0Alves\u00a0\u2013 soprano<br><a href=\"https:\/\/www.facebook.com\/profile.php?id=100008326878100\" target=\"_blank\" rel=\"noreferrer noopener\">Micherlon Franca<\/a>\u00a0&#8211; bar\u00edtono<br>Marco Barcelos &#8211; flauta doce<br><a href=\"https:\/\/www.facebook.com\/profile.php?id=629288716\" target=\"_blank\" rel=\"noreferrer noopener\">Eli-Eri Moura<\/a>\u00a0&#8211; flauta doce<br><a href=\"https:\/\/www.facebook.com\/anacarolina.petrus\" target=\"_blank\" rel=\"noreferrer noopener\">Izadora Fran\u00e7a<\/a>\u00a0&#8211; violino<br>Teresa Cristina Rodrigues &#8211; violoncelo<br><a href=\"https:\/\/www.facebook.com\/conan.mendes\" target=\"_blank\" rel=\"noreferrer noopener\">Conan Mendes<\/a>\u00a0&#8211; cordas dedilhadas<\/p>\n<\/div><\/div>\n\n\n\n<figure class=\"wp-block-gallery has-nested-images columns-default is-cropped wp-block-gallery-1 is-layout-flex wp-block-gallery-is-layout-flex\">\n<figure class=\"wp-block-image size-large is-style-default\"><img loading=\"lazy\" decoding=\"async\" width=\"687\" height=\"513\" data-id=\"65\" src=\"https:\/\/www.ccta.ufpb.br\/demus\/wp-content\/uploads\/sites\/102\/sites\/261\/2025\/02\/cc0197bd-b7e2-459c-b94e-37c808a789d7.jpeg\" alt=\"\" class=\"wp-image-65\" srcset=\"https:\/\/www.ccta.ufpb.br\/demus\/wp-content\/uploads\/sites\/102\/sites\/261\/2025\/02\/cc0197bd-b7e2-459c-b94e-37c808a789d7.jpeg 687w, https:\/\/www.ccta.ufpb.br\/demus\/wp-content\/uploads\/sites\/102\/sites\/261\/2025\/02\/cc0197bd-b7e2-459c-b94e-37c808a789d7-300x224.jpeg 300w\" sizes=\"auto, (max-width: 687px) 100vw, 687px\" \/><\/figure>\n\n\n\n<figure class=\"wp-block-image size-large\"><img loading=\"lazy\" decoding=\"async\" width=\"748\" height=\"498\" data-id=\"64\" src=\"https:\/\/www.ccta.ufpb.br\/demus\/wp-content\/uploads\/sites\/102\/sites\/261\/2025\/02\/da8c1599-2e35-48aa-ab67-d94d21f55148.jpeg\" alt=\"\" class=\"wp-image-64\" srcset=\"https:\/\/www.ccta.ufpb.br\/demus\/wp-content\/uploads\/sites\/102\/sites\/261\/2025\/02\/da8c1599-2e35-48aa-ab67-d94d21f55148.jpeg 748w, https:\/\/www.ccta.ufpb.br\/demus\/wp-content\/uploads\/sites\/102\/sites\/261\/2025\/02\/da8c1599-2e35-48aa-ab67-d94d21f55148-300x200.jpeg 300w\" sizes=\"auto, (max-width: 748px) 100vw, 748px\" \/><\/figure>\n<\/figure>\n","protected":false},"excerpt":{"rendered":"<p>IAMAK\u00c1 \u00e9 um grupo musical dedicado ao repert\u00f3rio de obras renascentistas e contempor\u00e2neas Ligado ao [&hellip;]<\/p>\n","protected":false},"author":47,"featured_media":0,"parent":40,"menu_order":0,"comment_status":"closed","ping_status":"closed","template":"","meta":{"footnotes":""},"class_list":["post-61","page","type-page","status-publish","hentry"],"_links":{"self":[{"href":"https:\/\/www.ccta.ufpb.br\/demus\/wp-json\/wp\/v2\/pages\/61","targetHints":{"allow":["GET"]}}],"collection":[{"href":"https:\/\/www.ccta.ufpb.br\/demus\/wp-json\/wp\/v2\/pages"}],"about":[{"href":"https:\/\/www.ccta.ufpb.br\/demus\/wp-json\/wp\/v2\/types\/page"}],"author":[{"embeddable":true,"href":"https:\/\/www.ccta.ufpb.br\/demus\/wp-json\/wp\/v2\/users\/47"}],"replies":[{"embeddable":true,"href":"https:\/\/www.ccta.ufpb.br\/demus\/wp-json\/wp\/v2\/comments?post=61"}],"version-history":[{"count":3,"href":"https:\/\/www.ccta.ufpb.br\/demus\/wp-json\/wp\/v2\/pages\/61\/revisions"}],"predecessor-version":[{"id":69,"href":"https:\/\/www.ccta.ufpb.br\/demus\/wp-json\/wp\/v2\/pages\/61\/revisions\/69"}],"up":[{"embeddable":true,"href":"https:\/\/www.ccta.ufpb.br\/demus\/wp-json\/wp\/v2\/pages\/40"}],"wp:attachment":[{"href":"https:\/\/www.ccta.ufpb.br\/demus\/wp-json\/wp\/v2\/media?parent=61"}],"curies":[{"name":"wp","href":"https:\/\/api.w.org\/{rel}","templated":true}]}}