{"id":70,"date":"2025-02-17T14:48:48","date_gmt":"2025-02-17T17:48:48","guid":{"rendered":"https:\/\/www.ccta.ufpb.br\/demus\/?page_id=70"},"modified":"2025-02-17T15:04:02","modified_gmt":"2025-02-17T18:04:02","slug":"orquestra-sinfonica-da-ufpb","status":"publish","type":"page","link":"https:\/\/www.ccta.ufpb.br\/demus\/conjuntos-instrumentais\/orquestra-sinfonica-da-ufpb\/","title":{"rendered":"Orquestra Sinf\u00f4nica da UFPB"},"content":{"rendered":"\n<p>A Orquestra Sinf\u00f4nica da Universidade Federal da Para\u00edba \u2013 OSUFPB estreou em 06 de abril de 2013, sob a reg\u00eancia do maestro Gustavo Paco de Gea. No ano seguinte passou a ter o maestro Marcos Arakaki como seu primeiro regente titular, permanecendo por dois anos. Na temporada 2016 a orquestra tem se apresentado em concertos sem regente ou com regentes convidados.<\/p>\n\n\n\n<p>Ao surgir, a OSUFPB inaugurou uma nova era na cena sinf\u00f4nica do estado da Para\u00edba, pois cumpria finalidades acad\u00eamicas, estimulando a rela\u00e7\u00e3o pedag\u00f3gica entre professores e alunos, contribuindo ainda para a forma\u00e7\u00e3o de plateia e para dar escoamento aos projetos da \u00e1rea de m\u00fasica da UFPB, tanto no campo da performance como de composi\u00e7\u00e3o e musicologia.<\/p>\n\n\n\n<p>Ao atender a esses princ\u00edpios educacionais, a OSUFPB cumpre um papel diferenciado, pois, al\u00e9m de trabalhar com pe\u00e7as da tradi\u00e7\u00e3o orquestral, tamb\u00e9m se d\u00e1 aos fins de pesquisa, executando obras in\u00e9ditas ou de cunho experimental, que n\u00e3o atendem aos interesses mercadol\u00f3gicos. Desta forma, ad\u00e9qua-se&nbsp;&nbsp;aos prop\u00f3sitos b\u00e1sicos da universidade, que s\u00e3o de criar, desenvolver e divulgar o conhecimento para a sociedade.<\/p>\n\n\n\n<p>Ligada ao LAMUSI \u2013 Laborat\u00f3rio de M\u00fasica Aplicada do Centro de Comunica\u00e7\u00e3o, Turismo e Artes da UFPB, a OSUFPB tem a Sala Radegundis Feitosa como sua sede oficial. A orquestra conta&nbsp;hoje com dezesseis m\u00fasicos contratados, al\u00e9m da participa\u00e7\u00e3o eventual de professores e alunos dos Departamentos de M\u00fasica e Educa\u00e7\u00e3o Musical da UFPB, podendo envolver ainda colaboradores volunt\u00e1rios.<\/p>\n\n\n\n<p>A OSUFPB \u00e9 coordenada pelo Prof. Dr. Ulisses Silva, que tamb\u00e9m ensina viola no Departamento de M\u00fasica da UFPB.<\/p>\n\n\n\n<p><\/p>\n","protected":false},"excerpt":{"rendered":"<p>A Orquestra Sinf\u00f4nica da Universidade Federal da Para\u00edba \u2013 OSUFPB estreou em 06 de abril [&hellip;]<\/p>\n","protected":false},"author":47,"featured_media":0,"parent":40,"menu_order":0,"comment_status":"closed","ping_status":"closed","template":"","meta":{"footnotes":""},"class_list":["post-70","page","type-page","status-publish","hentry"],"_links":{"self":[{"href":"https:\/\/www.ccta.ufpb.br\/demus\/wp-json\/wp\/v2\/pages\/70","targetHints":{"allow":["GET"]}}],"collection":[{"href":"https:\/\/www.ccta.ufpb.br\/demus\/wp-json\/wp\/v2\/pages"}],"about":[{"href":"https:\/\/www.ccta.ufpb.br\/demus\/wp-json\/wp\/v2\/types\/page"}],"author":[{"embeddable":true,"href":"https:\/\/www.ccta.ufpb.br\/demus\/wp-json\/wp\/v2\/users\/47"}],"replies":[{"embeddable":true,"href":"https:\/\/www.ccta.ufpb.br\/demus\/wp-json\/wp\/v2\/comments?post=70"}],"version-history":[{"count":1,"href":"https:\/\/www.ccta.ufpb.br\/demus\/wp-json\/wp\/v2\/pages\/70\/revisions"}],"predecessor-version":[{"id":71,"href":"https:\/\/www.ccta.ufpb.br\/demus\/wp-json\/wp\/v2\/pages\/70\/revisions\/71"}],"up":[{"embeddable":true,"href":"https:\/\/www.ccta.ufpb.br\/demus\/wp-json\/wp\/v2\/pages\/40"}],"wp:attachment":[{"href":"https:\/\/www.ccta.ufpb.br\/demus\/wp-json\/wp\/v2\/media?parent=70"}],"curies":[{"name":"wp","href":"https:\/\/api.w.org\/{rel}","templated":true}]}}