{"id":72,"date":"2025-02-17T14:49:55","date_gmt":"2025-02-17T17:49:55","guid":{"rendered":"https:\/\/www.ccta.ufpb.br\/demus\/?page_id=72"},"modified":"2025-02-17T15:04:02","modified_gmt":"2025-02-17T18:04:02","slug":"quarteto-de-violas","status":"publish","type":"page","link":"https:\/\/www.ccta.ufpb.br\/demus\/conjuntos-instrumentais\/quarteto-de-violas\/","title":{"rendered":"Quarteto de Violas"},"content":{"rendered":"\n<p>Grupo formado por alunos de viola voltado a explora\u00e7\u00e3o do repert\u00f3rio escrito para essa forma\u00e7\u00e3o.<\/p>\n\n\n\n<figure class=\"wp-block-image size-full is-resized\"><img loading=\"lazy\" decoding=\"async\" width=\"230\" height=\"129\" src=\"https:\/\/www.ccta.ufpb.br\/demus\/wp-content\/uploads\/sites\/102\/sites\/261\/2025\/02\/be637998-9bfa-4492-b1b5-28a95d5db26b.jpeg\" alt=\"\" class=\"wp-image-73\" style=\"width:155px;height:auto\"\/><\/figure>\n\n\n\n<figure class=\"wp-block-image\"><img decoding=\"async\" src=\"http:\/\/plone.ufpb.br\/demus\/contents\/imagens\/UFPBViolaQuartetinconcertontheOpeningCeremony2.JPG\/@@images\/2ae3b389-3109-46d7-ae22-f423c3e5f302.jpeg\" alt=\"Quarteto Viola 5\" title=\"Quarteto Viola 5\"\/><\/figure>\n\n\n\n<p>O QUARTETO DE VIOLAS DA UFPB foi formado pelo professor de viola Ulisses Silva em 2015 com o objetivo de explorar o repert\u00f3rio escrito para quartetos de viola. O recital inaugural aconteceu na Sala Radegundis Feitosa na UFPB em outubro do mesmo ano. Al\u00e9m de recitais em salas de concertos, o grupo, formado por alunos do curso de bacharelado em viola, tamb\u00e9m desenvolve atividades de extens\u00e3o durante o ano letivo e se apresenta em escolas, hospitais e asilos. Em outubro de 2015 o grupo se apresentou na abertura do I Encontro Nacional de Violistas realizado pela Associa\u00e7\u00e3o Brasileira de Violistas (ABRAV) na UFPB.<br><br>Contato:&nbsp;<a href=\"mailto:ulisilva@gmail.com\">ulisilva@gmail.com<\/a>&nbsp;<\/p>\n","protected":false},"excerpt":{"rendered":"<p>Grupo formado por alunos de viola voltado a explora\u00e7\u00e3o do repert\u00f3rio escrito para essa forma\u00e7\u00e3o. [&hellip;]<\/p>\n","protected":false},"author":47,"featured_media":0,"parent":40,"menu_order":0,"comment_status":"closed","ping_status":"closed","template":"","meta":{"footnotes":""},"class_list":["post-72","page","type-page","status-publish","hentry"],"_links":{"self":[{"href":"https:\/\/www.ccta.ufpb.br\/demus\/wp-json\/wp\/v2\/pages\/72","targetHints":{"allow":["GET"]}}],"collection":[{"href":"https:\/\/www.ccta.ufpb.br\/demus\/wp-json\/wp\/v2\/pages"}],"about":[{"href":"https:\/\/www.ccta.ufpb.br\/demus\/wp-json\/wp\/v2\/types\/page"}],"author":[{"embeddable":true,"href":"https:\/\/www.ccta.ufpb.br\/demus\/wp-json\/wp\/v2\/users\/47"}],"replies":[{"embeddable":true,"href":"https:\/\/www.ccta.ufpb.br\/demus\/wp-json\/wp\/v2\/comments?post=72"}],"version-history":[{"count":1,"href":"https:\/\/www.ccta.ufpb.br\/demus\/wp-json\/wp\/v2\/pages\/72\/revisions"}],"predecessor-version":[{"id":74,"href":"https:\/\/www.ccta.ufpb.br\/demus\/wp-json\/wp\/v2\/pages\/72\/revisions\/74"}],"up":[{"embeddable":true,"href":"https:\/\/www.ccta.ufpb.br\/demus\/wp-json\/wp\/v2\/pages\/40"}],"wp:attachment":[{"href":"https:\/\/www.ccta.ufpb.br\/demus\/wp-json\/wp\/v2\/media?parent=72"}],"curies":[{"name":"wp","href":"https:\/\/api.w.org\/{rel}","templated":true}]}}