{"id":20,"date":"2025-12-22T14:11:56","date_gmt":"2025-12-22T14:11:56","guid":{"rendered":"https:\/\/www.ccta.ufpb.br\/clm\/?page_id=20"},"modified":"2026-02-24T01:01:22","modified_gmt":"2026-02-24T01:01:22","slug":"documentos-importantes","status":"publish","type":"page","link":"https:\/\/www.ccta.ufpb.br\/musicalicenciatura\/documentos-importantes\/","title":{"rendered":"Documentos Importantes"},"content":{"rendered":"\n<p>Nesta se\u00e7\u00e3o, voc\u00ea encontra os principais documentos que orientam o Curso de Licenciatura em M\u00fasica. Reunimos aqui normas, regulamentos, projetos pedag\u00f3gicos, formul\u00e1rios e demais materiais oficiais que ajudam a esclarecer procedimentos acad\u00eamicos, direitos e deveres, est\u00e1gios, atividades complementares e fluxos administrativos. Consulte sempre que precisar de refer\u00eancia r\u00e1pida e segura para planejar sua trajet\u00f3ria no curso e resolver demandas do dia a dia.<\/p>\n\n\n\n<ul class=\"wp-block-list\">\n<li><a href=\"https:\/\/drive.google.com\/file\/d\/1M9GgbenRAyCoJPmU0pETW8AgMubDaRoI\/view?usp=sharing\">Projeto Pedag\u00f3gico do Curso de Licenciatura em M\u00fasica da UFPB<\/a><\/li>\n<\/ul>\n\n\n\n<p><\/p>\n","protected":false},"excerpt":{"rendered":"<p>Nesta se\u00e7\u00e3o, voc\u00ea encontra os principais documentos que orientam o Curso de Licenciatura em M\u00fasica. [&hellip;]<\/p>\n","protected":false},"author":47,"featured_media":0,"parent":0,"menu_order":0,"comment_status":"closed","ping_status":"closed","template":"","meta":{"footnotes":""},"class_list":["post-20","page","type-page","status-publish","hentry"],"_links":{"self":[{"href":"https:\/\/www.ccta.ufpb.br\/musicalicenciatura\/wp-json\/wp\/v2\/pages\/20","targetHints":{"allow":["GET"]}}],"collection":[{"href":"https:\/\/www.ccta.ufpb.br\/musicalicenciatura\/wp-json\/wp\/v2\/pages"}],"about":[{"href":"https:\/\/www.ccta.ufpb.br\/musicalicenciatura\/wp-json\/wp\/v2\/types\/page"}],"author":[{"embeddable":true,"href":"https:\/\/www.ccta.ufpb.br\/musicalicenciatura\/wp-json\/wp\/v2\/users\/47"}],"replies":[{"embeddable":true,"href":"https:\/\/www.ccta.ufpb.br\/musicalicenciatura\/wp-json\/wp\/v2\/comments?post=20"}],"version-history":[{"count":3,"href":"https:\/\/www.ccta.ufpb.br\/musicalicenciatura\/wp-json\/wp\/v2\/pages\/20\/revisions"}],"predecessor-version":[{"id":56,"href":"https:\/\/www.ccta.ufpb.br\/musicalicenciatura\/wp-json\/wp\/v2\/pages\/20\/revisions\/56"}],"wp:attachment":[{"href":"https:\/\/www.ccta.ufpb.br\/musicalicenciatura\/wp-json\/wp\/v2\/media?parent=20"}],"curies":[{"name":"wp","href":"https:\/\/api.w.org\/{rel}","templated":true}]}}