{"id":13,"date":"2025-02-17T11:42:55","date_gmt":"2025-02-17T11:42:55","guid":{"rendered":"https:\/\/www.ccta.ufpb.br\/objorsemiarido\/?page_id=13"},"modified":"2025-02-21T10:50:03","modified_gmt":"2025-02-21T13:50:03","slug":"apresentacao","status":"publish","type":"page","link":"https:\/\/www.ccta.ufpb.br\/objorsemiarido\/apresentacao\/","title":{"rendered":"Apresenta\u00e7\u00e3o"},"content":{"rendered":"\n<p>Criado em 2013, o Grupo de Pesquisa em Jornalismo, G\u00eanero e Educomunica\u00e7\u00e3o objetiva fortalecer a forma\u00e7\u00e3o de novos pesquisadores, ampliar a experi\u00eancia docente no desenvolvimento de projetos de investiga\u00e7\u00e3o.<\/p>\n\n\n\n<p>Levamos em considera\u00e7\u00e3o as transforma\u00e7\u00f5es pelas quais tem passado o campo da comunica\u00e7\u00e3o, em especial o Jornalismo, a muta\u00e7\u00e3o de suas rotinas produtivas, as narrativas sobre o real e sua rela\u00e7\u00e3o com a sociedade.<\/p>\n\n\n\n<p>Nossa perspectiva \u00e9 atuar de forma interdisciplinar objetivando compreender melhor as pr\u00e1ticas jornal\u00edsticas no S\u00e9culo XXI a partir das seguintes interfaces:<\/p>\n\n\n\n<ul class=\"wp-block-list\">\n<li>Jornalismo, Desenvolvimento e Cidadania no Semi\u00e1rido Brasileiro;<\/li>\n\n\n\n<li>G\u00eanero-M\u00eddia;<\/li>\n\n\n\n<li>Comunica\u00e7\u00e3o e Sa\u00fade<\/li>\n\n\n\n<li>Educomunica\u00e7\u00e3o.<\/li>\n\n\n\n<li>Jornalismo e Justi\u00e7a Clim\u00e1tico<\/li>\n<\/ul>\n\n\n\n<p>Acreditamos que esses eixos de investiga\u00e7\u00e3o fazem parte do percurso de trabalho desse Grupo na busca por fortalecer um conhecimento sobre as mudan\u00e7as ocorridas na natureza das pr\u00e1ticas jornal\u00edsticas tendo em vista o desenvolvimento intenso e crescente dos processos de midiatiza\u00e7\u00e3o.<\/p>\n\n\n\n<p>No \u00e2mbito do Grupo de Pesquisa, foi implementado o Observat\u00f3rio do Jornalismo no Semi\u00e1rido no intuito de analisar e criticar a abordagem dos meios de comunica\u00e7\u00e3o sobre o Semi\u00e1rido Brasileiro. Ressaltamos, neste sentido, a import\u00e2ncia dos observat\u00f3rios de m\u00eddia como agente de incentivo \u00e0 reflex\u00e3o e \u00e0 participa\u00e7\u00e3o da sociedade em prol da democratiza\u00e7\u00e3o dos processos comunicativos.<\/p>\n\n\n\n<p>Vale ressaltar que estamos cadastrados no Diret\u00f3rio dos Grupos de Pesquisa na Plataforma Lattes do CNPq, mais informa\u00e7\u00f5es neste&nbsp;<a href=\"http:\/\/dgp.cnpq.br\/dgp\/espelhogrupo\/38784\" target=\"_blank\" rel=\"noreferrer noopener\">link<\/a>.<\/p>\n","protected":false},"excerpt":{"rendered":"<p>Criado em 2013, o Grupo de Pesquisa em Jornalismo, G\u00eanero e Educomunica\u00e7\u00e3o objetiva fortalecer a forma\u00e7\u00e3o de novos pesquisadores, ampliar a experi\u00eancia docente no desenvolvimento de projetos de investiga\u00e7\u00e3o. Levamos em considera\u00e7\u00e3o as transforma\u00e7\u00f5es pelas quais tem passado o campo da comunica\u00e7\u00e3o, em especial o Jornalismo, a muta\u00e7\u00e3o de suas rotinas produtivas, as narrativas sobre o real e sua rela\u00e7\u00e3o com a sociedade.<\/p>\n","protected":false},"author":47,"featured_media":14,"parent":0,"menu_order":0,"comment_status":"closed","ping_status":"closed","template":"","meta":{"footnotes":""},"class_list":["post-13","page","type-page","status-publish","has-post-thumbnail","hentry"],"_links":{"self":[{"href":"https:\/\/www.ccta.ufpb.br\/objorsemiarido\/wp-json\/wp\/v2\/pages\/13","targetHints":{"allow":["GET"]}}],"collection":[{"href":"https:\/\/www.ccta.ufpb.br\/objorsemiarido\/wp-json\/wp\/v2\/pages"}],"about":[{"href":"https:\/\/www.ccta.ufpb.br\/objorsemiarido\/wp-json\/wp\/v2\/types\/page"}],"author":[{"embeddable":true,"href":"https:\/\/www.ccta.ufpb.br\/objorsemiarido\/wp-json\/wp\/v2\/users\/47"}],"replies":[{"embeddable":true,"href":"https:\/\/www.ccta.ufpb.br\/objorsemiarido\/wp-json\/wp\/v2\/comments?post=13"}],"version-history":[{"count":2,"href":"https:\/\/www.ccta.ufpb.br\/objorsemiarido\/wp-json\/wp\/v2\/pages\/13\/revisions"}],"predecessor-version":[{"id":53,"href":"https:\/\/www.ccta.ufpb.br\/objorsemiarido\/wp-json\/wp\/v2\/pages\/13\/revisions\/53"}],"wp:featuredmedia":[{"embeddable":true,"href":"https:\/\/www.ccta.ufpb.br\/objorsemiarido\/wp-json\/wp\/v2\/media\/14"}],"wp:attachment":[{"href":"https:\/\/www.ccta.ufpb.br\/objorsemiarido\/wp-json\/wp\/v2\/media?parent=13"}],"curies":[{"name":"wp","href":"https:\/\/api.w.org\/{rel}","templated":true}]}}