{"id":17,"date":"2025-02-17T11:44:01","date_gmt":"2025-02-17T11:44:01","guid":{"rendered":"https:\/\/www.ccta.ufpb.br\/objorsemiarido\/?page_id=17"},"modified":"2025-03-16T20:36:15","modified_gmt":"2025-03-16T23:36:15","slug":"publicacoes","status":"publish","type":"page","link":"https:\/\/www.ccta.ufpb.br\/objorsemiarido\/publicacoes\/","title":{"rendered":"Publica\u00e7\u00f5es"},"content":{"rendered":"\n<div data-wp-interactive=\"core\/file\" class=\"wp-block-file\"><object data-wp-bind--hidden=\"!state.hasPdfPreview\" hidden class=\"wp-block-file__embed\" data=\"http:\/\/www.ccta.ufpb.br\/objorsemiarido\/wp-content\/uploads\/sites\/102\/sites\/255\/2025\/03\/midia_e_pandemia-2.pdf\" type=\"application\/pdf\" style=\"width:100%;height:200px\" aria-label=\"Incorporado de Livro: M\u00eddia &amp; Pandemia: estrat\u00e9gias contra a desinforma\u00e7\u00e3o.\"><\/object><a id=\"wp-block-file--media-64936374-a55e-4f11-908e-ac6cb6d13198\" href=\"http:\/\/www.ccta.ufpb.br\/objorsemiarido\/wp-content\/uploads\/sites\/102\/sites\/255\/2025\/03\/midia_e_pandemia-2.pdf\">Livro: M\u00eddia &amp; Pandemia: estrat\u00e9gias contra a desinforma\u00e7\u00e3o<\/a><a href=\"http:\/\/www.ccta.ufpb.br\/objorsemiarido\/wp-content\/uploads\/sites\/102\/sites\/255\/2025\/03\/midia_e_pandemia-2.pdf\" class=\"wp-block-file__button wp-element-button\" download aria-describedby=\"wp-block-file--media-64936374-a55e-4f11-908e-ac6cb6d13198\">Baixar<\/a><\/div>\n\n\n\n<div data-wp-interactive=\"core\/file\" class=\"wp-block-file\"><object data-wp-bind--hidden=\"!state.hasPdfPreview\" hidden class=\"wp-block-file__embed\" data=\"http:\/\/www.ccta.ufpb.br\/objorsemiarido\/wp-content\/uploads\/sites\/102\/sites\/255\/2025\/03\/Acronicafemininanaimprensaparaibana-1.pdf\" type=\"application\/pdf\" style=\"width:100%;height:200px\" aria-label=\"Incorporado de Livro: A cr\u00f4nica feminina na imprensa paraibana.\"><\/object><a id=\"wp-block-file--media-05539e13-2529-4e4c-820a-74f50d57f02f\" href=\"http:\/\/www.ccta.ufpb.br\/objorsemiarido\/wp-content\/uploads\/sites\/102\/sites\/255\/2025\/03\/Acronicafemininanaimprensaparaibana-1.pdf\">Livro: A cr\u00f4nica feminina na imprensa paraibana<\/a><a href=\"http:\/\/www.ccta.ufpb.br\/objorsemiarido\/wp-content\/uploads\/sites\/102\/sites\/255\/2025\/03\/Acronicafemininanaimprensaparaibana-1.pdf\" class=\"wp-block-file__button wp-element-button\" download aria-describedby=\"wp-block-file--media-05539e13-2529-4e4c-820a-74f50d57f02f\">Baixar<\/a><\/div>\n\n\n\n<div data-wp-interactive=\"core\/file\" class=\"wp-block-file\"><object data-wp-bind--hidden=\"!state.hasPdfPreview\" hidden class=\"wp-block-file__embed\" data=\"http:\/\/www.ccta.ufpb.br\/objorsemiarido\/wp-content\/uploads\/sites\/102\/sites\/255\/2025\/03\/assessoria_de_comunicacao_em_foco-1-1.pdf\" type=\"application\/pdf\" style=\"width:100%;height:200px\" aria-label=\"Incorporado de Livro: Assessoria de Comunica\u00e7\u00e3o em Foco: hist\u00f3ria e estrat\u00e9gias reveladas.\"><\/object><a id=\"wp-block-file--media-80ff51a2-5287-4443-9858-6827d8b94c1e\" href=\"http:\/\/www.ccta.ufpb.br\/objorsemiarido\/wp-content\/uploads\/sites\/102\/sites\/255\/2025\/03\/assessoria_de_comunicacao_em_foco-1-1.pdf\">Livro: Assessoria de Comunica\u00e7\u00e3o em Foco: hist\u00f3ria e estrat\u00e9gias reveladas<\/a><a href=\"http:\/\/www.ccta.ufpb.br\/objorsemiarido\/wp-content\/uploads\/sites\/102\/sites\/255\/2025\/03\/assessoria_de_comunicacao_em_foco-1-1.pdf\" class=\"wp-block-file__button wp-element-button\" download aria-describedby=\"wp-block-file--media-80ff51a2-5287-4443-9858-6827d8b94c1e\">Baixar<\/a><\/div>\n\n\n\n<div data-wp-interactive=\"core\/file\" class=\"wp-block-file\"><object data-wp-bind--hidden=\"!state.hasPdfPreview\" hidden class=\"wp-block-file__embed\" data=\"http:\/\/www.ccta.ufpb.br\/objorsemiarido\/wp-content\/uploads\/sites\/102\/sites\/255\/2025\/03\/livro-comunicacao-midia-e-imaginario.-dialogos-contemporaneos-1.pdf\" type=\"application\/pdf\" style=\"width:100%;height:200px\" aria-label=\"Incorporado de Livro: Comunica\u00e7\u00e3o, M\u00eddia e Imagin\u00e1rio: di\u00e1logos contempor\u00e2neos.\"><\/object><a id=\"wp-block-file--media-bd0e1600-3902-47b5-8b06-b87c8d0ef13b\" href=\"http:\/\/www.ccta.ufpb.br\/objorsemiarido\/wp-content\/uploads\/sites\/102\/sites\/255\/2025\/03\/livro-comunicacao-midia-e-imaginario.-dialogos-contemporaneos-1.pdf\">Livro: Comunica\u00e7\u00e3o, M\u00eddia e Imagin\u00e1rio: di\u00e1logos contempor\u00e2neos<\/a><a href=\"http:\/\/www.ccta.ufpb.br\/objorsemiarido\/wp-content\/uploads\/sites\/102\/sites\/255\/2025\/03\/livro-comunicacao-midia-e-imaginario.-dialogos-contemporaneos-1.pdf\" class=\"wp-block-file__button wp-element-button\" download aria-describedby=\"wp-block-file--media-bd0e1600-3902-47b5-8b06-b87c8d0ef13b\">Baixar<\/a><\/div>\n\n\n\n<div data-wp-interactive=\"core\/file\" class=\"wp-block-file\"><object data-wp-bind--hidden=\"!state.hasPdfPreview\" hidden class=\"wp-block-file__embed\" data=\"http:\/\/www.ccta.ufpb.br\/objorsemiarido\/wp-content\/uploads\/sites\/102\/sites\/255\/2025\/03\/comunicacao-semiarido-brasileiro-1-2.pdf\" type=\"application\/pdf\" style=\"width:100%;height:200px\" aria-label=\"Incorporado de Livro: Comunica\u00e7\u00e3o no Semi\u00e1rido Brasileiro.\"><\/object><a id=\"wp-block-file--media-e6928f56-bdb1-4752-ad5e-2ec5f472947c\" href=\"http:\/\/www.ccta.ufpb.br\/objorsemiarido\/wp-content\/uploads\/sites\/102\/sites\/255\/2025\/03\/comunicacao-semiarido-brasileiro-1-2.pdf\">Livro: Comunica\u00e7\u00e3o no Semi\u00e1rido Brasileiro<\/a><a href=\"http:\/\/www.ccta.ufpb.br\/objorsemiarido\/wp-content\/uploads\/sites\/102\/sites\/255\/2025\/03\/comunicacao-semiarido-brasileiro-1-2.pdf\" class=\"wp-block-file__button wp-element-button\" download aria-describedby=\"wp-block-file--media-e6928f56-bdb1-4752-ad5e-2ec5f472947c\">Baixar<\/a><\/div>\n\n\n\n\n\n<figure class=\"wp-block-gallery has-nested-images columns-default is-cropped wp-block-gallery-1 is-layout-flex wp-block-gallery-is-layout-flex\"><\/figure>\n\n\n\n<figure class=\"wp-block-gallery has-nested-images columns-default is-cropped wp-block-gallery-2 is-layout-flex wp-block-gallery-is-layout-flex\"><\/figure>\n","protected":false},"excerpt":{"rendered":"","protected":false},"author":47,"featured_media":7,"parent":0,"menu_order":0,"comment_status":"closed","ping_status":"closed","template":"","meta":{"footnotes":""},"class_list":["post-17","page","type-page","status-publish","has-post-thumbnail","hentry"],"_links":{"self":[{"href":"https:\/\/www.ccta.ufpb.br\/objorsemiarido\/wp-json\/wp\/v2\/pages\/17","targetHints":{"allow":["GET"]}}],"collection":[{"href":"https:\/\/www.ccta.ufpb.br\/objorsemiarido\/wp-json\/wp\/v2\/pages"}],"about":[{"href":"https:\/\/www.ccta.ufpb.br\/objorsemiarido\/wp-json\/wp\/v2\/types\/page"}],"author":[{"embeddable":true,"href":"https:\/\/www.ccta.ufpb.br\/objorsemiarido\/wp-json\/wp\/v2\/users\/47"}],"replies":[{"embeddable":true,"href":"https:\/\/www.ccta.ufpb.br\/objorsemiarido\/wp-json\/wp\/v2\/comments?post=17"}],"version-history":[{"count":11,"href":"https:\/\/www.ccta.ufpb.br\/objorsemiarido\/wp-json\/wp\/v2\/pages\/17\/revisions"}],"predecessor-version":[{"id":84,"href":"https:\/\/www.ccta.ufpb.br\/objorsemiarido\/wp-json\/wp\/v2\/pages\/17\/revisions\/84"}],"wp:featuredmedia":[{"embeddable":true,"href":"https:\/\/www.ccta.ufpb.br\/objorsemiarido\/wp-json\/wp\/v2\/media\/7"}],"wp:attachment":[{"href":"https:\/\/www.ccta.ufpb.br\/objorsemiarido\/wp-json\/wp\/v2\/media?parent=17"}],"curies":[{"name":"wp","href":"https:\/\/api.w.org\/{rel}","templated":true}]}}