{"id":19,"date":"2025-02-17T11:45:04","date_gmt":"2025-02-17T11:45:04","guid":{"rendered":"https:\/\/www.ccta.ufpb.br\/objorsemiarido\/?page_id=19"},"modified":"2025-10-09T19:33:39","modified_gmt":"2025-10-09T22:33:39","slug":"pesquisadores","status":"publish","type":"page","link":"https:\/\/www.ccta.ufpb.br\/objorsemiarido\/pesquisadores\/","title":{"rendered":"Pesquisadores"},"content":{"rendered":"\n<div class=\"wp-block-media-text is-stacked-on-mobile\" style=\"grid-template-columns:45% auto\"><figure class=\"wp-block-media-text__media\"><img loading=\"lazy\" decoding=\"async\" width=\"792\" height=\"606\" src=\"https:\/\/www.ccta.ufpb.br\/objorsemiarido\/wp-content\/uploads\/sites\/102\/sites\/255\/2025\/09\/foto.divulgacao.jpg\" alt=\"\" class=\"wp-image-117 size-full\" srcset=\"https:\/\/www.ccta.ufpb.br\/objorsemiarido\/wp-content\/uploads\/sites\/102\/sites\/255\/2025\/09\/foto.divulgacao.jpg 792w, https:\/\/www.ccta.ufpb.br\/objorsemiarido\/wp-content\/uploads\/sites\/102\/sites\/255\/2025\/09\/foto.divulgacao-300x230.jpg 300w, https:\/\/www.ccta.ufpb.br\/objorsemiarido\/wp-content\/uploads\/sites\/102\/sites\/255\/2025\/09\/foto.divulgacao-768x588.jpg 768w\" sizes=\"auto, (max-width: 792px) 100vw, 792px\" \/><\/figure><div class=\"wp-block-media-text__content\">\n<p><strong>Sandra Raquew Azev\u00eado<\/strong><\/p>\n\n\n\n<p>Professora associada da Universidade Federal da Para\u00edba. Atua no Departamento de Jornalismo e na P\u00f3s Gradua\u00e7\u00e3o em Comunica\u00e7\u00e3o da UFPB. &nbsp;Autora dos livros Perfis em Jornalismo Cultural; Mulheres em Pauta: g\u00eanero e viol\u00eancia na agenda midi\u00e1tica; Cartografias: escritos sobre m\u00eddia, cultura e sociedade e G\u00eanero, r\u00e1dio e educomunica\u00e7\u00e3o: caminhos entrela\u00e7ados. Coordena o Objor &#8211; Pesquisa em Jornalismo, G\u00eanero e Educomunica\u00e7\u00e3o. Desenvolve e orienta projetos e pesquisas nas seguintes \u00e1reas: Jornalismo; Comunica\u00e7\u00e3o Comunit\u00e1ria e Cidadania; Mulheres nas M\u00eddias; Comunica\u00e7\u00e3o e Conviv\u00eancia com o Semi\u00e1rido.<br><a href=\"http:\/\/buscatextual.cnpq.br\/buscatextual\/visualizacv.do?id=K4775650J6\" target=\"_blank\" rel=\"noreferrer noopener\">Lattes<\/a><\/p>\n<\/div><\/div>\n\n\n\n<div class=\"wp-block-media-text is-stacked-on-mobile\" style=\"grid-template-columns:45% auto\"><figure class=\"wp-block-media-text__media\"><img loading=\"lazy\" decoding=\"async\" width=\"480\" height=\"720\" src=\"https:\/\/www.ccta.ufpb.br\/objorsemiarido\/wp-content\/uploads\/sites\/102\/sites\/255\/2025\/02\/whatsapp-image-2021-04-05-at-15.52.13.jpeg.jpg\" alt=\"\" class=\"wp-image-51 size-full\" srcset=\"https:\/\/www.ccta.ufpb.br\/objorsemiarido\/wp-content\/uploads\/sites\/102\/sites\/255\/2025\/02\/whatsapp-image-2021-04-05-at-15.52.13.jpeg.jpg 480w, https:\/\/www.ccta.ufpb.br\/objorsemiarido\/wp-content\/uploads\/sites\/102\/sites\/255\/2025\/02\/whatsapp-image-2021-04-05-at-15.52.13.jpeg-200x300.jpg 200w\" sizes=\"auto, (max-width: 480px) 100vw, 480px\" \/><\/figure><div class=\"wp-block-media-text__content\">\n<p><strong>Candy Ferraz<\/strong><\/p>\n\n\n\n<p class=\" \"><strong><\/strong>Publicit\u00e1ria com mais de 15 anos de experi\u00eancia em comunica\u00e7\u00e3o e Graduanda em Jornalismo pela UFPB. Pesquisadora no Grupo de Pesquisa em Jornalismo, G\u00eanero e Educomunica\u00e7\u00e3o. Atualmente, tem pesquisado a cobertura do Jornal Brasil de Fato sobre a luta das mulheres do Polo Sindical da Borborema, no agreste paraibano. Tem interesse em pesquisas que envolvam comunica\u00e7\u00e3o social, g\u00eanero, pol\u00edtica, cultura e educa\u00e7\u00e3o.<\/p>\n\n\n\n<p><a href=\"http:\/\/lattes.cnpq.br\/5691069281513686\" target=\"_blank\" rel=\"noreferrer noopener\">Lattes<\/a>.<\/p>\n<\/div><\/div>\n\n\n\n<div class=\"wp-block-media-text is-stacked-on-mobile\" style=\"grid-template-columns:45% auto\"><figure class=\"wp-block-media-text__media\"><img loading=\"lazy\" decoding=\"async\" width=\"768\" height=\"1024\" src=\"https:\/\/www.ccta.ufpb.br\/objorsemiarido\/wp-content\/uploads\/sites\/102\/sites\/255\/2025\/10\/1000120284-1-768x1024.jpg\" alt=\"\" class=\"wp-image-131 size-full\" srcset=\"https:\/\/www.ccta.ufpb.br\/objorsemiarido\/wp-content\/uploads\/sites\/102\/sites\/255\/2025\/10\/1000120284-1-768x1024.jpg 768w, https:\/\/www.ccta.ufpb.br\/objorsemiarido\/wp-content\/uploads\/sites\/102\/sites\/255\/2025\/10\/1000120284-1-225x300.jpg 225w, https:\/\/www.ccta.ufpb.br\/objorsemiarido\/wp-content\/uploads\/sites\/102\/sites\/255\/2025\/10\/1000120284-1-1152x1536.jpg 1152w, https:\/\/www.ccta.ufpb.br\/objorsemiarido\/wp-content\/uploads\/sites\/102\/sites\/255\/2025\/10\/1000120284-1-1536x2048.jpg 1536w, https:\/\/www.ccta.ufpb.br\/objorsemiarido\/wp-content\/uploads\/sites\/102\/sites\/255\/2025\/10\/1000120284-1-scaled.jpg 1920w\" sizes=\"auto, (max-width: 768px) 100vw, 768px\" \/><\/figure><div class=\"wp-block-media-text__content\">\n<p><strong>Aline<\/strong> <strong>Nery<\/strong><\/p>\n\n\n\n<p>Graduanda em Jornalismo pela UFPB atualmente no 5\u00b0 per\u00edodo. Ainda na inf\u00e2ncia, apaixonada pela natureza, artes e literatura, encontrei nos livros um est\u00edmulo para a criatividade e o contato com mundos extraordin\u00e1rios. Desde ent\u00e3o, criei o h\u00e1bito de leitura e de escrever \u2014 sejam rascunhos do que possa ser um futuro livro ou roteirizar jogos de rpg. Espero, atrav\u00e9s do Narradoras do Tempo, contribuir na sua imers\u00e3o no mundo do Jornalismo Liter\u00e1rio e te ajudar a equilibrar a leitura acad\u00eamica com a leitura por lazer.<\/p>\n\n\n\n<p><a href=\"http:\/\/lattes.cnpq.br\/6589195961282184\">Lattes.<\/a><\/p>\n\n\n\n<p><\/p>\n<\/div><\/div>\n\n\n\n<div class=\"wp-block-media-text is-stacked-on-mobile\" style=\"grid-template-columns:45% auto\"><figure class=\"wp-block-media-text__media\"><img loading=\"lazy\" decoding=\"async\" width=\"768\" height=\"1024\" src=\"https:\/\/www.ccta.ufpb.br\/objorsemiarido\/wp-content\/uploads\/sites\/102\/sites\/255\/2025\/10\/1000120282-768x1024.jpg\" alt=\"\" class=\"wp-image-124 size-full\" srcset=\"https:\/\/www.ccta.ufpb.br\/objorsemiarido\/wp-content\/uploads\/sites\/102\/sites\/255\/2025\/10\/1000120282-768x1024.jpg 768w, https:\/\/www.ccta.ufpb.br\/objorsemiarido\/wp-content\/uploads\/sites\/102\/sites\/255\/2025\/10\/1000120282-225x300.jpg 225w, https:\/\/www.ccta.ufpb.br\/objorsemiarido\/wp-content\/uploads\/sites\/102\/sites\/255\/2025\/10\/1000120282-1152x1536.jpg 1152w, https:\/\/www.ccta.ufpb.br\/objorsemiarido\/wp-content\/uploads\/sites\/102\/sites\/255\/2025\/10\/1000120282-1536x2048.jpg 1536w, https:\/\/www.ccta.ufpb.br\/objorsemiarido\/wp-content\/uploads\/sites\/102\/sites\/255\/2025\/10\/1000120282-scaled.jpg 1920w\" sizes=\"auto, (max-width: 768px) 100vw, 768px\" \/><\/figure><div class=\"wp-block-media-text__content\">\n<p><strong>Ana Cec\u00edlia<\/strong><\/p>\n\n\n\n<p>Estudante do 5\u00b0 per\u00edodo de Jornalismo na UFPB, cin\u00e9fila e t\u00e9cnica em m\u00fasica pelo IFPB. Ler nem sempre foi um h\u00e1bito na minha vida, mas foi imposs\u00edvel n\u00e3o me atrair pela \u00f3rbita da literatura, que me influenciou muito na adolesc\u00eancia e por isso hoje, com 21 anos, j\u00e1 n\u00e3o consigo mais passar muitos dias sem um livro. Estar neste clube \u00e9 ter, por mais que pequeno, o poder de mostrar para cada vez mais pessoas como a leitura transforma.<\/p>\n\n\n\n<p><a href=\"http:\/\/lattes.cnpq.br\/3316343196919268\" data-type=\"link\" data-id=\"http:\/\/lattes.cnpq.br\/3316343196919268\">Lattes.<\/a><\/p>\n\n\n\n<p><\/p>\n\n\n\n<p><\/p>\n<\/div><\/div>\n\n\n\n<div class=\"wp-block-media-text is-stacked-on-mobile\" style=\"grid-template-columns:45% auto\"><figure class=\"wp-block-media-text__media\"><img loading=\"lazy\" decoding=\"async\" width=\"768\" height=\"1024\" src=\"https:\/\/www.ccta.ufpb.br\/objorsemiarido\/wp-content\/uploads\/sites\/102\/sites\/255\/2025\/10\/1000120285-768x1024.jpg\" alt=\"\" class=\"wp-image-132 size-full\" srcset=\"https:\/\/www.ccta.ufpb.br\/objorsemiarido\/wp-content\/uploads\/sites\/102\/sites\/255\/2025\/10\/1000120285-768x1024.jpg 768w, https:\/\/www.ccta.ufpb.br\/objorsemiarido\/wp-content\/uploads\/sites\/102\/sites\/255\/2025\/10\/1000120285-225x300.jpg 225w, https:\/\/www.ccta.ufpb.br\/objorsemiarido\/wp-content\/uploads\/sites\/102\/sites\/255\/2025\/10\/1000120285-1152x1536.jpg 1152w, https:\/\/www.ccta.ufpb.br\/objorsemiarido\/wp-content\/uploads\/sites\/102\/sites\/255\/2025\/10\/1000120285-1536x2048.jpg 1536w, https:\/\/www.ccta.ufpb.br\/objorsemiarido\/wp-content\/uploads\/sites\/102\/sites\/255\/2025\/10\/1000120285-scaled.jpg 1920w\" sizes=\"auto, (max-width: 768px) 100vw, 768px\" \/><\/figure><div class=\"wp-block-media-text__content\">\n<p><strong>Kalyne Lustosa<\/strong><\/p>\n\n\n\n<p>Pernambucana, graduanda em Jornalismo pela UFPB, apaixonada por l\u00ednguas neolatinas. Influenciada pela minha m\u00e3e, desde a inf\u00e2ncia fa\u00e7o parte do mundo da leitura \u2014 tanto quanto ele faz parte de mim. Com o tempo, adquiri tamb\u00e9m o gosto pela escrita \u2014 pequenas coisas que influenciaram diretamente na minha trajet\u00f3ria acad\u00eamica.                                                 Participar do Clube de Leitura Narradoras do Tempo significa poder disseminar a magia da leitura. Espero que possam se apaixonar por esse h\u00e1bito tanto quanto eu.<\/p>\n\n\n\n<p><a href=\"http:\/\/lattes.cnpq.br\/4742213183489037\" data-type=\"link\" data-id=\"http:\/\/lattes.cnpq.br\/3316343196919268\">Lattes.<\/a><\/p>\n\n\n\n<p><\/p>\n\n\n\n<p><\/p>\n<\/div><\/div>\n\n\n\n<div class=\"wp-block-media-text is-stacked-on-mobile\" style=\"grid-template-columns:45% auto\"><figure class=\"wp-block-media-text__media\"><img loading=\"lazy\" decoding=\"async\" width=\"576\" height=\"1024\" src=\"http:\/\/www.ccta.ufpb.br\/objorsemiarido\/wp-content\/uploads\/sites\/102\/sites\/255\/2025\/10\/1000120280-1-edited-576x1024.jpg\" alt=\"\" class=\"wp-image-138 size-full\" srcset=\"https:\/\/www.ccta.ufpb.br\/objorsemiarido\/wp-content\/uploads\/sites\/102\/sites\/255\/2025\/10\/1000120280-1-edited-576x1024.jpg 576w, https:\/\/www.ccta.ufpb.br\/objorsemiarido\/wp-content\/uploads\/sites\/102\/sites\/255\/2025\/10\/1000120280-1-edited-169x300.jpg 169w, https:\/\/www.ccta.ufpb.br\/objorsemiarido\/wp-content\/uploads\/sites\/102\/sites\/255\/2025\/10\/1000120280-1-edited.jpg 597w\" sizes=\"auto, (max-width: 576px) 100vw, 576px\" \/><\/figure><div class=\"wp-block-media-text__content\">\n<p><strong>Mabel Pontes<\/strong><\/p>\n\n\n\n<p>Estudante de jornalismo, escritora de livros de fantasia e apaixonada por literatura. Acredito que a leitura seja libertadora. Ela abre os port\u00f5es da imagina\u00e7\u00e3o e te pega pela m\u00e3o para conhecer lugares inimagin\u00e1veis. Foi o amor pelos livros que me trouxe ao Clube do Livro, onde espero proporcionar encontros memor\u00e1veis entre aqueles que querem se aproximar do mundo da leitura.<\/p>\n\n\n\n<p><a href=\"https:\/\/buscatextual.cnpq.br\/buscatextual\/visualizacv.do;jsessionid=D576AA9FA5A1ABCF5CFF3FF75B626FCC.buscatextual_0\">Lattes.<\/a><\/p>\n<\/div><\/div>\n\n\n\n<div class=\"wp-block-media-text is-stacked-on-mobile\" style=\"grid-template-columns:45% auto\"><figure class=\"wp-block-media-text__media\"><img loading=\"lazy\" decoding=\"async\" width=\"768\" height=\"1024\" src=\"https:\/\/www.ccta.ufpb.br\/objorsemiarido\/wp-content\/uploads\/sites\/102\/sites\/255\/2025\/10\/1000120283-768x1024.jpg\" alt=\"\" class=\"wp-image-135 size-full\" srcset=\"https:\/\/www.ccta.ufpb.br\/objorsemiarido\/wp-content\/uploads\/sites\/102\/sites\/255\/2025\/10\/1000120283-768x1024.jpg 768w, https:\/\/www.ccta.ufpb.br\/objorsemiarido\/wp-content\/uploads\/sites\/102\/sites\/255\/2025\/10\/1000120283-225x300.jpg 225w, https:\/\/www.ccta.ufpb.br\/objorsemiarido\/wp-content\/uploads\/sites\/102\/sites\/255\/2025\/10\/1000120283-1152x1536.jpg 1152w, https:\/\/www.ccta.ufpb.br\/objorsemiarido\/wp-content\/uploads\/sites\/102\/sites\/255\/2025\/10\/1000120283-1536x2048.jpg 1536w, https:\/\/www.ccta.ufpb.br\/objorsemiarido\/wp-content\/uploads\/sites\/102\/sites\/255\/2025\/10\/1000120283-scaled.jpg 1920w\" sizes=\"auto, (max-width: 768px) 100vw, 768px\" \/><\/figure><div class=\"wp-block-media-text__content\">\n<p><strong>Pedro Nunes<\/strong><\/p>\n\n\n\n<p>Jovem de 21 anos, graduando em Jornalismo na UFPB no seu 3\u00b0 per\u00edodo, Minha paix\u00e3o pela leitura come\u00e7ou em casa, gra\u00e7as aos esfor\u00e7os e influ\u00eancia de minha m\u00e3e, professora e leitora. Fic\u00e7\u00e3o, Romance ou Leituras Acad\u00eamicas, acredito que a leitura \u00e9 abrangente para qualquer tipo de pessoa e deve ser compartilhada e possibilitada para todos. Animado com o projeto para compartilhar essa magia que a leitura provoca na minha vida com outras pessoas.<\/p>\n\n\n\n<p><a href=\"http:\/\/lattes.cnpq.br\/7412506626650648\" data-type=\"link\" data-id=\"http:\/\/lattes.cnpq.br\/3316343196919268\">Lattes.<\/a><\/p>\n\n\n\n<p><\/p>\n\n\n\n<p><\/p>\n<\/div><\/div>\n","protected":false},"excerpt":{"rendered":"<p>Sandra Raquew Azev\u00eado Professora associada da Universidade Federal da Para\u00edba. Atua no Departamento de Jornalismo [&hellip;]<\/p>\n","protected":false},"author":47,"featured_media":0,"parent":0,"menu_order":0,"comment_status":"closed","ping_status":"closed","template":"","meta":{"footnotes":""},"class_list":["post-19","page","type-page","status-publish","hentry"],"_links":{"self":[{"href":"https:\/\/www.ccta.ufpb.br\/objorsemiarido\/wp-json\/wp\/v2\/pages\/19","targetHints":{"allow":["GET"]}}],"collection":[{"href":"https:\/\/www.ccta.ufpb.br\/objorsemiarido\/wp-json\/wp\/v2\/pages"}],"about":[{"href":"https:\/\/www.ccta.ufpb.br\/objorsemiarido\/wp-json\/wp\/v2\/types\/page"}],"author":[{"embeddable":true,"href":"https:\/\/www.ccta.ufpb.br\/objorsemiarido\/wp-json\/wp\/v2\/users\/47"}],"replies":[{"embeddable":true,"href":"https:\/\/www.ccta.ufpb.br\/objorsemiarido\/wp-json\/wp\/v2\/comments?post=19"}],"version-history":[{"count":12,"href":"https:\/\/www.ccta.ufpb.br\/objorsemiarido\/wp-json\/wp\/v2\/pages\/19\/revisions"}],"predecessor-version":[{"id":143,"href":"https:\/\/www.ccta.ufpb.br\/objorsemiarido\/wp-json\/wp\/v2\/pages\/19\/revisions\/143"}],"wp:attachment":[{"href":"https:\/\/www.ccta.ufpb.br\/objorsemiarido\/wp-json\/wp\/v2\/media?parent=19"}],"curies":[{"name":"wp","href":"https:\/\/api.w.org\/{rel}","templated":true}]}}