{"id":23,"date":"2025-02-17T11:50:59","date_gmt":"2025-02-17T11:50:59","guid":{"rendered":"https:\/\/www.ccta.ufpb.br\/objorsemiarido\/?page_id=23"},"modified":"2026-01-07T09:15:30","modified_gmt":"2026-01-07T12:15:30","slug":"cineclube-abrazo","status":"publish","type":"page","link":"https:\/\/www.ccta.ufpb.br\/objorsemiarido\/cineclube-abrazo\/","title":{"rendered":"Cineclube Abrazo"},"content":{"rendered":"\n<p>\u00c9 uma a\u00e7\u00e3o cineclubista direcionada \u00e0s fam\u00edlias de refugiados venezuelanos que est\u00e3o vivendo em Jo\u00e3o Pessoa. \u00c9 voltado \u00e0 exibi\u00e7\u00e3o de filmes de diretores e diretoras brasileiros e venezuelanos, no intuito de contribuir para a reflex\u00e3o sobre as realidades dos dois Pa\u00edses. Levamos em conta a necessidade das fam\u00edlias refugiadas da Venezuela e suas demandas de integra\u00e7\u00e3o e inclus\u00e3o social e cultural.<\/p>\n\n\n\n<figure class=\"wp-block-image size-full\"><img loading=\"lazy\" decoding=\"async\" width=\"768\" height=\"512\" src=\"https:\/\/www.ccta.ufpb.br\/objorsemiarido\/wp-content\/uploads\/sites\/102\/sites\/255\/2025\/02\/CIneclube.jpeg\" alt=\"Professora Sandra Raquew e atriz Ingrid Trigueiro dialogando sobre o filme &quot;Central do Brasil&quot; no cineclube Abrazo\" class=\"wp-image-24\" srcset=\"https:\/\/www.ccta.ufpb.br\/objorsemiarido\/wp-content\/uploads\/sites\/102\/sites\/255\/2025\/02\/CIneclube.jpeg 768w, https:\/\/www.ccta.ufpb.br\/objorsemiarido\/wp-content\/uploads\/sites\/102\/sites\/255\/2025\/02\/CIneclube-300x200.jpeg 300w\" sizes=\"auto, (max-width: 768px) 100vw, 768px\" \/><\/figure>\n\n\n\n<p>Professora Sandra Raquew e atriz\u00a0Ingrid Trigueiro dialogando sobre o filme &#8220;Central do Brasil&#8221; no cineclube Abrazo<\/p>\n","protected":false},"excerpt":{"rendered":"<p>\u00c9 uma a\u00e7\u00e3o cineclubista direcionada \u00e0s fam\u00edlias de refugiados venezuelanos que est\u00e3o vivendo em Jo\u00e3o [&hellip;]<\/p>\n","protected":false},"author":47,"featured_media":0,"parent":0,"menu_order":0,"comment_status":"closed","ping_status":"closed","template":"","meta":{"footnotes":""},"class_list":["post-23","page","type-page","status-publish","hentry"],"_links":{"self":[{"href":"https:\/\/www.ccta.ufpb.br\/objorsemiarido\/wp-json\/wp\/v2\/pages\/23","targetHints":{"allow":["GET"]}}],"collection":[{"href":"https:\/\/www.ccta.ufpb.br\/objorsemiarido\/wp-json\/wp\/v2\/pages"}],"about":[{"href":"https:\/\/www.ccta.ufpb.br\/objorsemiarido\/wp-json\/wp\/v2\/types\/page"}],"author":[{"embeddable":true,"href":"https:\/\/www.ccta.ufpb.br\/objorsemiarido\/wp-json\/wp\/v2\/users\/47"}],"replies":[{"embeddable":true,"href":"https:\/\/www.ccta.ufpb.br\/objorsemiarido\/wp-json\/wp\/v2\/comments?post=23"}],"version-history":[{"count":1,"href":"https:\/\/www.ccta.ufpb.br\/objorsemiarido\/wp-json\/wp\/v2\/pages\/23\/revisions"}],"predecessor-version":[{"id":25,"href":"https:\/\/www.ccta.ufpb.br\/objorsemiarido\/wp-json\/wp\/v2\/pages\/23\/revisions\/25"}],"wp:attachment":[{"href":"https:\/\/www.ccta.ufpb.br\/objorsemiarido\/wp-json\/wp\/v2\/media?parent=23"}],"curies":[{"name":"wp","href":"https:\/\/api.w.org\/{rel}","templated":true}]}}