{"id":26,"date":"2025-02-17T11:51:56","date_gmt":"2025-02-17T11:51:56","guid":{"rendered":"https:\/\/www.ccta.ufpb.br\/objorsemiarido\/?page_id=26"},"modified":"2026-01-07T09:15:09","modified_gmt":"2026-01-07T12:15:09","slug":"tertulias-literarias-dialogicas","status":"publish","type":"page","link":"https:\/\/www.ccta.ufpb.br\/objorsemiarido\/tertulias-literarias-dialogicas\/","title":{"rendered":"Tert\u00falias Liter\u00e1rias Dial\u00f3gicas"},"content":{"rendered":"\n<p>A Tert\u00falia Ref\u00fagio das Flores tem por objetivo maior fortalecer um espa\u00e7o de escuta e di\u00e1logo com as mulheres, levando em considera\u00e7\u00e3o suas especificidades de g\u00eanero, de modo a fortalecer seus espa\u00e7os de fala, suas trajet\u00f3rias, e o entendimento, por meio da literatura e da escrita biogr\u00e1fica o entendimento das transforma\u00e7\u00f5es sociais pelas quais vivem, diante de uma realidade de viver em um outro Pa\u00eds. Consideramos que as reflex\u00f5es colaboram ainda com o entendimento de aspectos da realidade social brasileira e da Am\u00e9rica Latina, tendo em vista o desafio das di\u00e1sporas contempor\u00e2neas que colocam em deslocamento e em fluxos migrat\u00f3rios n\u00e3o apenas pessoas oriundas da Venezuela, mas de outros pa\u00edses da Am\u00e9rica Latina e Central, pa\u00edses africanos, da S\u00edria, entre outros lugares do Planeta que sofrem com guerras, desastres ambientais, fome e pobreza.<\/p>\n\n\n\n<figure class=\"wp-block-image size-full\"><img loading=\"lazy\" decoding=\"async\" width=\"1000\" height=\"667\" src=\"https:\/\/www.ccta.ufpb.br\/objorsemiarido\/wp-content\/uploads\/sites\/102\/sites\/255\/2025\/02\/tertulia.jpg\" alt=\"\" class=\"wp-image-27\" srcset=\"https:\/\/www.ccta.ufpb.br\/objorsemiarido\/wp-content\/uploads\/sites\/102\/sites\/255\/2025\/02\/tertulia.jpg 1000w, https:\/\/www.ccta.ufpb.br\/objorsemiarido\/wp-content\/uploads\/sites\/102\/sites\/255\/2025\/02\/tertulia-300x200.jpg 300w, https:\/\/www.ccta.ufpb.br\/objorsemiarido\/wp-content\/uploads\/sites\/102\/sites\/255\/2025\/02\/tertulia-768x512.jpg 768w\" sizes=\"auto, (max-width: 1000px) 100vw, 1000px\" \/><\/figure>\n\n\n\n<p><em>Professora Sandra Raquew e a poetisa Vit\u00f3ria Lima realizando a Tert\u00falia Ref\u00fagio das Flores<\/em><\/p>\n","protected":false},"excerpt":{"rendered":"<p>A Tert\u00falia Ref\u00fagio das Flores tem por objetivo maior fortalecer um espa\u00e7o de escuta e [&hellip;]<\/p>\n","protected":false},"author":47,"featured_media":0,"parent":0,"menu_order":0,"comment_status":"closed","ping_status":"closed","template":"","meta":{"footnotes":""},"class_list":["post-26","page","type-page","status-publish","hentry"],"_links":{"self":[{"href":"https:\/\/www.ccta.ufpb.br\/objorsemiarido\/wp-json\/wp\/v2\/pages\/26","targetHints":{"allow":["GET"]}}],"collection":[{"href":"https:\/\/www.ccta.ufpb.br\/objorsemiarido\/wp-json\/wp\/v2\/pages"}],"about":[{"href":"https:\/\/www.ccta.ufpb.br\/objorsemiarido\/wp-json\/wp\/v2\/types\/page"}],"author":[{"embeddable":true,"href":"https:\/\/www.ccta.ufpb.br\/objorsemiarido\/wp-json\/wp\/v2\/users\/47"}],"replies":[{"embeddable":true,"href":"https:\/\/www.ccta.ufpb.br\/objorsemiarido\/wp-json\/wp\/v2\/comments?post=26"}],"version-history":[{"count":1,"href":"https:\/\/www.ccta.ufpb.br\/objorsemiarido\/wp-json\/wp\/v2\/pages\/26\/revisions"}],"predecessor-version":[{"id":28,"href":"https:\/\/www.ccta.ufpb.br\/objorsemiarido\/wp-json\/wp\/v2\/pages\/26\/revisions\/28"}],"wp:attachment":[{"href":"https:\/\/www.ccta.ufpb.br\/objorsemiarido\/wp-json\/wp\/v2\/media?parent=26"}],"curies":[{"name":"wp","href":"https:\/\/api.w.org\/{rel}","templated":true}]}}