{"id":16,"date":"2025-07-07T23:16:25","date_gmt":"2025-07-08T02:16:25","guid":{"rendered":"https:\/\/www.ccta.ufpb.br\/ovpb\/?page_id=16"},"modified":"2025-07-07T23:33:52","modified_gmt":"2025-07-08T02:33:52","slug":"apresentacao","status":"publish","type":"page","link":"https:\/\/www.ccta.ufpb.br\/ovpb\/apresentacao\/","title":{"rendered":"Apresenta\u00e7\u00e3o"},"content":{"rendered":"\n<h2 class=\"wp-block-heading\"><div class=\"linha-header\">Orquestra de Viol\u00f5es da Para\u00edba<\/div><\/h2>\n\n\n\n<p>A&nbsp;Orquestra de Viol\u00f5es da Para\u00edba&nbsp;(OVPB)&nbsp;\u00e9 um projeto de extens\u00e3o da Universidade Federal da Para\u00edba (UFPB), que tem como objetivo contribuir para a forma\u00e7\u00e3o inicial dos estudantes de m\u00fasica, ao servir de laborat\u00f3rio para a pr\u00e1tica de orquestra, para alunos dos&nbsp;cursos&nbsp;de bacharelado e licenciatura&nbsp;em m\u00fasica da UFPB, a partir da atua\u00e7\u00e3o na orquestra;&nbsp;bem como laborat\u00f3rio de pr\u00e1tica de ensino, para os alunos do curso de licenciatura&nbsp;em m\u00fasica,&nbsp;a partir da atua\u00e7\u00e3o&nbsp;no curso&nbsp;de ensino coletivo de viol\u00e3o, um projeto de ensino derivado da orquestra.<\/p>\n\n\n\n<p>O projeto \u00e9 desenvolvido pelo Departamento de Educa\u00e7\u00e3o Musical da UFPB, por uma equipe formada pela professora Carla Santos e pelo Professor Vanildo Marinho, na coordena\u00e7\u00e3o,&nbsp;e pelo servidor t\u00e9cnico em m\u00fasica S\u00e9rgio Aires.&nbsp;&nbsp;As atividades extensionistas da Orquestra s\u00e3o realizadas no Centro de Comunica\u00e7\u00e3o, Turismo e Artes&nbsp;(CCTA), e s\u00e3o divididas em duas frentes de atua\u00e7\u00e3o: pr\u00e1tica de orquestra e cursos de viol\u00e3o.<\/p>\n\n\n\n<p>A Orquestra \u00e9 formada por estudantes de licenciatura e bacharelado em m\u00fasica da Universidade Federal da Para\u00edba, por estudantes de outras institui\u00e7\u00f5es e por pessoas da sociedade,&nbsp;sendo constitu\u00edda por viol\u00f5es, voz, flauta transversal, clarinete, acordeon, bandolim, baixo el\u00e9trico, bateria e percuss\u00e3o, em um total de trinta integrantes.&nbsp;<\/p>\n\n\n\n<p>Paralelamente \u00e0s atividades art\u00edsticas da Orquestra acontece o curso de viol\u00e3o coletivo oferecido gratuitamente \u00e0 sociedade. As aulas do curso s\u00e3o ministradas por integrantes da orquestra, sob a coordena\u00e7\u00e3o dos professores Carla Santos e Vanildo Marinho, respons\u00e1veis pelo projeto.&nbsp;Essa pr\u00e1tica tem propiciado a experi\u00eancia em atuar com ensino coletivo de viol\u00e3o, al\u00e9m de ser um espa\u00e7o para a pesquisa e produ\u00e7\u00e3o de material did\u00e1tico.&nbsp;<\/p>\n\n\n\n<p>Assim, \u00e9 poss\u00edvel dizer que os&nbsp;resultados do projeto t\u00eam sido significativos tanto no \u00e2mbito art\u00edstico, com as apresenta\u00e7\u00f5es art\u00edsticas, como no \u00e2mbito do ensino, com&nbsp;o curso&nbsp;de viol\u00e3o coletivo,&nbsp;ambos&nbsp;destinados \u00e0 popula\u00e7\u00e3o em geral.<\/p>\n\n\n\n<figure class=\"wp-block-image\"><img decoding=\"async\" src=\"https:\/\/lh6.googleusercontent.com\/UDKSamNO0AjunGz8lopza5OWtyRvqX67WH8O9gbg7VEGqgqha-DBTvU9SZNyfjGTTKXqBFLimhcMTd2XOlvz3VrXxSvqVsTb9NzmUUrjQ9GkMEscDMXZ3JS5S3okJuAdvKZflOR0\" alt=\"\"\/><\/figure>\n\n\n\n<figure class=\"wp-block-image\"><img decoding=\"async\" src=\"https:\/\/lh4.googleusercontent.com\/NYye7WUqszm3upOlhJ_gFDT_kqIZuz3TKIjTIJFC-xlzGA-H1QtMYqhplfYyE4vhgS9Bm04_mZMbLiJHPJKKC0IOJSNdzx0DDLd4wTBS8yV14a8akwERiXypRWcfyWiOnFKfzevx\" alt=\"\"\/><\/figure>\n\n\n\n<h2 class=\"wp-block-heading\"><div class=\"linha-header\">Breve Hist\u00f3rico do grupo<\/div><\/h2>\n\n\n\n<h2 class=\"wp-block-heading\"><div class=\"linha-header\"><strong>IN\u00cdCIO<\/strong><\/div><\/h2>\n\n\n\n<p class=\" \"><strong><\/strong>A Orquestra de Viol\u00f5es da Para\u00edba foi criada em maio de 1992 pelo Maestro Gladson Carvalho. Com a Orquestra realizou concertos por diversas regi\u00f5es do Nordeste, incluindo in\u00fameras cidades do interior da Para\u00edba, e deixou seu trabalho registrado em dois CDs; um deles foi relan\u00e7ado pela editora Paulinas e tem sido vendido por todo Brasil e Europa, divulgando assim o nome e o potencial art\u00edstico-cultural do estado da Para\u00edba.<\/p>\n\n\n\n<figure class=\"wp-block-image\"><img decoding=\"async\" src=\"https:\/\/lh4.googleusercontent.com\/fABEgjxy1U5Loew56Hy0GjlRcgqnGxnwWPcvuR7iplxGcY8s5mF6XHFK6f4Yof7dOZyr_maYjKIDaLKjPUcAEwMtha26GFEEWyvpHtGG8TdedynrPcRU5W7yiRmJql57qHf81N4f\" alt=\"Maestro Gladson Carvalho\" title=\"_OVPB  02 07 - Comunica\u00e7\u00e3o - Google Drive.png\"\/><\/figure>\n\n\n\n<figure class=\"wp-block-image\"><img decoding=\"async\" src=\"https:\/\/lh4.googleusercontent.com\/Pii0sQOQIWsSgfWbe1EcS6bv3Znmwn4vBXa3LGzcSOJMC3YLbk9QqDJSxeNim0K9hJ8EyW6E78Pn5aOTqEY21_IyvZpyjVULkyQI90tPB4-8Eg00-VUnAqVRxK-1HzOS4S_8cd70\" alt=\"_OVPB  02 07 - Comunica\u00e7\u00e3o - Google Drive (1).png\" title=\"_OVPB  02 07 - Comunica\u00e7\u00e3o - Google Drive (1).png\"\/><\/figure>\n\n\n\n<figure class=\"wp-block-image\"><img decoding=\"async\" src=\"https:\/\/lh6.googleusercontent.com\/WCLKJyZAFi4ZvmThLL8_vp5vLI6rK59Bn3B7Vu4B5rdQiYv1ec4gswkobA3jmEdcnU-6swJjzjAZvecd84cE0Lcf6qVu51-2VzayK250nZFDD1v81dB8XeHVZOwgE4lpcNloGOFZ\" alt=\"\"\/><\/figure>\n\n\n\n<figure class=\"wp-block-image\"><img decoding=\"async\" src=\"https:\/\/lh3.googleusercontent.com\/Ld8bPzWaqt0lxKM4fEw-tKtz04Lu4OGfbaXjo3vueCDxfISrpa4yFSEq8-3l94HS6DnL5kuqKb3VZqzPLdS4rM0rSDEv_jcxdTneQ89c1kS07FrAviL-xCs2qkjE5L84xvdtIaTF\" alt=\"\"\/><\/figure>\n\n\n\n<figure class=\"wp-block-image\"><img decoding=\"async\" src=\"https:\/\/lh4.googleusercontent.com\/lxvdgLkJA8V_aYgzRcGEYPOJJfJ3anAvhraYi2l9ekHRCXQDrfDxsPyC11eVUltdnau-Uss7eJgRyYovdp-cw-uECFtbM30AZBMTuqB6X239QwijOVyB5XtSn_TzmcefOChiVuG3\" alt=\"\"\/><\/figure>\n\n\n\n<figure class=\"wp-block-image\"><img decoding=\"async\" src=\"https:\/\/lh4.googleusercontent.com\/YwRWSY9o-sRJopRxx0bX4SkV_KcFmxAoe_B2gazrUAF2wwdrjjCirwY_7zHes-s61Mf1ECbPkl-GuYdCwVcv_gpmmLAF80sLOJlScl28RQh3pyYmSLtQdAo0XRI9iwzcnr4r1qsH\" alt=\"\"\/><\/figure>\n\n\n\n<figure class=\"wp-block-image\"><img decoding=\"async\" src=\"https:\/\/lh5.googleusercontent.com\/Y1BLQXNC9UMW0EcdQjmqPKhld7XTNjyGWq_xGT84ksGAZ4wkmDRGZqmNUgUfZ6d62asNSFkS5Rt32Bap6GefTOMeY9SpSli8Al-ikhMzAAoZgyVurprQMr3_-aMHiC8iTs0fetYz\" alt=\"\"\/><\/figure>\n\n\n\n<figure class=\"wp-block-image\"><img decoding=\"async\" src=\"https:\/\/lh4.googleusercontent.com\/lErHgEjpk3pXYJU6DBXoXWa4hNpdAwbT2cMOR45lhzMDOt6zvWkh6KzzkGD4BFrtdQtXASVX8nglYHhBXXba-xxIQOjuDYe_sNwuI2ourVtCQsULBDIUicJAXVESk-3AuPePSKGo\" alt=\"\"\/><\/figure>\n\n\n\n<h2 class=\"wp-block-heading\"><div class=\"linha-header\">A RETOMADA<\/div><\/h2>\n\n\n\n<h2 class=\"wp-block-heading\"><div class=\"linha-header\"><\/div><\/h2>\n\n\n\n<p class=\" \">Em 1997, a Orquestra de Viol\u00f5es da Para\u00edba foi desativada. Entretanto, em maio de 2005, foi reativada, sob a coordena\u00e7\u00e3o e iniciativa de&nbsp;Carla Santos&nbsp;e&nbsp;Cyran Costa, ex-integrantes da orquestra desde sua cria\u00e7\u00e3o no ano&nbsp;de&nbsp;1992. Em 2007, ap\u00f3s dez anos longe dos palcos paraibanos,&nbsp;e dois anos ap\u00f3s a reativa\u00e7\u00e3o,&nbsp;a OVPB reestreou oficialmente, passando&nbsp;a realizar concertos mensais em diversos espa\u00e7os p\u00fablicos e privados da cidade, al\u00e9m de realizar uma s\u00e9rie de programas em parceria com a R\u00e1dio Tabajara FM, que incluiu a realiza\u00e7\u00e3o do programa Canto das Cordas.<\/p>\n\n\n\n<figure class=\"wp-block-image\"><img decoding=\"async\" src=\"https:\/\/lh3.googleusercontent.com\/IiIVxxEeNYexYuzlEZSqLr3oZDVtGyAQPFRzVkDBUXAR0_QJxURu5GNcNM4wV7Vw2gP6d07qDiBF2XeY6VkjJmA7tR2OcmWLztn4EvaH4RH0ndgj5iCRvXZ4_XdOnWDjFf_nYZLA\" alt=\"\"\/><\/figure>\n\n\n\n<figure class=\"wp-block-image\"><img decoding=\"async\" src=\"https:\/\/lh5.googleusercontent.com\/5dNm17zZRwX2yZzxwmiZ8ZQTYGbTObid2Mo3gZv6M2sTNgAsT2AbjzkM_cK8ynG80ny0BzGzohEBjQGJYEgAKuxOUP4iYhHewEtU9PIg3LKehezVu8TEVUcDImG2YuSo7VtQBw5s\" alt=\"_OVPB  02 07 - Comunica\u00e7\u00e3o - Google Drive (2).png\" title=\"_OVPB  02 07 - Comunica\u00e7\u00e3o - Google Drive (2).png\"\/><\/figure>\n\n\n\n<p class=\" \"><em>Concerto de reestreia em 2007 &#8211; Cine Bangu\u00ea.<\/em><\/p>\n\n\n\n<h2 class=\"wp-block-heading\"><div class=\"linha-header\">CD IN\u00c9DITO<\/div><\/h2>\n\n\n\n<p>No ano de 2008 a Orquestra gravou seu terceiro CD in\u00e9dito, intitulado \u201cOrquestra de Viol\u00f5es Interpretando a Para\u00edba\u201d, lan\u00e7ado em 2009. O CD foi o marco da nova fase da Orquestra de Viol\u00f5es, sob a batuta e coordena\u00e7\u00e3o da maestrina&nbsp;Carla Santos&nbsp;e de&nbsp;Cyran Costa, com dire\u00e7\u00e3o musical do compositor&nbsp;Rog\u00e9rio Borges. No repert\u00f3rio, composi\u00e7\u00f5es de paraibanos como Sivuca e Glorinha Gadelha, Vital Farias, Chico C\u00e9sar e L\u00facio Lins, Canhoto da Para\u00edba, entre outros, com arranjos audaciosos e marcantes, atraiu e conquistou a aten\u00e7\u00e3o do p\u00fablico apreciador.<\/p>\n\n\n\n<figure class=\"wp-block-image\"><img decoding=\"async\" src=\"https:\/\/lh6.googleusercontent.com\/5IfrRkbxTyHpLFpPJ7937RQhx9EfEYrAp5GTXPStjj0obhez3_IzLE03iLjMxSai9fcRwAa9ZG6Vbzqs1v5AtdwNPJHzUxfPk1XPPOS2qVbYc-9w1cUMa4iUCrVl752DawY4TAxQ\" alt=\"_OVPB  02 07 - Comunica\u00e7\u00e3o - Google Drive (3).png\" title=\"_OVPB  02 07 - Comunica\u00e7\u00e3o - Google Drive (3).png\"\/><\/figure>\n\n\n\n<h2 class=\"wp-block-heading\"><div class=\"linha-header\"><img loading=\"lazy\" decoding=\"async\" height=\"300\" src=\"https:\/\/lh3.googleusercontent.com\/tedGfOyDDv0wqPU2yineB-1i-BTi0W9buFFuliJppGqlandFai8Xdz3okDWfjE3UhIVktKvmK-64n63MFiQ-AAEwV-JMT0GwA7sROuQrqh0-Q5ep_qXWd8Y-1b1H9XyqgWiLAhCh\" width=\"602\"><\/div><\/h2>\n\n\n\n<figure class=\"wp-block-image\"><img decoding=\"async\" src=\"https:\/\/lh3.googleusercontent.com\/L_ckwZpq6Gl5q3xTd5p795_lModaQJAl05HGjdvv0_2q5DhqNjEiPue4TapDq2quoo7QTWuo5-RsZ1YMm8h4s-zeG_AkH753HF75R5uW1sDjz_DFJs2WNMNoRuoUrNNWEeEByNwJ\" alt=\"\"\/><\/figure>\n\n\n\n<h2 class=\"wp-block-heading\"><div class=\"linha-header\">NOVA FASE<\/div><\/h2>\n\n\n\n<p class=\" \">Uma nova fase da Orquestra de Viol\u00f5es da Para\u00edba foi iniciada no ano de 2015, per\u00edodo em que passou a fazer parte das atividades de extens\u00e3o da Universidade Federal da Para\u00edba sob a coordena\u00e7\u00e3o da professora Carla Santos e do professor Vanildo Marinho. Essa fase \u00e9 marcada pela atua\u00e7\u00e3o da Orquestra tamb\u00e9m no campo do ensino do viol\u00e3o, nos cursos de viol\u00e3o coletivo, inclusive na modalidade on-line, a partir de 2020, por causa da pandemia. Atualmente, a OVPB faz seus ensaios semanalmente na sala 104 do CCTA, sob a reg\u00eancia de Carla Santos &#8211;&nbsp;ensaios suspensos temporariamente devido \u00e0 pandemia.&nbsp;<\/p>\n\n\n\n<p class=\" \">Nessa fase, a OVPB passou a contar com a colabora\u00e7\u00e3o do maestro, compositor e arranjador Tom K, na elabora\u00e7\u00e3o&nbsp;de&nbsp;arranjos que s\u00e3o apresentados pela orquestra. Como uma extens\u00e3o da proposta did\u00e1tica do grupo, os integrantes da orquestra tamb\u00e9m s\u00e3o incentivados a elaborar arranjos&nbsp;para compor&nbsp;o repert\u00f3rio do grupo, a exemplo do show em comemora\u00e7\u00e3o aos 27 anos da OVPB,&nbsp;que teve todas as m\u00fasicas com&nbsp;arranjos dos pr\u00f3prios integrantes.&nbsp;<\/p>\n","protected":false},"excerpt":{"rendered":"<p>Orquestra de Viol\u00f5es da Para\u00edba A&nbsp;Orquestra de Viol\u00f5es da Para\u00edba&nbsp;(OVPB)&nbsp;\u00e9 um projeto de extens\u00e3o da [&hellip;]<\/p>\n","protected":false},"author":47,"featured_media":0,"parent":0,"menu_order":0,"comment_status":"closed","ping_status":"closed","template":"","meta":{"footnotes":""},"class_list":["post-16","page","type-page","status-publish","hentry"],"_links":{"self":[{"href":"https:\/\/www.ccta.ufpb.br\/ovpb\/wp-json\/wp\/v2\/pages\/16","targetHints":{"allow":["GET"]}}],"collection":[{"href":"https:\/\/www.ccta.ufpb.br\/ovpb\/wp-json\/wp\/v2\/pages"}],"about":[{"href":"https:\/\/www.ccta.ufpb.br\/ovpb\/wp-json\/wp\/v2\/types\/page"}],"author":[{"embeddable":true,"href":"https:\/\/www.ccta.ufpb.br\/ovpb\/wp-json\/wp\/v2\/users\/47"}],"replies":[{"embeddable":true,"href":"https:\/\/www.ccta.ufpb.br\/ovpb\/wp-json\/wp\/v2\/comments?post=16"}],"version-history":[{"count":2,"href":"https:\/\/www.ccta.ufpb.br\/ovpb\/wp-json\/wp\/v2\/pages\/16\/revisions"}],"predecessor-version":[{"id":38,"href":"https:\/\/www.ccta.ufpb.br\/ovpb\/wp-json\/wp\/v2\/pages\/16\/revisions\/38"}],"wp:attachment":[{"href":"https:\/\/www.ccta.ufpb.br\/ovpb\/wp-json\/wp\/v2\/media?parent=16"}],"curies":[{"name":"wp","href":"https:\/\/api.w.org\/{rel}","templated":true}]}}