{"id":18,"date":"2025-07-07T23:17:03","date_gmt":"2025-07-08T02:17:03","guid":{"rendered":"https:\/\/www.ccta.ufpb.br\/ovpb\/?page_id=18"},"modified":"2025-10-30T16:18:18","modified_gmt":"2025-10-30T19:18:18","slug":"membros","status":"publish","type":"page","link":"https:\/\/www.ccta.ufpb.br\/ovpb\/membros\/","title":{"rendered":"Membros"},"content":{"rendered":"\n<h2 class=\"wp-block-heading\"><div class=\"linha-header\"><\/div><\/h2>\n\n\n\n<p class=\" \"><strong>Carla Santos (coordena\u00e7\u00e3o e reg\u00eancia)<\/strong><\/p>\n\n\n\n<figure class=\"wp-block-image is-resized\"><img decoding=\"async\" src=\"https:\/\/lh4.googleusercontent.com\/Oow6SG21G1Hozw67LEgje7fkpG4ci6fxmiPEjtzb3398GSBTBvoodoa-zyEloUifyWC7nADCmqx7hj5Z_hb1pfEzxGdAeBlbfvrIGFpVkAG8jZoKwTeognkbeKaxAecGD5E43CqD\" alt=\"\" style=\"width:362px;height:auto\" \/><\/figure>\n\n\n\n<p>Carla Pereira dos Santos:&nbsp;Doutora em M\u00fasica, \u00e1rea de concentra\u00e7\u00e3o Educa\u00e7\u00e3o Musical, pela Universidade Federal do Rio Grande do Sul (UFRGS). Atualmente \u00e9 professora do Departamento de Educa\u00e7\u00e3o Musical, da Universidade Federal da Para\u00edba (UFPB), integrante do Grupo de Pesquisa Pr\u00e1ticas de Ensino e Aprendizagem da M\u00fasica em M\u00faltiplos Contextos (PENSAMus). Tem como tema de estudo a forma\u00e7\u00e3o docente, est\u00e1gio supervisionado e ensino de instrumento, mais especificamente, com foco no ensino de viol\u00e3o. \u00c9 coordenadora do projeto de extens\u00e3o Orquestra de Viol\u00f5es da Para\u00edba e curso de viol\u00e3o coletivo, que \u00e9 um laborat\u00f3rio de pr\u00e1tica interpretativa e atua\u00e7\u00e3o docente. Foi professora da Escola de M\u00fasica da Universidade Federal do Rio Grande do Norte (UFRN) e da Escola de M\u00fasica Anthenor Navarro, em Jo\u00e3o Pessoa. Foi Regente do Coral infantil da Para\u00edba, e \u00e9 Regente titular da Orquestra de Viol\u00f5es da Para\u00edba.<\/p>\n\n\n\n<p><strong>Vanildo Marinho (vice-coordena\u00e7\u00e3o)<\/strong><\/p>\n\n\n\n<p>Doutor em M\u00fasica (\u00e1rea de Etnomusicologia) (2016) pela Universidade Federal da Bahia (UFBA). Mestre em Biblioteconomia (1998) pela Universidade Federal da Para\u00edba (UFPB). Possui Especializa\u00e7\u00e3o em Capacita\u00e7\u00e3o de Recursos Humanos para Pesquisa Educacional (1994) pela UFPB. Bacharel em Composi\u00e7\u00e3o e Reg\u00eancia (op\u00e7\u00e3o Composi\u00e7\u00e3o) (1991) pela UFBA. Bacharel em M\u00fasica (Instrumento Percuss\u00e3o) (1983) pela UFPB. \u00c9 Professor Adjunto do Departamento de Educa\u00e7\u00e3o Musical da UFPB. Tem atuado na \u00e1rea de M\u00fasica, principalmente nos campos da Educa\u00e7\u00e3o Musical, Etnomusicologia e Percuss\u00e3o. Atua na Orquestra de Viol\u00f5es da Para\u00edba tanto como coordenador adjunto quanto como percussionista.<\/p>\n\n\n\n<p><strong>Raphael Caserta (t\u00e9cnico em m\u00fasica)<\/strong><\/p>\n\n\n\n<p>Tubista e compositor, Bacharel em M\u00fasica pela Universidade de S\u00e3o Paulo e formado em tuba pela Escola de M\u00fasica do Estado de S\u00e3o Paulo (EMESP), Raphael Caserta integrou grupos como a Banda Sinf\u00f4nica Municipal de Sumar\u00e9 (2012 a 2023), a Orquestra Sinf\u00f4nica Jovem do Estado de S\u00e3o Paulo, a Banda Sinf\u00f4nica Jovem do Estado de S\u00e3o Paulo e o grupo Camerata Profana (grupo dedicado \u00e0 pesquisa, cria\u00e7\u00e3o e interpreta\u00e7\u00e3o de m\u00fasica de concerto contempor\u00e2nea) . Estudou composi\u00e7\u00e3o musical com Maur\u00edcio de Bonis e desde junho de 2023 atua como T\u00e9cnico em M\u00fasica da OVPB, prestando suporte t\u00e9cnico e administrativo ao grupo.&nbsp;<\/p>\n\n\n\n<h2 class=\"wp-block-heading\"><div class=\"linha-header\">INTEGRANTES DA ORQUESTRA<\/div><\/h2>\n\n\n\n<p><strong>REG\u00caNCIA<\/strong><\/p>\n\n\n\n<p>Carla Santos<\/p>\n\n\n\n<p><strong>VIOL\u00c3O I<\/strong><\/p>\n\n\n\n<p>Samuel Alves (spalla)<br>Erick Richardson<\/p>\n\n\n\n<p><strong>VIOL\u00c3O II<\/strong><\/p>\n\n\n\n<p>Mateus das Neves<br>Kau\u00ea Peregrino<br>William Sepulvida<\/p>\n\n\n\n<p><strong>VIOL\u00c3O III<\/strong><\/p>\n\n\n\n<p>Danyel Mello<br>Danillo Wagner<br>Everton Ara\u00fajo<br>Leandro Lima<\/p>\n\n\n\n<p><strong>VIOL\u00c3O IV<\/strong><\/p>\n\n\n\n<p>Slovik Gomes<br>Jo\u00e3o F\u00e9lix<br>Ana Martel<br>Reginaldo Ven\u00e2ncio<\/p>\n\n\n\n<p><strong>CLARINETE<\/strong><\/p>\n\n\n\n<p>Davi Oliveira<\/p>\n\n\n\n<p><strong>SANFONA<\/strong><\/p>\n\n\n\n<p>Natan Nunes<\/p>\n\n\n\n<p><strong>TROMBONE<\/strong><\/p>\n\n\n\n<p>Martone Viana<\/p>\n\n\n\n<p><strong>BATERIA E PERCUSS\u00c3O<\/strong><\/p>\n\n\n\n<p>Jo\u00e3o Victor Vieira<br>Vanildo Marinho<br>David Henrique Rodrigues<br>Talitta Leonillia<\/p>\n\n\n\n<p><strong>VOCAIS<\/strong><\/p>\n\n\n\n<p>Thawanne Vasconcelos<br>Anna Carolina Gomes<br>Nize Carneiro<br>Jo\u00e3o Gabriel Ramos<br>Luduvina Farias<\/p>\n","protected":false},"excerpt":{"rendered":"<p>Carla Santos (coordena\u00e7\u00e3o e reg\u00eancia) Carla Pereira dos Santos:&nbsp;Doutora em M\u00fasica, \u00e1rea de concentra\u00e7\u00e3o Educa\u00e7\u00e3o [&hellip;]<\/p>\n","protected":false},"author":47,"featured_media":0,"parent":0,"menu_order":0,"comment_status":"closed","ping_status":"closed","template":"","meta":{"footnotes":""},"class_list":["post-18","page","type-page","status-publish","hentry"],"_links":{"self":[{"href":"https:\/\/www.ccta.ufpb.br\/ovpb\/wp-json\/wp\/v2\/pages\/18","targetHints":{"allow":["GET"]}}],"collection":[{"href":"https:\/\/www.ccta.ufpb.br\/ovpb\/wp-json\/wp\/v2\/pages"}],"about":[{"href":"https:\/\/www.ccta.ufpb.br\/ovpb\/wp-json\/wp\/v2\/types\/page"}],"author":[{"embeddable":true,"href":"https:\/\/www.ccta.ufpb.br\/ovpb\/wp-json\/wp\/v2\/users\/47"}],"replies":[{"embeddable":true,"href":"https:\/\/www.ccta.ufpb.br\/ovpb\/wp-json\/wp\/v2\/comments?post=18"}],"version-history":[{"count":4,"href":"https:\/\/www.ccta.ufpb.br\/ovpb\/wp-json\/wp\/v2\/pages\/18\/revisions"}],"predecessor-version":[{"id":75,"href":"https:\/\/www.ccta.ufpb.br\/ovpb\/wp-json\/wp\/v2\/pages\/18\/revisions\/75"}],"wp:attachment":[{"href":"https:\/\/www.ccta.ufpb.br\/ovpb\/wp-json\/wp\/v2\/media?parent=18"}],"curies":[{"name":"wp","href":"https:\/\/api.w.org\/{rel}","templated":true}]}}