{"id":18,"date":"2026-02-15T09:16:33","date_gmt":"2026-02-15T12:16:33","guid":{"rendered":"https:\/\/www.ccta.ufpb.br\/ppgm\/?page_id=18"},"modified":"2026-02-25T20:31:29","modified_gmt":"2026-02-25T23:31:29","slug":"apresentacao","status":"publish","type":"page","link":"https:\/\/www.ccta.ufpb.br\/ppgm\/apresentacao\/","title":{"rendered":"Apresenta\u00e7\u00e3o"},"content":{"rendered":"\n<p>O Programa de P\u00f3s Gradua\u00e7\u00e3o em M\u00fasica da UFPB &#8211; PPGM\/UFPB &#8211;&nbsp; foi&nbsp; fundado no dia 01 de setembro de 2004, com a institui\u00e7\u00e3o de sua primeira turma. Fundamentado na excel\u00eancia art\u00edstica e no rigor cient\u00edfico, o Programa prepara e qualifica educadores musicais, int\u00e9rpretes, compositores, music\u00f3logos e etnomusic\u00f3logos com o embasamento necess\u00e1rio para desenvolver sua capacidade cultural e cient\u00edfica, al\u00e9m de expandir o potencial criador dos profissionais atuantes nas diversas \u00e1reas da m\u00fasica.<\/p>\n\n\n\n<p>O Programa de P\u00f3s-Gradua\u00e7\u00e3o em M\u00fasica tem como objetivos:<\/p>\n\n\n\n<ul class=\"wp-block-list\">\n<li>No Curso de Mestrado: formar professores e pesquisadores para a doc\u00eancia do Ensino Superior, visando qualificar mestres com compet\u00eancias t\u00e9cnicas e capacidade reflexiva, cr\u00edtica, art\u00edstica, \u00e9tica e humana para atuar em diferentes campos da \u00e1rea.<\/li>\n<\/ul>\n\n\n\n<ul class=\"wp-block-list\">\n<li>No Curso de Doutorado: formar professores e pesquisadores para a doc\u00eancia do Ensino Superior, com vistas a qualificar doutores com compet\u00eancias t\u00e9cnicas e capacidade reflexiva, cr\u00edtica, art\u00edstica, \u00e9tica e humana para atuar em diferentes campos da m\u00fasica, que contribuam para o avan\u00e7o e a inova\u00e7\u00e3o do conhecimento cient\u00edfico e art\u00edstico na \u00e1rea.<\/li>\n<\/ul>\n\n\n\n<p>Nessa conjuntura, o Programa tem consolidado e fortalecido os seus objetivos espec\u00edficos visando, de forma continuada e consistente:&nbsp;<\/p>\n\n\n\n<ul class=\"wp-block-list\">\n<li>contribuir para a amplia\u00e7\u00e3o e o fortalecimento da pesquisa em m\u00fasica na Para\u00edba, na Regi\u00e3o Nordeste e no Brasil;\u00a0<\/li>\n\n\n\n<li>gerar conhecimento em m\u00fasica por meio da pesquisa e da pr\u00e1tica musical;\u00a0<\/li>\n\n\n\n<li>qualificar professores e pesquisadores em geral da \u00e1rea de m\u00fasica para atuar nos espa\u00e7os emergentes da sociedade contempor\u00e2nea.<\/li>\n<\/ul>\n\n\n\n<p>Dessa forma, o Programa tem cumprido a miss\u00e3o de incrementar, inovar e impactar a produ\u00e7\u00e3o musical e a sociedade brasileira, a partir da forma\u00e7\u00e3o profissional e de pr\u00e1xis de pesquisas consistentes, \u00e9ticas e socialmente relevantes na \u00e1rea de m\u00fasica.<\/p>\n","protected":false},"excerpt":{"rendered":"<p>O Programa de P\u00f3s Gradua\u00e7\u00e3o em M\u00fasica da UFPB &#8211; PPGM\/UFPB &#8211;&nbsp; foi&nbsp; fundado no [&hellip;]<\/p>\n","protected":false},"author":47,"featured_media":0,"parent":0,"menu_order":0,"comment_status":"closed","ping_status":"closed","template":"","meta":{"footnotes":""},"class_list":["post-18","page","type-page","status-publish","hentry"],"_links":{"self":[{"href":"https:\/\/www.ccta.ufpb.br\/ppgm\/wp-json\/wp\/v2\/pages\/18","targetHints":{"allow":["GET"]}}],"collection":[{"href":"https:\/\/www.ccta.ufpb.br\/ppgm\/wp-json\/wp\/v2\/pages"}],"about":[{"href":"https:\/\/www.ccta.ufpb.br\/ppgm\/wp-json\/wp\/v2\/types\/page"}],"author":[{"embeddable":true,"href":"https:\/\/www.ccta.ufpb.br\/ppgm\/wp-json\/wp\/v2\/users\/47"}],"replies":[{"embeddable":true,"href":"https:\/\/www.ccta.ufpb.br\/ppgm\/wp-json\/wp\/v2\/comments?post=18"}],"version-history":[{"count":3,"href":"https:\/\/www.ccta.ufpb.br\/ppgm\/wp-json\/wp\/v2\/pages\/18\/revisions"}],"predecessor-version":[{"id":132,"href":"https:\/\/www.ccta.ufpb.br\/ppgm\/wp-json\/wp\/v2\/pages\/18\/revisions\/132"}],"wp:attachment":[{"href":"https:\/\/www.ccta.ufpb.br\/ppgm\/wp-json\/wp\/v2\/media?parent=18"}],"curies":[{"name":"wp","href":"https:\/\/api.w.org\/{rel}","templated":true}]}}