{"id":22,"date":"2026-02-15T09:16:50","date_gmt":"2026-02-15T12:16:50","guid":{"rendered":"https:\/\/www.ccta.ufpb.br\/ppgm\/?page_id=22"},"modified":"2026-02-16T10:28:40","modified_gmt":"2026-02-16T13:28:40","slug":"linhas-de-pesquisa","status":"publish","type":"page","link":"https:\/\/www.ccta.ufpb.br\/ppgm\/linhas-de-pesquisa\/","title":{"rendered":"Linhas de Pesquisa"},"content":{"rendered":"\n<h3 class=\"wp-block-heading\">\u00c1REAS DE CONCENTRA\u00c7\u00c3O E LINHAS DE PESQUISA<\/h3>\n\n\n\n<p>\u00a0 O Programa de P\u00f3s-gradua\u00e7\u00e3o em M\u00fasica tem como \u00e1reas de concentra\u00e7\u00e3o e linhas de pesquisa:<\/p>\n\n\n\n<p><strong>At\u00e9 2018 (Resolu\u00e7\u00e3o CONSEPE 44\/2013):<\/strong><\/p>\n\n\n\n<figure class=\"wp-block-table\"><table class=\"has-fixed-layout\"><tbody><tr><th class=\"has-text-align-left\" data-align=\"left\" colspan=\"2\">Curso de Mestrado<\/th><\/tr><tr><td class=\"has-text-align-left\" data-align=\"left\"><strong>\u00c1reas de Concentra\u00e7\u00e3o<\/strong><\/td><td class=\"has-text-align-left\" data-align=\"left\"><strong>Linhas de Pesquisa<\/strong><\/td><\/tr><tr><td>Composi\u00e7\u00e3o<\/td><td>&#8211; Processos e Pr\u00e1ticas Composicionais<\/td><\/tr><tr><td>Educa\u00e7\u00e3o Musical<\/td><td>&#8211; Processos e Pr\u00e1ticas Educativo-Musicais<\/td><\/tr><tr><td>Etnomusicologia<\/td><td>&#8211; M\u00fasica, Cultura e Performance<\/td><\/tr><tr><td>Musicologia<\/td><td>&#8211; Hist\u00f3ria, Est\u00e9tica e Fenomenologia da M\u00fasica<\/td><\/tr><tr><td>Pr\u00e1ticas Interpretativas<\/td><td>&#8211; Dimens\u00f5es Te\u00f3ricas e Pr\u00e1ticas da Interpreta\u00e7\u00e3o Musical<\/td><\/tr><\/tbody><\/table><\/figure>\n\n\n\n<figure class=\"wp-block-table\"><table class=\"has-fixed-layout\"><tbody><tr><th class=\"has-text-align-left\" data-align=\"left\" colspan=\"2\">Curso de Doutorado<\/th><\/tr><tr><td class=\"has-text-align-left\" data-align=\"left\"><strong>\u00c1reas de Concentra\u00e7\u00e3o<\/strong><\/td><td class=\"has-text-align-left\" data-align=\"left\"><strong>Linhas de Pesquisa<\/strong><\/td><\/tr><tr><td>\u00c1rea de Composi\u00e7\u00e3o e Interpreta\u00e7\u00e3o Musical<\/td><td>&#8211; Processos e Pr\u00e1ticas Composicionais- Dimens\u00f5es Te\u00f3ricas e Pr\u00e1ticas da Interpreta\u00e7\u00e3o Musical<\/td><\/tr><tr><td>\u00c1rea de Musicologia\/Etnomusicologia<\/td><td>&#8211; M\u00fasica, Cultura e Performance- Hist\u00f3ria, Est\u00e9tica e Fenomenologia da M\u00fasica<\/td><\/tr><tr><td>\u00c1rea de Educa\u00e7\u00e3o Musical<\/td><td>&#8211; Processos e Pr\u00e1ticas Educativo-Musicais<\/td><\/tr><\/tbody><\/table><\/figure>\n\n\n\n<p><strong>A partir de 2018 (Resolu\u00e7\u00e3o CONSEPE 03\/2018):<\/strong><\/p>\n\n\n\n<figure class=\"wp-block-table\"><table class=\"has-fixed-layout\"><tbody><tr><th class=\"has-text-align-left\" data-align=\"left\" colspan=\"2\">Cursos de Mestrado e Doutorado<\/th><\/tr><tr><td class=\"has-text-align-left\" data-align=\"left\"><strong>\u00c1reas de Concentra\u00e7\u00e3o<\/strong><\/td><td class=\"has-text-align-left\" data-align=\"left\"><strong>Linhas de Pesquisa<\/strong><\/td><\/tr><tr><td>\u00c1rea de Composi\u00e7\u00e3o e Interpreta\u00e7\u00e3o Musical<\/td><td>&#8211; Processos Criativos em M\u00fasica- Dimens\u00f5es Te\u00f3ricas e Pr\u00e1ticas da Interpreta\u00e7\u00e3o Musical<\/td><\/tr><tr><td>\u00c1rea de Musicologia\/Etnomusicologia<\/td><td>&#8211; M\u00fasica, Cultura e Performance- Hist\u00f3ria, Est\u00e9tica e Fenomenologia da M\u00fasica<\/td><\/tr><tr><td>\u00c1rea de Educa\u00e7\u00e3o Musical<\/td><td>&#8211; Processos e Pr\u00e1ticas Educativo-Musicais<\/td><\/tr><\/tbody><\/table><\/figure>\n","protected":false},"excerpt":{"rendered":"<p>\u00c1REAS DE CONCENTRA\u00c7\u00c3O E LINHAS DE PESQUISA \u00a0 O Programa de P\u00f3s-gradua\u00e7\u00e3o em M\u00fasica tem [&hellip;]<\/p>\n","protected":false},"author":47,"featured_media":0,"parent":0,"menu_order":0,"comment_status":"closed","ping_status":"closed","template":"","meta":{"footnotes":""},"class_list":["post-22","page","type-page","status-publish","hentry"],"_links":{"self":[{"href":"https:\/\/www.ccta.ufpb.br\/ppgm\/wp-json\/wp\/v2\/pages\/22","targetHints":{"allow":["GET"]}}],"collection":[{"href":"https:\/\/www.ccta.ufpb.br\/ppgm\/wp-json\/wp\/v2\/pages"}],"about":[{"href":"https:\/\/www.ccta.ufpb.br\/ppgm\/wp-json\/wp\/v2\/types\/page"}],"author":[{"embeddable":true,"href":"https:\/\/www.ccta.ufpb.br\/ppgm\/wp-json\/wp\/v2\/users\/47"}],"replies":[{"embeddable":true,"href":"https:\/\/www.ccta.ufpb.br\/ppgm\/wp-json\/wp\/v2\/comments?post=22"}],"version-history":[{"count":2,"href":"https:\/\/www.ccta.ufpb.br\/ppgm\/wp-json\/wp\/v2\/pages\/22\/revisions"}],"predecessor-version":[{"id":78,"href":"https:\/\/www.ccta.ufpb.br\/ppgm\/wp-json\/wp\/v2\/pages\/22\/revisions\/78"}],"wp:attachment":[{"href":"https:\/\/www.ccta.ufpb.br\/ppgm\/wp-json\/wp\/v2\/media?parent=22"}],"curies":[{"name":"wp","href":"https:\/\/api.w.org\/{rel}","templated":true}]}}