{"id":36,"date":"2026-02-15T09:17:50","date_gmt":"2026-02-15T12:17:50","guid":{"rendered":"https:\/\/www.ccta.ufpb.br\/ppgm\/?page_id=36"},"modified":"2026-02-16T10:45:40","modified_gmt":"2026-02-16T13:45:40","slug":"regulamentos-e-resolucoes","status":"publish","type":"page","link":"https:\/\/www.ccta.ufpb.br\/ppgm\/regulamentos-e-resolucoes\/","title":{"rendered":"Regulamentos e Resolu\u00e7\u00f5es"},"content":{"rendered":"\n<h2 class=\"wp-block-heading\"><div class=\"linha-header\"><a href=\"http:\/\/plone.ufpb.br\/ppgm\/contents\/documentos\/copy2_of_RESOLUCAOPPGM012025BOLSAS.pdf\">RESOLU\u00c7\u00c3O PPGM DE BOLSAS N\u00b0 1 \/ 2025<\/a><\/div><\/h2>\n\n\n\n<p>&nbsp; &nbsp; &nbsp;Regulamenta as normas para a concess\u00e3o de bolsas e para o acompanhamento de bolsistas de Mestrado, Doutorado e P\u00f3s-Doutorado no \u00e2mbito do Programa de P\u00f3s-Gradua\u00e7\u00e3o em M\u00fasica da Universidade Federal da Para\u00edba.<\/p>\n\n\n\n<h2 class=\"wp-block-heading\"><div class=\"linha-header\"><a href=\"http:\/\/www.ccta.ufpb.br\/ppgm\/wp-content\/uploads\/sites\/102\/sites\/448\/2026\/02\/RESOLUCAO032018.pdf\">RESOLU\u00c7\u00c3O&nbsp;N\u00ba&nbsp;03\/2018 do CONSEPE<\/a><\/div><\/h2>\n\n\n\n<p>Revoga a Resolu\u00e7\u00e3o 44\/2013 do Consepe e aprova a nova reda\u00e7\u00e3o do Regulamento e da Estrutura Acad\u00eamica do Programa de P\u00f3s-Gradua\u00e7\u00e3o em M\u00fasica, em n\u00edvel de Mestrado e Doutorado, do Centro de Comunica\u00e7\u00e3o Turismo e Artes.<\/p>\n\n\n\n<h2 class=\"wp-block-heading\"><div class=\"linha-header\"><a href=\"https:\/\/drive.google.com\/file\/d\/1nxdOuoC0XQAmi_HYzix-pIuK3YYu8SQZ\/view?usp=sharing\" target=\"_blank\" rel=\"noreferrer noopener\">RESOLU\u00c7\u00c3O PPGM N\u00b0 1 \/ 2014<\/a><\/div><\/h2>\n\n\n\n<p class=\" \"><a href=\"http:\/\/plone.ufpb.br\/ppgm\/contents\/documentos\/RESOLUCAO032018.pdf\">\u00a0<\/a>\u00a0 \u00a0\u00a0Revoga a Resolu\u00e7\u00e3o PPGM N. 2\/2012 e estabelece prazos para\u00a0a realiza\u00e7\u00e3o de atividades obrigat\u00f3rias para integraliza\u00e7\u00e3o dos\u00a0curso de Mestrado e de Doutorado do PPGM.<\/p>\n\n\n\n<h2 class=\"wp-block-heading\"><div class=\"linha-header\">&nbsp;&nbsp;<a href=\"http:\/\/plone.ufpb.br\/ppgm\/contents\/documentos\/resolucao-34-2014-do-consepe.pdf\">RESOLU\u00c7\u00c3O N\u00ba 34\/2014 do CONSEPE<\/a><\/div><\/h2>\n\n\n\n<p>&nbsp;&nbsp; &nbsp;&nbsp; Altera o Regulamento Geral dos Programas de P\u00f3s-Gradua\u00e7\u00e3o Stricto Sensu da Universidade Federal da Para\u00edba, aprovado pela Resolu\u00e7\u00e3o Consepe n\u00ba 79\/2013.<\/p>\n\n\n\n<h2 class=\"wp-block-heading\"><div class=\"linha-header\">&nbsp;&nbsp;<a href=\"http:\/\/www.ccta.ufpb.br\/ppgm\/wp-content\/uploads\/sites\/102\/sites\/448\/2026\/02\/resolucao-79-2013-do-consepe.pdf\">RESOLU\u00c7\u00c3O N\u00ba 79\/2013 do CONSEPE<\/a><\/div><\/h2>\n\n\n\n<p>&nbsp;&nbsp;&nbsp;&nbsp; Revoga a Resolu\u00e7\u00e3o n\u00ba 12\/2000 do CONSEPE e d\u00e1 nova reda\u00e7\u00e3o ao Regulamento Geral dos Programas de P\u00f3s-Gradua\u00e7\u00e3o Stricto Sensu da Universidade Federal da Para\u00edba.<\/p>\n\n\n\n<h2 class=\"wp-block-heading\"><div class=\"linha-header\">&nbsp;&nbsp;&nbsp;&nbsp;<a href=\"http:\/\/www.ccta.ufpb.br\/ppgm\/wp-content\/uploads\/sites\/102\/sites\/448\/2026\/02\/resolucao-44-2013-do-consepe.pdf\">&nbsp;RESOLU\u00c7\u00c3O N\u00ba 44\/2013 do CONSEPE<\/a><\/div><\/h2>\n\n\n\n<p>&nbsp; &nbsp; &nbsp; Revoga a Resolu\u00e7\u00e3o 58\/2008 e 21\/2012 do Consepe e aprova a nova reda\u00e7\u00e3o do Regulamento e da Estrutura Acad\u00eamica do Programa de P\u00f3s-Gradua\u00e7\u00e3o em M\u00fasica, em n\u00edvel de Mestrado e Doutorado, do Centro de Comunica\u00e7\u00e3o Turismo e Artes.<\/p>\n","protected":false},"excerpt":{"rendered":"<p>RESOLU\u00c7\u00c3O PPGM DE BOLSAS N\u00b0 1 \/ 2025 &nbsp; &nbsp; &nbsp;Regulamenta as normas para a [&hellip;]<\/p>\n","protected":false},"author":47,"featured_media":0,"parent":0,"menu_order":0,"comment_status":"closed","ping_status":"closed","template":"","meta":{"footnotes":""},"class_list":["post-36","page","type-page","status-publish","hentry"],"_links":{"self":[{"href":"https:\/\/www.ccta.ufpb.br\/ppgm\/wp-json\/wp\/v2\/pages\/36","targetHints":{"allow":["GET"]}}],"collection":[{"href":"https:\/\/www.ccta.ufpb.br\/ppgm\/wp-json\/wp\/v2\/pages"}],"about":[{"href":"https:\/\/www.ccta.ufpb.br\/ppgm\/wp-json\/wp\/v2\/types\/page"}],"author":[{"embeddable":true,"href":"https:\/\/www.ccta.ufpb.br\/ppgm\/wp-json\/wp\/v2\/users\/47"}],"replies":[{"embeddable":true,"href":"https:\/\/www.ccta.ufpb.br\/ppgm\/wp-json\/wp\/v2\/comments?post=36"}],"version-history":[{"count":3,"href":"https:\/\/www.ccta.ufpb.br\/ppgm\/wp-json\/wp\/v2\/pages\/36\/revisions"}],"predecessor-version":[{"id":93,"href":"https:\/\/www.ccta.ufpb.br\/ppgm\/wp-json\/wp\/v2\/pages\/36\/revisions\/93"}],"wp:attachment":[{"href":"https:\/\/www.ccta.ufpb.br\/ppgm\/wp-json\/wp\/v2\/media?parent=36"}],"curies":[{"name":"wp","href":"https:\/\/api.w.org\/{rel}","templated":true}]}}