{"id":38,"date":"2026-02-15T09:18:15","date_gmt":"2026-02-15T12:18:15","guid":{"rendered":"https:\/\/www.ccta.ufpb.br\/ppgm\/?page_id=38"},"modified":"2026-03-30T08:15:22","modified_gmt":"2026-03-30T11:15:22","slug":"calendarios-academicos","status":"publish","type":"page","link":"https:\/\/www.ccta.ufpb.br\/ppgm\/calendarios-academicos\/","title":{"rendered":"Calend\u00e1rios acad\u00eamicos"},"content":{"rendered":"\n<details class=\"wp-block-details is-layout-flow wp-block-details-is-layout-flow\"><summary><strong>Calend\u00e1rio acad\u00eamico PPGM 2026.1<\/strong><\/summary>\n<p><\/p>\n\n\n\n<figure class=\"wp-block-table is-style-stripes\"><table class=\"has-fixed-layout\"><tbody><tr><td><strong>Atividade<\/strong><\/td><td class=\"has-text-align-center\" data-align=\"center\"><strong>Datas<\/strong><\/td><\/tr><tr><td>Matr\u00edcula on-line<\/td><td class=\"has-text-align-center\" data-align=\"center\">02 a 06\/03\/2026<\/td><\/tr><tr><td>Rematr\u00edculas<\/td><td class=\"has-text-align-center\" data-align=\"center\">09 a 13\/03\/2026<\/td><\/tr><tr><td>In\u00edcio das Aulas<\/td><td class=\"has-text-align-center\" data-align=\"center\">16\/03\/2026<\/td><\/tr><tr><td>Per\u00edodo de trancamento<\/td><td class=\"has-text-align-center\" data-align=\"center\">13 a 24\/04\/2026<\/td><\/tr><tr><td>Mestrado (ingressantes em 2025.2) &#8211; Prazo m\u00e1ximo para o envio do projeto de pesquisa ao colegiado<\/td><td class=\"has-text-align-center\" data-align=\"center\">16\/05\/2026<\/td><\/tr><tr><td>Mestrado (ingressantes em 2024.2) &#8211; Prazo m\u00e1ximo para realizar exame de qualifica\u00e7\u00e3o<\/td><td class=\"has-text-align-center\" data-align=\"center\">16\/05\/2026<\/td><\/tr><tr><td>Doutorado (ingressantes em 2023.2) &#8211; Prazo m\u00e1ximo para realizar exame de qualifica\u00e7\u00e3o<\/td><td class=\"has-text-align-center\" data-align=\"center\">16\/05\/2026<\/td><\/tr><tr><td>Col\u00f3quio de Pesquisa do PPGM<\/td><td class=\"has-text-align-center\" data-align=\"center\">08 a 12\/06\/2026<\/td><\/tr><tr><td>Finaliza\u00e7\u00e3o das aulas<\/td><td class=\"has-text-align-center\" data-align=\"center\">03\/07\/2026<\/td><\/tr><tr><td>Consolida\u00e7\u00e3o das Turmas<\/td><td class=\"has-text-align-center\" data-align=\"center\">06 a 17\/07\/2026<\/td><\/tr><\/tbody><\/table><\/figure>\n\n\n\n<p><\/p>\n<\/details>\n\n\n\n<p><\/p>\n\n\n\n<p><\/p>\n\n\n\n<details class=\"wp-block-details is-layout-flow wp-block-details-is-layout-flow\"><summary><strong>Calend\u00e1rio acad\u00eamico PPGM 2026.2<\/strong><\/summary>\n<figure class=\"wp-block-table is-style-stripes\"><table class=\"has-fixed-layout\"><tbody><tr><td><strong>Atividade<\/strong><\/td><td class=\"has-text-align-center\" data-align=\"center\"><strong>Datas<\/strong><\/td><\/tr><tr><td>Matr\u00edcula on-line<\/td><td class=\"has-text-align-center\" data-align=\"center\">20 a 24\/07\/2026<\/td><\/tr><tr><td>Rematr\u00edculas<\/td><td class=\"has-text-align-center\" data-align=\"center\">27 a 31\/07\/2026<\/td><\/tr><tr><td>Festival Internacional de M\u00fasica de C\u00e2mara<\/td><td class=\"has-text-align-center\" data-align=\"center\">07 a 15\/08\/2026<\/td><\/tr><tr><td>Semana Pedag\u00f3gica do PPGM<\/td><td class=\"has-text-align-center\" data-align=\"center\">10 a 14\/08<\/td><\/tr><tr><td>F\u00e9rias trabalhistas dos professores<\/td><td class=\"has-text-align-center\" data-align=\"center\">18 a 27\/08<\/td><\/tr><tr><td>In\u00edcio das Aulas<\/td><td class=\"has-text-align-center\" data-align=\"center\">31\/08\/2026<\/td><\/tr><tr><td>Per\u00edodo de trancamento<\/td><td class=\"has-text-align-center\" data-align=\"center\">14 a 18\/09\/2026<\/td><\/tr><tr><td>Doutorado (ingressantes em 2025.2) &#8211; Prazo m\u00e1ximo para o envio do projeto de pesquisa ao colegiado<\/td><td class=\"has-text-align-center\" data-align=\"center\">10\/10\/2026<\/td><\/tr><tr><td>Semin\u00e1rio de autoavalia\u00e7\u00e3o<\/td><td class=\"has-text-align-center\" data-align=\"center\">09 a 13\/11\/2026<\/td><\/tr><tr><td>Finaliza\u00e7\u00e3o das aulas<\/td><td class=\"has-text-align-center\" data-align=\"center\">11\/12\/2026<\/td><\/tr><tr><td>Consolida\u00e7\u00e3o das Turmas<\/td><td class=\"has-text-align-center\" data-align=\"center\">07 a 18\/12\/2026<\/td><\/tr><\/tbody><\/table><\/figure>\n\n\n\n<p><\/p>\n<\/details>\n","protected":false},"excerpt":{"rendered":"","protected":false},"author":47,"featured_media":0,"parent":0,"menu_order":0,"comment_status":"closed","ping_status":"closed","template":"","meta":{"footnotes":""},"class_list":["post-38","page","type-page","status-publish","hentry"],"_links":{"self":[{"href":"https:\/\/www.ccta.ufpb.br\/ppgm\/wp-json\/wp\/v2\/pages\/38","targetHints":{"allow":["GET"]}}],"collection":[{"href":"https:\/\/www.ccta.ufpb.br\/ppgm\/wp-json\/wp\/v2\/pages"}],"about":[{"href":"https:\/\/www.ccta.ufpb.br\/ppgm\/wp-json\/wp\/v2\/types\/page"}],"author":[{"embeddable":true,"href":"https:\/\/www.ccta.ufpb.br\/ppgm\/wp-json\/wp\/v2\/users\/47"}],"replies":[{"embeddable":true,"href":"https:\/\/www.ccta.ufpb.br\/ppgm\/wp-json\/wp\/v2\/comments?post=38"}],"version-history":[{"count":7,"href":"https:\/\/www.ccta.ufpb.br\/ppgm\/wp-json\/wp\/v2\/pages\/38\/revisions"}],"predecessor-version":[{"id":200,"href":"https:\/\/www.ccta.ufpb.br\/ppgm\/wp-json\/wp\/v2\/pages\/38\/revisions\/200"}],"wp:attachment":[{"href":"https:\/\/www.ccta.ufpb.br\/ppgm\/wp-json\/wp\/v2\/media?parent=38"}],"curies":[{"name":"wp","href":"https:\/\/api.w.org\/{rel}","templated":true}]}}