{"id":44,"date":"2026-02-15T09:18:41","date_gmt":"2026-02-15T12:18:41","guid":{"rendered":"https:\/\/www.ccta.ufpb.br\/ppgm\/?page_id=44"},"modified":"2026-02-16T10:46:31","modified_gmt":"2026-02-16T13:46:31","slug":"teses-e-dissertacoes","status":"publish","type":"page","link":"https:\/\/www.ccta.ufpb.br\/ppgm\/teses-e-dissertacoes\/","title":{"rendered":"Teses e Disserta\u00e7\u00f5es"},"content":{"rendered":"\n<p><strong>Disserta\u00e7\u00f5es de Mestrado<\/strong><\/p>\n\n\n\n<p>DIMENS\u00d5ES TE\u00d3RICAS E PR\u00c1TICAS DA INTERPRETA\u00c7\u00c3O MUSICAL:<\/p>\n\n\n\n<p><a href=\"http:\/\/plone.ufpb.br\/ppgm\/contents\/documentos\/dissertacoes\/THIAGOLIMADEALMEIDA.pdf\">ALMEIDA, THIAGO L. de &#8211; Um olhar cr\u00edtico para afina\u00e7\u00e3o vienense atrav\u00e9s do contrabaixo moderno (30\/08\/2017)<\/a><\/p>\n\n\n\n<p><a href=\"http:\/\/plone.ufpb.br\/ppgm\/contents\/documentos\/dissertacoes\/LEAHE.DUTTONM2017.pdf\">DUTTON,&nbsp;LEAH E. &#8211; Os Sete Ricercari de Domenico Gabrielli e suas aplica\u00e7\u00f5es no ensino de violoncelo (28\/08\/2017)<\/a><\/p>\n\n\n\n<p><a href=\"http:\/\/plone.ufpb.br\/ppgm\/contents\/documentos\/dissertacoes\/ANDRELUIZRECHEDELIMA.pdf\">LIMA, ANDR\u00c9 L. R. de &#8211; Memoriza\u00e7\u00e3o Deliberada e Dessensibiliza\u00e7\u00e3o Sistem\u00e1tica como Estrat\u00e9gias Auxiliares de Controle da Ansiedade na Performance da Terceira Su\u00edte Brasileira de Oscar Lorenzo Fern\u00e1ndez (30\/08\/2017)<\/a><\/p>\n\n\n\n<p><a href=\"http:\/\/plone.ufpb.br\/ppgm\/contents\/documentos\/dissertacoes\/AMANDAMMASSAM2017.pdf\">MASSA, Amanda M. &#8211; Uma an\u00e1lise cr\u00edtica dos m\u00e9todos Suzuki e Sassmannshaus para o ensino do violoncelo: caracter\u00edsticas e possibilidades<\/a><a href=\"http:\/\/plone.ufpb.br\/ppgm\/contents\/documentos\/dissertacoes\/AMANDAMMASSAM2017.pdf\">&nbsp;<\/a><a href=\"http:\/\/plone.ufpb.br\/ppgm\/contents\/documentos\/dissertacoes\/AMANDAMMASSAM2017.pdf\">(22\/06\/2017)<\/a><\/p>\n\n\n\n<p><a href=\"http:\/\/plone.ufpb.br\/ppgm\/contents\/documentos\/o_teclado_contnuo_do_violoncelo.pdf\">MENUCCI, Andrea Bocchi. O Teclado Cont\u00ednuo do Violoncelo: Uma Abordagem para a inicia\u00e7\u00e3o ao Instrumento (03\/05\/2013)<\/a><\/p>\n\n\n\n<p>M\u00daSICA, CULTURA E PERFORMANCE:<\/p>\n\n\n\n<p><a href=\"http:\/\/plone.ufpb.br\/ppgm\/contents\/documentos\/dissertacoes\/ESDRASSFERREIRAM2017.pdf\">FERREIRA, Esdras S. &#8211; Cantata para Alagamar: do conflito \u00e0 produ\u00e7\u00e3o musical<\/a><a href=\"http:\/\/plone.ufpb.br\/ppgm\/contents\/documentos\/dissertacoes\/ESDRASSFERREIRAM2017.pdf\">&nbsp;(01\/06\/2017)<\/a><\/p>\n\n\n\n<p><a href=\"http:\/\/plone.ufpb.br\/ppgm\/contents\/documentos\/dissertacoes\/FELIPEMENDONCAHAUERS.pdf\">HAUERS,&nbsp;FELIPE M. &#8211; MPB e Voz Popular dos anos 1980: hibridismos no \u00e1lbum Luz (1982) de Djavan (31\/08\/2017)<\/a><\/p>\n\n\n\n<p><a href=\"http:\/\/plone.ufpb.br\/ppgm\/contents\/documentos\/dissertacoes\/MARILIAPAULADOSSANTOS.pdf\">SANTOS,&nbsp;MARILIA P. dos &#8211; Ecos armoriais: influ\u00eancias e repercuss\u00e3o da m\u00fasica armorial em Pernambuco (26\/10\/2017)<\/a><\/p>\n\n\n\n<p><a href=\"http:\/\/plone.ufpb.br\/ppgm\/contents\/documentos\/dissertacoes\/PHILIPEMSSILVAM2017.pdf\">SILVA,&nbsp;Philipe&nbsp;M. S.&nbsp;&#8211; Ser forrozeiro em Caruaru: pr\u00e1tica musical, mudan\u00e7a e&nbsp;continuidade na \u201cCapital do Forr\u00f3\u201d(27\/10\/2017).<\/a><\/p>\n\n\n\n<p><a href=\"http:\/\/plone.ufpb.br\/ppgm\/contents\/documentos\/dissertacoes\/jose-andrade-de-melo-junior.pdf\">MELO JUNIOR, JOS\u00c9 ANDRADE DE.&nbsp;Rush Cover (PB): tecnologia MIDI e performance.<\/a><\/p>\n\n\n\n<p>PROCESSOS E PR\u00c1TICAS COMPOSICIONAIS:<\/p>\n\n\n\n<p><a href=\"http:\/\/plone.ufpb.br\/ppgm\/contents\/documentos\/dissertacoes\/RAFAELDPAULINOM2017.pdf\">PAULINO, Rafael D. &#8211; Do plunderphonics ao noise: Narrativas do ru\u00eddo e da colagem a partir do bin\u00f4mio forma e conte\u00fado&nbsp;<\/a><a href=\"http:\/\/plone.ufpb.br\/ppgm\/contents\/documentos\/dissertacoes\/RAFAELDPAULINOM2017.pdf\">(25\/07\/2017)<\/a><\/p>\n\n\n\n<p>HIST\u00d3RIA, EST\u00c9TICA E FENOMENOLOGIA DA M\u00daSICA:<\/p>\n\n\n\n<p><a href=\"http:\/\/plone.ufpb.br\/ppgm\/contents\/documentos\/dissertacoes\/agata-christie-dissertacao_comprimido-1.pdf\">SILVA, AGATA CHRISTIE RODRIGUES LIMA DA. Aspectos est\u00e9ticos e estil\u00edsticos das Sonatas de Glauco&nbsp;Vel\u00e1squez<\/a><\/p>\n\n\n\n<p><a href=\"http:\/\/plone.ufpb.br\/ppgm\/contents\/documentos\/dissertacoes\/dissertacao-livia-braga.pdf\">BRAGA, LIVIA.&nbsp;M\u00daSICA E ESTUDOS PARA A PAZ: UMA RELA\u00c7\u00c3O HARM\u00d4NICA PARA CONSTRU\u00c7\u00c3O DE PAZ EM \u00c1REAS DE CONFLITO<\/a><\/p>\n\n\n\n<p>PROCESSOS E PR\u00c1TICAS EDUCATIVO-MUSICIAIS:<\/p>\n\n\n\n<p><a href=\"http:\/\/plone.ufpb.br\/ppgm\/contents\/documentos\/dissertacoes\/ANDREVASCONCELOSDEARRUDA.pdf\">ARRUDA,&nbsp;ANDRE V. de &#8211; Ind\u00edgenas na Escola: processos de aprendizagens musicais em uma escola de ensino m\u00e9dio em Paudalho-PE (28\/09\/2017)<\/a><\/p>\n\n\n\n<p><a href=\"http:\/\/plone.ufpb.br\/ppgm\/contents\/documentos\/dissertacoes\/OZANIMALHEIROSM2017.pdf\">MALHEIRO&nbsp;OZANI P. de O.&nbsp;&#8211; Musicografia Braille: Estrat\u00e9gias e recursos para a forma\u00e7\u00e3o musical da pessoa normovisual, cega e\/ou com defici\u00eancia visual<\/a><\/p>\n\n\n\n<p><a href=\"http:\/\/plone.ufpb.br\/ppgm\/contents\/documentos\/dissertacoes\/CLEDINALDOA.P.JUNIORM2017.pdf\">PINHEIRO JUNIOR,&nbsp;CLEDINALDO A. Educa\u00e7\u00e3o Corporal na forma\u00e7\u00e3o do Violonista: perspectivas de professores do instrumento (23\/08\/2017)<\/a><\/p>\n\n\n\n<p><a href=\"http:\/\/plone.ufpb.br\/ppgm\/contents\/documentos\/dissertacoes\/ROBSONRODRIGUESRIBEIRO.pdf\">RIBEIRO,&nbsp;ROBSON R. &#8211; Educa\u00e7\u00e3o Musical no Ensino M\u00e9dio Integrado: um estudo multicaso sobre concep\u00e7\u00f5es e praticas curriculares com tr\u00eas professores de um Instituto Federal de Educa\u00e7\u00e3o, Ci\u00eancia e Tecnologia (11\/12\/2017)<\/a><\/p>\n\n\n\n<p><a href=\"http:\/\/plone.ufpb.br\/ppgm\/contents\/documentos\/dissertacoes\/LEONNARDOLIMONGIDESOUZA.pdf\">SOUZA,&nbsp;LEONNARDO L. de M\u00daSICA E DEFICI\u00caNCIA: processos de ensino e aprendizagem em um espa\u00e7o n\u00e3o formal de educa\u00e7\u00e3o musical&nbsp; (15\/12\/2017)<\/a><\/p>\n\n\n\n<p><a href=\"http:\/\/plone.ufpb.br\/ppgm\/contents\/documentos\/dissertacoes\/dissertacao-sergio-aires-final.pdf\">AIRES FILHO, SERGIO ALEXANDRE DE ALMEIDA.&nbsp;Educa\u00e7\u00e3o musical e autismo : um estudo sobre o desenvolvimento de&nbsp;crian\u00e7as autistas na musicaliza\u00e7\u00e3o infantil<\/a><\/p>\n\n\n\n<p><a href=\"http:\/\/plone.ufpb.br\/ppgm\/contents\/documentos\/dissertacoes\/dissertacao-jonathan-de-oliveira-finalizada.pdf\">OLIVEIRA, JONATHAN DE.&nbsp;REPRESENTA\u00c7\u00d5ES SOCIAIS DE PROFESSORES DA REDE MUNICIPAL DE JO\u00c3O&nbsp;PESSOA SOBRE M\u00daSICA E SOBRE A DOC\u00caNCIA NA EDUCA\u00c7\u00c3O B\u00c1SICA.<\/a><\/p>\n\n\n\n<p><a href=\"http:\/\/plone.ufpb.br\/ppgm\/contents\/documentos\/dissertacoes\/dissertacao-roger-cristiano-lourenco-da-silva.pdf\">SILVA, ROGER CRISTIANO LOUREN\u00c7O DA.&nbsp;O ENSINO DE SAXOFONE NA ERA DIGITAL: UM&nbsp;ESTUDO SOBRE PROFESSORES\/PRODUTORES DO&nbsp;YOUTUBE.<\/a><\/p>\n\n\n\n<p><a href=\"http:\/\/plone.ufpb.br\/ppgm\/contents\/documentos\/dissertacoes\/dissertacao-italo-versao-final-com-ficha-catalografica.pdf\">MELO, ITALO ARTUR VIANA DE.PR\u00c1TICAS E CONCEP\u00c7\u00d5ES DE ENSINO E APRENDIZAGEM DO CONTRABAIXO EL\u00c9TRICO NO CURSO DE LICENCIATURA EM M\u00daSICA DA UFPB.<\/a><\/p>\n\n\n\n<p><a href=\"http:\/\/plone.ufpb.br\/ppgm\/contents\/documentos\/dissertacoes\/a-aprendizagem-da-tuba-e-eufonio-na-extensao-universitaria-da.pdf\">CAVALCANTI, IRIS ANGELA VIEIRA DO NASCIMENTO.&nbsp;A aprendizagem da tuba e euf\u00f4nio na extens\u00e3o universit\u00e1ria da&nbsp;UFPB.<\/a><\/p>\n\n\n\n<p><a href=\"http:\/\/plone.ufpb.br\/ppgm\/contents\/documentos\/dissertacoes\/rodrigo_lisboa_dissertacao_versao_final.pdf\">SILVA, RODRIGO LISBOA DA.&nbsp;MEM\u00d3RIAS DA BANDA: PERCURSOS DE FORMA\u00c7\u00c3O DE EX-INTEGRANTES.<\/a><\/p>\n\n\n\n<p><strong>Teses de Doutorado<\/strong><\/p>\n\n\n\n<p>DIMENS\u00d5ES TE\u00d3RICAS E PR\u00c1TICAS DA INTERPRETA\u00c7\u00c3O MUSICAL:<\/p>\n\n\n\n<p><a href=\"http:\/\/plone.ufpb.br\/ppgm\/contents\/documentos\/teses\/TICIANOBIANCOLINOD2017.pdf\">BIANCOLINO, Ticiano &#8211; O piano cantor: a evoca\u00e7\u00e3o da vocalidade na origem do instrumento e no repert\u00f3rio para teclas do s\u00e9culo XVIII&nbsp;<\/a><a href=\"http:\/\/plone.ufpb.br\/ppgm\/contents\/documentos\/teses\/TICIANOBIANCOLINOD2017.pdf\">(21\/07\/2017)<\/a><\/p>\n\n\n\n<p><a href=\"http:\/\/plone.ufpb.br\/ppgm\/contents\/documentos\/teses\/tese-pedro-bielschowsky-2019-min-1.pdf\">BIELSCHOWSKY, Pedro Henrique Carvalho. O sil\u00eancio na m\u00fasica : uma investiga\u00e7\u00e3o formal e de performance em obras para violoncelo e piano dos per\u00edodos Cl\u00e1ssico e Rom\u00e2ntico<\/a><a href=\"http:\/\/plone.ufpb.br\/ppgm\/contents\/documentos\/teses\/TICIANOBIANCOLINOD2017.pdf\"><\/a><\/p>\n\n\n\n<p>HIST\u00d3RIA, EST\u00c9TICA E FENOMENOLOGIA DA M\u00daSICA:<\/p>\n\n\n\n<p><a href=\"http:\/\/plone.ufpb.br\/ppgm\/contents\/documentos\/teses\/THIAGOC.CARVALHOD2017.pdf\">CARVALHO, THIAGO C. &#8211; Por um modelo morfol\u00f3gico aplicado \u00e0 an\u00e1lise musical: investigando processos criativos na Sinfonia em Quadrinhos de Hermeto Pascoal&nbsp;<\/a><a href=\"http:\/\/plone.ufpb.br\/ppgm\/contents\/documentos\/teses\/THIAGOC.CARVALHOD2017.pdf\">(28\/07\/2017)<\/a><\/p>\n\n\n\n<p>M\u00daSICA, CULTURA E PERFORMANCE:<\/p>\n\n\n\n<p><a href=\"http:\/\/plone.ufpb.br\/ppgm\/contents\/documentos\/teses\/RAIANAA.M.L.CARMOD2015.pdf\">CARMO,&nbsp;Raiana A. M. L. &#8211;&nbsp; Pol\u00edticas culturais para as culturas populares em Janu\u00e1ria-MG: inter-rela\u00e7\u00f5es com as pr\u00e1ticas musicais na contemporaneidade (28\/08\/2015)<\/a><\/p>\n\n\n\n<p><a href=\"http:\/\/plone.ufpb.br\/ppgm\/contents\/documentos\/teses\/FABIOHRIBEIROD2017.pdf\">RIBEIRO, F\u00e1bio H. &#8211; Performance musical na cultura popular contempor\u00e2nea de Jo\u00e3o Pessoa\/PB&nbsp;<\/a><a href=\"http:\/\/plone.ufpb.br\/ppgm\/contents\/documentos\/teses\/FABIOHRIBEIROD2017.pdf\">(28\/06\/2017)<\/a><a href=\"http:\/\/plone.ufpb.br\/ppgm\/contents\/documentos\/teses\/FABIOHRIBEIROD2017.pdf\"><\/a><\/p>\n\n\n\n<p>PROCESSOS E PR\u00c1TICAS EDUCATIVO-MUSICIAIS:<\/p>\n\n\n\n<p><a href=\"http:\/\/plone.ufpb.br\/ppgm\/contents\/documentos\/teses\/SANDRAK.M.C.AQUINOD2017pdf.pdf\">AQUINO Sandra K. M. CABRAL &#8211; Os sentidos da performance e da doc\u00eancia a luz da Logoteoria: um estudo com professores de instrumento em duas universidades do Nordeste (07\/12\/2017)<\/a><\/p>\n\n\n\n<p><a href=\"http:\/\/plone.ufpb.br\/ppgm\/contents\/documentos\/teses\/ITALANC.BEZERRAD2017.pdf\">BEZERRA,&nbsp;Italan C. &#8211;&nbsp; Curso T\u00e9cnico Integrado ao Ensino M\u00e9dio em Instrumento Musical do IFPB: reflex\u00f5es a partir dos perfis discente e institucional&nbsp;<\/a><a href=\"http:\/\/plone.ufpb.br\/ppgm\/contents\/documentos\/teses\/ITALANC.BEZERRAD2017.pdf\">(02\/08\/2017)<\/a><\/p>\n\n\n\n<p><a href=\"http:\/\/plone.ufpb.br\/ppgm\/contents\/documentos\/teses\/YURIC.I.COSTAD2017.pdf\">COSTA,&nbsp;Yuri C. I. &#8211; A educa\u00e7\u00e3o musical \u00e0 luz da ontologia do ser social&nbsp;<\/a><a href=\"http:\/\/plone.ufpb.br\/ppgm\/contents\/documentos\/teses\/YURIC.I.COSTAD2017.pdf\">(26\/07\/2017)<\/a><\/p>\n\n\n\n<p><a href=\"http:\/\/plone.ufpb.br\/ppgm\/contents\/documentos\/teses\/RADEGUNDISA.T.FEITOSAD2016.pdf\">FEITOSA, Radegundis A. T. &#8211; M\u00fasica Brasileira Popular no Ensino da Trompa: perspectivas e possibilidades formativas (10\/06\/2016)<\/a><\/p>\n","protected":false},"excerpt":{"rendered":"<p>Disserta\u00e7\u00f5es de Mestrado DIMENS\u00d5ES TE\u00d3RICAS E PR\u00c1TICAS DA INTERPRETA\u00c7\u00c3O MUSICAL: ALMEIDA, THIAGO L. de &#8211; [&hellip;]<\/p>\n","protected":false},"author":47,"featured_media":0,"parent":0,"menu_order":0,"comment_status":"closed","ping_status":"closed","template":"","meta":{"footnotes":""},"class_list":["post-44","page","type-page","status-publish","hentry"],"_links":{"self":[{"href":"https:\/\/www.ccta.ufpb.br\/ppgm\/wp-json\/wp\/v2\/pages\/44","targetHints":{"allow":["GET"]}}],"collection":[{"href":"https:\/\/www.ccta.ufpb.br\/ppgm\/wp-json\/wp\/v2\/pages"}],"about":[{"href":"https:\/\/www.ccta.ufpb.br\/ppgm\/wp-json\/wp\/v2\/types\/page"}],"author":[{"embeddable":true,"href":"https:\/\/www.ccta.ufpb.br\/ppgm\/wp-json\/wp\/v2\/users\/47"}],"replies":[{"embeddable":true,"href":"https:\/\/www.ccta.ufpb.br\/ppgm\/wp-json\/wp\/v2\/comments?post=44"}],"version-history":[{"count":2,"href":"https:\/\/www.ccta.ufpb.br\/ppgm\/wp-json\/wp\/v2\/pages\/44\/revisions"}],"predecessor-version":[{"id":94,"href":"https:\/\/www.ccta.ufpb.br\/ppgm\/wp-json\/wp\/v2\/pages\/44\/revisions\/94"}],"wp:attachment":[{"href":"https:\/\/www.ccta.ufpb.br\/ppgm\/wp-json\/wp\/v2\/media?parent=44"}],"curies":[{"name":"wp","href":"https:\/\/api.w.org\/{rel}","templated":true}]}}