{"id":46,"date":"2026-02-15T09:18:50","date_gmt":"2026-02-15T12:18:50","guid":{"rendered":"https:\/\/www.ccta.ufpb.br\/ppgm\/?page_id=46"},"modified":"2026-03-30T08:22:18","modified_gmt":"2026-03-30T11:22:18","slug":"revista-claves","status":"publish","type":"page","link":"https:\/\/www.ccta.ufpb.br\/ppgm\/revista-claves\/","title":{"rendered":"Revista Claves"},"content":{"rendered":"\n<p>A Claves \u00e9 uma revista cient\u00edfica Qualis A3 (2021\u20132024), vinculada ao Programa de P\u00f3s-Gradua\u00e7\u00e3o em M\u00fasica da Universidade Federal da Para\u00edba (PPGM-UFPB). Com publica\u00e7\u00e3o de ao menos uma edi\u00e7\u00e3o anual, dedica-se \u00e0 difus\u00e3o acad\u00eamico-cient\u00edfica nas principais sub\u00e1reas da pesquisa em m\u00fasica \u2014 Composi\u00e7\u00e3o, Educa\u00e7\u00e3o Musical, Est\u00e9tica, Musicologias e Pr\u00e1ticas Interpretativas. Publica artigos, resenhas e relatos de pesquisa in\u00e9ditos em portugu\u00eas, ingl\u00eas e espanhol, promovendo o di\u00e1logo com programas e grupos de pesquisa no Brasil e no exterior e fortalecendo o di\u00e1logo entre a p\u00f3s-gradua\u00e7\u00e3o brasileira e o cen\u00e1rio internacional.<\/p>\n\n\n\n<p><a href=\"https:\/\/periodicos.ufpb.br\/index.php\/claves\">Acesse aqui o site da Revista.<\/a><\/p>\n\n\n\n<p><\/p>\n","protected":false},"excerpt":{"rendered":"<p>A Claves \u00e9 uma revista cient\u00edfica Qualis A3 (2021\u20132024), vinculada ao Programa de P\u00f3s-Gradua\u00e7\u00e3o em [&hellip;]<\/p>\n","protected":false},"author":47,"featured_media":0,"parent":0,"menu_order":0,"comment_status":"closed","ping_status":"closed","template":"","meta":{"footnotes":""},"class_list":["post-46","page","type-page","status-publish","hentry"],"_links":{"self":[{"href":"https:\/\/www.ccta.ufpb.br\/ppgm\/wp-json\/wp\/v2\/pages\/46","targetHints":{"allow":["GET"]}}],"collection":[{"href":"https:\/\/www.ccta.ufpb.br\/ppgm\/wp-json\/wp\/v2\/pages"}],"about":[{"href":"https:\/\/www.ccta.ufpb.br\/ppgm\/wp-json\/wp\/v2\/types\/page"}],"author":[{"embeddable":true,"href":"https:\/\/www.ccta.ufpb.br\/ppgm\/wp-json\/wp\/v2\/users\/47"}],"replies":[{"embeddable":true,"href":"https:\/\/www.ccta.ufpb.br\/ppgm\/wp-json\/wp\/v2\/comments?post=46"}],"version-history":[{"count":2,"href":"https:\/\/www.ccta.ufpb.br\/ppgm\/wp-json\/wp\/v2\/pages\/46\/revisions"}],"predecessor-version":[{"id":201,"href":"https:\/\/www.ccta.ufpb.br\/ppgm\/wp-json\/wp\/v2\/pages\/46\/revisions\/201"}],"wp:attachment":[{"href":"https:\/\/www.ccta.ufpb.br\/ppgm\/wp-json\/wp\/v2\/media?parent=46"}],"curies":[{"name":"wp","href":"https:\/\/api.w.org\/{rel}","templated":true}]}}